{"id":26620,"date":"2024-09-11T12:03:45","date_gmt":"2024-09-11T10:03:45","guid":{"rendered":"https:\/\/online.kekesreka.com\/?page_id=26620"},"modified":"2024-09-11T12:19:39","modified_gmt":"2024-09-11T10:19:39","slug":"szunet","status":"publish","type":"page","link":"https:\/\/online.kekesreka.com\/en\/szunet\/","title":{"rendered":"Sz\u00fcnet"},"content":{"rendered":"<div data-elementor-type=\"wp-page\" data-elementor-id=\"26620\" class=\"elementor elementor-26620\" data-elementor-post-type=\"page\">\n\t\t\t\t<div data-dce-background-image-url=\"https:\/\/online.kekesreka.com\/wp-content\/uploads\/2024\/03\/ALAP-6.webp\" class=\"elementor-element elementor-element-856bc70 e-flex e-con-boxed e-con e-parent\" data-id=\"856bc70\" data-element_type=\"container\" data-e-type=\"container\" data-settings=\"{&quot;background_background&quot;:&quot;classic&quot;}\">\n\t\t\t\t\t<div class=\"e-con-inner\">\n\t\t\t\t<div class=\"elementor-element elementor-element-5c2221c elementor-widget elementor-widget-heading\" data-id=\"5c2221c\" data-element_type=\"widget\" data-e-type=\"widget\" data-widget_type=\"heading.default\">\n\t\t\t\t<div class=\"elementor-widget-container\">\n\t\t\t\t\t<h2 class=\"elementor-heading-title elementor-size-default\">A webshop \u00e1tmenetileg z\u00e1rva, k\u00e9rlek gyere vissza k\u00e9s\u0151bb!<\/h2>\t\t\t\t<\/div>\n\t\t\t\t<\/div>\n\t\t\t\t<div data-dce-background-color=\"#02010100\" class=\"elementor-element elementor-element-12d294e elementor-align-center elementor-widget elementor-widget-button\" data-id=\"12d294e\" data-element_type=\"widget\" data-e-type=\"widget\" data-widget_type=\"button.default\">\n\t\t\t\t<div class=\"elementor-widget-container\">\n\t\t\t\t\t\t\t\t\t<div class=\"elementor-button-wrapper\">\n\t\t\t\t\t<a class=\"elementor-button elementor-button-link elementor-size-sm\" href=\"http:\/\/kekesreka.com\">\n\t\t\t\t\t\t<span class=\"elementor-button-content-wrapper\">\n\t\t\t\t\t\t\t\t\t<span class=\"elementor-button-text\">Vissza<\/span>\n\t\t\t\t\t<\/span>\n\t\t\t\t\t<\/a>\n\t\t\t\t<\/div>\n\t\t\t\t\t\t\t\t<\/div>\n\t\t\t\t<\/div>\n\t\t\t\t\t<\/div>\n\t\t\t\t<\/div>\n\t\t\t\t<\/div>","protected":false},"excerpt":{"rendered":"<p>A webshop \u00e1tmenetileg z\u00e1rva, k\u00e9rlek gyere vissza k\u00e9s\u0151bb! Vissza<\/p>","protected":false},"author":641,"featured_media":0,"parent":0,"menu_order":0,"comment_status":"closed","ping_status":"closed","template":"elementor_header_footer","meta":{"_acf_changed":false,"footnotes":""},"class_list":["post-26620","page","type-page","status-publish","hentry"],"acf":[],"_links":{"self":[{"href":"https:\/\/online.kekesreka.com\/en\/wp-json\/wp\/v2\/pages\/26620","targetHints":{"allow":["GET"]}}],"collection":[{"href":"https:\/\/online.kekesreka.com\/en\/wp-json\/wp\/v2\/pages"}],"about":[{"href":"https:\/\/online.kekesreka.com\/en\/wp-json\/wp\/v2\/types\/page"}],"author":[{"embeddable":true,"href":"https:\/\/online.kekesreka.com\/en\/wp-json\/wp\/v2\/users\/641"}],"replies":[{"embeddable":true,"href":"https:\/\/online.kekesreka.com\/en\/wp-json\/wp\/v2\/comments?post=26620"}],"version-history":[{"count":13,"href":"https:\/\/online.kekesreka.com\/en\/wp-json\/wp\/v2\/pages\/26620\/revisions"}],"predecessor-version":[{"id":26634,"href":"https:\/\/online.kekesreka.com\/en\/wp-json\/wp\/v2\/pages\/26620\/revisions\/26634"}],"wp:attachment":[{"href":"https:\/\/online.kekesreka.com\/en\/wp-json\/wp\/v2\/media?parent=26620"}],"curies":[{"name":"wp","href":"https:\/\/api.w.org\/{rel}","templated":true}]}}