{"id":11234,"date":"2022-12-08T11:05:26","date_gmt":"2022-12-08T10:05:26","guid":{"rendered":"https:\/\/online.kekesreka.com\/termek\/erotikus-szexualis-masszazs-kezikonyv\/"},"modified":"2023-12-18T08:42:04","modified_gmt":"2023-12-18T07:42:04","slug":"erotic-sexual-massage-manual-2","status":"publish","type":"product","link":"https:\/\/online.kekesreka.com\/en\/termek\/erotikus-szexualis-masszazs-kezikonyv\/","title":{"rendered":"Erotikus-Szexu\u00e1lis Massz\u00e1zs K\u00e9zik\u00f6nyv"},"content":{"rendered":"","protected":false},"excerpt":{"rendered":"","protected":false},"featured_media":19108,"template":"","meta":{"_acf_changed":false},"product_brand":[],"product_cat":[111],"product_tag":[],"class_list":{"0":"post-11234","1":"product","2":"type-product","3":"status-publish","4":"has-post-thumbnail","6":"product_cat-e-workshop","8":"first","9":"outofstock","10":"virtual","11":"sold-individually","12":"taxable","13":"purchasable","14":"product-type-simple"},"acf":[],"_links":{"self":[{"href":"https:\/\/online.kekesreka.com\/en\/wp-json\/wp\/v2\/product\/11234","targetHints":{"allow":["GET"]}}],"collection":[{"href":"https:\/\/online.kekesreka.com\/en\/wp-json\/wp\/v2\/product"}],"about":[{"href":"https:\/\/online.kekesreka.com\/en\/wp-json\/wp\/v2\/types\/product"}],"version-history":[{"count":1,"href":"https:\/\/online.kekesreka.com\/en\/wp-json\/wp\/v2\/product\/11234\/revisions"}],"predecessor-version":[{"id":20957,"href":"https:\/\/online.kekesreka.com\/en\/wp-json\/wp\/v2\/product\/11234\/revisions\/20957"}],"wp:featuredmedia":[{"embeddable":true,"href":"https:\/\/online.kekesreka.com\/en\/wp-json\/wp\/v2\/media\/19108"}],"wp:attachment":[{"href":"https:\/\/online.kekesreka.com\/en\/wp-json\/wp\/v2\/media?parent=11234"}],"wp:term":[{"taxonomy":"product_brand","embeddable":true,"href":"https:\/\/online.kekesreka.com\/en\/wp-json\/wp\/v2\/product_brand?post=11234"},{"taxonomy":"product_cat","embeddable":true,"href":"https:\/\/online.kekesreka.com\/en\/wp-json\/wp\/v2\/product_cat?post=11234"},{"taxonomy":"product_tag","embeddable":true,"href":"https:\/\/online.kekesreka.com\/en\/wp-json\/wp\/v2\/product_tag?post=11234"}],"curies":[{"name":"wp","href":"https:\/\/api.w.org\/{rel}","templated":true}]}}