{"id":11599,"date":"2022-12-13T15:44:50","date_gmt":"2022-12-13T14:44:50","guid":{"rendered":"https:\/\/online.kekesreka.com\/termek\/szexualis-fejlesztes-kezikonyv\/"},"modified":"2026-03-01T06:42:57","modified_gmt":"2026-03-01T05:42:57","slug":"szexualis-fejlesztes-kezikonyv","status":"publish","type":"product","link":"https:\/\/online.kekesreka.com\/en\/termek\/szexualis-fejlesztes-kezikonyv\/","title":{"rendered":"Szomatikus Szexol\u00f3gia K\u00e9zik\u00f6nyv I."},"content":{"rendered":"","protected":false},"excerpt":{"rendered":"","protected":false},"featured_media":11596,"template":"","meta":{"_acf_changed":false},"product_brand":[],"product_cat":[111],"product_tag":[],"class_list":{"0":"post-11599","1":"product","2":"type-product","3":"status-publish","4":"has-post-thumbnail","6":"product_cat-e-workshop","8":"first","9":"outofstock","10":"virtual","11":"sold-individually","12":"taxable","13":"purchasable","14":"product-type-simple"},"acf":[],"_links":{"self":[{"href":"https:\/\/online.kekesreka.com\/en\/wp-json\/wp\/v2\/product\/11599","targetHints":{"allow":["GET"]}}],"collection":[{"href":"https:\/\/online.kekesreka.com\/en\/wp-json\/wp\/v2\/product"}],"about":[{"href":"https:\/\/online.kekesreka.com\/en\/wp-json\/wp\/v2\/types\/product"}],"version-history":[{"count":2,"href":"https:\/\/online.kekesreka.com\/en\/wp-json\/wp\/v2\/product\/11599\/revisions"}],"predecessor-version":[{"id":23215,"href":"https:\/\/online.kekesreka.com\/en\/wp-json\/wp\/v2\/product\/11599\/revisions\/23215"}],"wp:featuredmedia":[{"embeddable":true,"href":"https:\/\/online.kekesreka.com\/en\/wp-json\/wp\/v2\/media\/11596"}],"wp:attachment":[{"href":"https:\/\/online.kekesreka.com\/en\/wp-json\/wp\/v2\/media?parent=11599"}],"wp:term":[{"taxonomy":"product_brand","embeddable":true,"href":"https:\/\/online.kekesreka.com\/en\/wp-json\/wp\/v2\/product_brand?post=11599"},{"taxonomy":"product_cat","embeddable":true,"href":"https:\/\/online.kekesreka.com\/en\/wp-json\/wp\/v2\/product_cat?post=11599"},{"taxonomy":"product_tag","embeddable":true,"href":"https:\/\/online.kekesreka.com\/en\/wp-json\/wp\/v2\/product_tag?post=11599"}],"curies":[{"name":"wp","href":"https:\/\/api.w.org\/{rel}","templated":true}]}}