{"id":12064,"date":"2022-12-21T12:27:11","date_gmt":"2022-12-21T11:27:11","guid":{"rendered":"https:\/\/online.kekesreka.com\/termek\/erotikus-masszazs-ajandekkartya\/"},"modified":"2025-07-05T22:48:48","modified_gmt":"2025-07-05T20:48:48","slug":"erotikus-masszazs-ajandekkartya","status":"publish","type":"product","link":"https:\/\/online.kekesreka.com\/en\/termek\/erotikus-masszazs-ajandekkartya\/","title":{"rendered":"Erotikus Massz\u00e1zs &#8211; Aj\u00e1nd\u00e9kk\u00e1rtya"},"content":{"rendered":"","protected":false},"excerpt":{"rendered":"<h5 class=\"ai-optimize-18\"><strong>Az aj\u00e1nd\u00e9kk\u00e1rtya megv\u00e1s\u00e1rl\u00e1sa el\u0151tt egyeztet\u00e9s sz\u00fcks\u00e9ges. K\u00e9rlek vedd fel velem a kapcsolatot a <a href=\"https:\/\/kekesreka.com\/kapcsolat\/\" target=\"_blank\" rel=\"noopener\">Kapcsolat \u0171rlapon<\/a> kereszt\u00fcl.<\/strong><\/h5>\n<h5 class=\"ai-optimize-19\"><strong>Az aj\u00e1nd\u00e9kk\u00e1rtya felhaszn\u00e1lhat\u00f3 a v\u00e1s\u00e1rl\u00e1st\u00f3l sz\u00e1m\u00edtva 90 napon bel\u00fcl.<\/strong><\/h5>\n<p class=\"ai-optimize-20\">E tudatosan \u00e9s intuit\u00edv m\u00f3don fel\u00e9p\u00edtett erotikus \u00e9rint\u00e9sfolyamat c\u00e9lja els\u0151sorban a gy\u00f6ny\u00f6renergia aktiviz\u00e1l\u00e1sa, \u00e9s annak keringtet\u00e9se, kiterjeszt\u00e9se \u00e9s stabiliz\u00e1l\u00e1sa az eg\u00e9sz fizikai, energetikai \u00e9s \u00e9rzelmi testben. A medenc\u00e9ben megny\u00edlt \u00e9s felhalmozott \u00e9letenergia figyelemmel teli ir\u00e1ny\u00edt\u00e1s\u00e1val \u00e9s mozgat\u00e1s\u00e1val a szexu\u00e1lis energia nem akad el a szexu\u00e1lis gy\u00f6ny\u00f6rk\u00f6zpontban, hanem szabadon \u00e1ramolhat a teljes rendszerben \u2013 t\u00e1pl\u00e1lva a fizikai sejteket, szerveket \u2013 egy erotikusan t\u00f6lt\u00f6tt, szexu\u00e1lisan megny\u00edlt \u00e9s vibr\u00e1l\u00f3 \u00e1llapotot eredm\u00e9nyezve.<\/p>\n<p class=\"ai-optimize-21\">A lass\u00fa \u00e9rint\u00e9sek seg\u00edtik a test \u00e9rz\u00e9keinek kifinomod\u00e1s\u00e1t, \u00e9s az \u00e9rz\u00e9kel\u00e9s kiterjeszt\u00e9s\u00e9nek tudatos elm\u00e9ly\u00edt\u00e9s\u00e9t \u2013 az erotikus test\u00fcnkkel val\u00f3 kapcsolat kialak\u00edt\u00e1sa \u00e9s meg\u00e9rt\u00e9se el\u00e9rhet\u0151v\u00e9 v\u00e1lik sz\u00e1munkra.<\/p>\n<p class=\"ai-optimize-22\">A teljes b\u0151rfel\u00fcleten v\u00e9gzett nagyon lass\u00fa, \u00e9rz\u00e9ki, elny\u00fajtott mozdulatok seg\u00edtik az \u00e9rz\u00e9ki test megnyit\u00e1s\u00e1t, \u00e9s az orgazmikus izgalmi szintek el\u00e9r\u00e9s\u00e9t a szexu\u00e1lis gy\u00f6ny\u00f6rter\u00fcletek stimul\u00e1ci\u00f3ja n\u00e9lk\u00fcl.<\/p>\n<p class=\"ai-optimize-23\">Az erotikus massz\u00e1zs egy teljes testre kiterjed\u0151 meztelen olajos \u00e9rint\u00e9sfolyamat, mely k\u00f6zvetlen\u00fcl nem, de a teljes mozdulatok r\u00e9szek\u00e9nt \u00e9rintheti a szexu\u00e1lis gy\u00f6ny\u00f6rk\u00f6zpontot.<\/p>\n<p class=\"ai-optimize-24\">\u00c9s mindezt megtapasztalhatod egy biztons\u00e1gos, szexpozit\u00edv erotikus t\u00e9rben.<br \/>\nA massz\u00e1zs legink\u00e1bb azoknak aj\u00e1nlott, akik sokszor \u00e9lnek meg szexu\u00e1lis frusztr\u00e1ci\u00f3t, energiat\u00f6bbletet a medencei gy\u00f6ny\u00f6rszerveikben, \u00e9s szeretn\u00e9k megtanulni emelni, szublim\u00e1lni, illetve a szexu\u00e1lis energi\u00e1t kiterjeszteni az eg\u00e9sz test\u00fckben \u2013 valamint azoknak is, akik folyamatos hi\u00e1nyt \u00e9lnek meg az intimit\u00e1suk ter\u00fclet\u00e9n.<\/p>\n<p class=\"ai-optimize-25\">Ha nem vagy szexu\u00e1lisan energiamegtart\u00f3, teh\u00e1t gyakran \u201celm\u00e9sz\u201d, akkor \u00e9rdemes picit pihenni, \u00e9s a folyamatra felt\u00f6lt\u00f6tt \u00e1llapotban j\u00f6nni akkor, ha er\u0151teljesebb hat\u00e1sokat szeretn\u00e9l megtapasztalni.<\/p>\n<p class=\"ai-optimize-26\">A session meztelen\u00fcl, vagy k\u00e9r\u00e9sre kend\u0151ben zajlik, el\u0151re megbesz\u00e9lt, k\u00f6z\u00f6sen meghat\u00e1rozott, biztons\u00e1gos keretek k\u00f6z\u00f6tt.<\/p>\n<p class=\"ai-optimize-27\">Ha egy \u00e9vn\u00e9l hosszabban fenn\u00e1ll\u00f3 szexu\u00e1lis zavarral k\u00fczdesz, nem ez a megfelel\u0151 t\u00e9r \u00e9s eszk\u00f6z sz\u00e1modra \u2013 javasolt egy ter\u00e1pi\u00e1s szakember felkeres\u00e9se.<\/p>\n<h2 class=\"ai-optimize-28\">AZ EROTIKUS MASSZ\u00c1ZS FOLYAMATA<\/h2>\n<p class=\"ai-optimize-29\">\u2013\u00a0r\u00f6vid besz\u00e9lget\u00e9s<br \/>\n\u2013\u00a0sz\u00e1nd\u00e9kmeghat\u00e1roz\u00e1s<br \/>\n\u2013\u00a0teljes jelenl\u00e9tbe val\u00f3 meg\u00e9rkez\u00e9s<br \/>\n\u2013\u00a0folyamatra val\u00f3 r\u00e1hangol\u00f3d\u00e1s<br \/>\n\u2013\u00a0\u00f6sszehangol\u00f3d\u00e1s<br \/>\n\u2013\u00a0\u00e9rz\u00e9k\u00e9breszt\u00e9s<br \/>\n\u2013\u00a0h\u00e1ts\u00f3 r\u00e9sz olajos \u00e9rint\u00e9se k\u00e9zzel, karokkal<br \/>\n\u2013\u00a0h\u00e1ts\u00f3 r\u00e9sz olajos \u00e9rint\u00e9se teljes testtel<br \/>\n\u2013\u00a0mells\u0151 r\u00e9sz \u00e9rint\u00e9se, felk\u00e9sz\u00edt\u00e9se<br \/>\n\u2013\u00a0mells\u0151 r\u00e9sz \u00e9rz\u00e9ki \u00e9rint\u00e9se olajjal<br \/>\n\u2013\u00a0a tapasztal\u00e1sok elm\u00e9ly\u00edt\u00e9se, tudatos\u00edt\u00e1sa<br \/>\n\u2013\u00a0megpihen\u00e9s<br \/>\n\u2013\u00a0a tapasztalatok megoszt\u00e1sa<\/p>\n<p class=\"ai-optimize-30\">Id\u0151tartam: 120 perc<\/p>","protected":false},"featured_media":11229,"template":"","meta":{"_acf_changed":false},"product_brand":[],"product_cat":[109],"product_tag":[],"class_list":{"0":"post-12064","1":"product","2":"type-product","3":"status-publish","4":"has-post-thumbnail","6":"product_cat-ajandekkartya","8":"first","9":"instock","10":"downloadable","11":"virtual","12":"taxable","13":"purchasable","14":"product-type-simple"},"acf":[],"_links":{"self":[{"href":"https:\/\/online.kekesreka.com\/en\/wp-json\/wp\/v2\/product\/12064","targetHints":{"allow":["GET"]}}],"collection":[{"href":"https:\/\/online.kekesreka.com\/en\/wp-json\/wp\/v2\/product"}],"about":[{"href":"https:\/\/online.kekesreka.com\/en\/wp-json\/wp\/v2\/types\/product"}],"version-history":[{"count":2,"href":"https:\/\/online.kekesreka.com\/en\/wp-json\/wp\/v2\/product\/12064\/revisions"}],"predecessor-version":[{"id":27376,"href":"https:\/\/online.kekesreka.com\/en\/wp-json\/wp\/v2\/product\/12064\/revisions\/27376"}],"wp:featuredmedia":[{"embeddable":true,"href":"https:\/\/online.kekesreka.com\/en\/wp-json\/wp\/v2\/media\/11229"}],"wp:attachment":[{"href":"https:\/\/online.kekesreka.com\/en\/wp-json\/wp\/v2\/media?parent=12064"}],"wp:term":[{"taxonomy":"product_brand","embeddable":true,"href":"https:\/\/online.kekesreka.com\/en\/wp-json\/wp\/v2\/product_brand?post=12064"},{"taxonomy":"product_cat","embeddable":true,"href":"https:\/\/online.kekesreka.com\/en\/wp-json\/wp\/v2\/product_cat?post=12064"},{"taxonomy":"product_tag","embeddable":true,"href":"https:\/\/online.kekesreka.com\/en\/wp-json\/wp\/v2\/product_tag?post=12064"}],"curies":[{"name":"wp","href":"https:\/\/api.w.org\/{rel}","templated":true}]}}