{"id":12066,"date":"2022-12-21T12:30:18","date_gmt":"2022-12-21T11:30:18","guid":{"rendered":"https:\/\/online.kekesreka.com\/termek\/erzeki-masszazs-ajandekkartya\/"},"modified":"2025-07-05T22:48:15","modified_gmt":"2025-07-05T20:48:15","slug":"erzeki-masszazs-ajandekkartya","status":"publish","type":"product","link":"https:\/\/online.kekesreka.com\/en\/termek\/erzeki-masszazs-ajandekkartya\/","title":{"rendered":"\u00c9rz\u00e9ki Massz\u00e1zs &#8211; Aj\u00e1nd\u00e9kk\u00e1rtya"},"content":{"rendered":"","protected":false},"excerpt":{"rendered":"<h5 class=\"ai-optimize-18\"><strong>Az aj\u00e1nd\u00e9kk\u00e1rtya megv\u00e1s\u00e1rl\u00e1sa el\u0151tt egyeztet\u00e9s sz\u00fcks\u00e9ges. K\u00e9rlek vedd fel velem a kapcsolatot a <a href=\"https:\/\/kekesreka.com\/kapcsolat\/\" target=\"_blank\" rel=\"noopener\">Kapcsolat \u0171rlapon<\/a> kereszt\u00fcl.<\/strong><\/h5>\n<h5 class=\"ai-optimize-19\"><strong>Az aj\u00e1nd\u00e9kk\u00e1rtya felhaszn\u00e1lhat\u00f3 a v\u00e1s\u00e1rl\u00e1st\u00f3l sz\u00e1m\u00edtva 90 napon bel\u00fcl.<\/strong><\/h5>\n<p class=\"ai-optimize-20\">Ennek az \u00e9rint\u00e9sf\u00fcrd\u0151nek a legf\u0151bb c\u00e9lja a fizikai, energetikai \u00e9s \u00e9rzelmi test ellaz\u00edt\u00e1sa \u2013 relax\u00e1lt \u00e1llapotok el\u0151id\u00e9z\u00e9se a figyelemmel \u00e9s jelenl\u00e9ttel telt lass\u00fa \u00e9rint\u00e9sek \u00e9s mozdulatok \u00e1ltal. Olyan test\u00e9lm\u00e9nyek megtapasztal\u00e1sa \u00e9s elm\u00e9ly\u00edt\u00e9se, melyek fel\u00fcl\u00edrj\u00e1k a stressz okozta izom\u00f6sszeh\u00faz\u00f3d\u00e1sokat, \u00e9rzelmi lenyomatokat \u2013 megg\u00e1tolva a test energiafelvev\u0151 k\u00e9pess\u00e9g\u00e9t, az \u00e9letenergia \u00e1raml\u00e1s\u00e1t, az erotikus szeretetenergia kiterjed\u00e9s\u00e9t \u00e9s vibr\u00e1l\u00e1s\u00e1t.<\/p>\n<p class=\"ai-optimize-21\">A teljes b\u0151rfel\u00fclet \u00e9rint\u00e9s\u00e9vel, simogat\u00e1s\u00e1val, finom nyom\u00e1saival, rezegtet\u00e9s\u00e9vel \u00e9s fel\u00e9breszt\u00e9s\u00e9vel olyan szintek el\u00e9r\u00e9se v\u00e1lik lehet\u0151v\u00e9 sz\u00e1modra, melyben az erotikus energia finom \u00e1raml\u00e1sba kezd, a teljes fizikai test megny\u00edlik \u2013 el\u00e9rve azokat a m\u00e9ly, befogad\u00f3, \u00e9rz\u00e9keny \u00e9s intenz\u00edv \u00e1llapotokat, melyben az \u00e9rz\u00e9kel\u00e9s kit\u00e1gul, kifinomul \u2013 megnyitva a kaput az \u201c\u00e9rz\u00e9keken t\u00fali \u00e9rz\u00e9kel\u00e9s\u201d megtapasztal\u00e1sa fel\u00e9.<\/p>\n<p class=\"ai-optimize-22\">Ez az \u00e9rint\u00e9smassz\u00e1zs egyszerre \u00e9p\u00edti fel a teljes nyugalom \u00e1t\u00e9l\u00e9s\u00e9nek lehet\u0151s\u00e9g\u00e9t, valamint az oxitocin termel\u00e9s\u00e9nek serkent\u00e9s\u00e9vel a m\u00e9ly intimit\u00e1sra val\u00f3 k\u00e9szs\u00e9gedet is.<\/p>\n<p class=\"ai-optimize-23\">Az \u00e9rz\u00e9ki massz\u00e1zs egy teljes testre kiterjed\u0151 \u00e9rint\u00e9s- \u00e9s \u00f6lel\u00e9smassz\u00e1zs, mely nem f\u00f3kusz\u00e1l a szexu\u00e1lis gy\u00f6ny\u00f6rter\u00fcletekre, \u00e9s nem c\u00e9lja a szexu\u00e1lis v\u00e1gy fel\u00e9breszt\u00e9se. Sokkal ink\u00e1bb az erotikus jelenl\u00e9tet megalapoz\u00f3 intimit\u00e1s megteremt\u00e9s\u00e9t, elm\u00e9ly\u00edt\u00e9s\u00e9t.<\/p>\n<p class=\"ai-optimize-24\">A session meztelen\u00fcl, vagy k\u00e9r\u00e9sre kend\u0151ben zajlik, el\u0151re megbesz\u00e9lt, k\u00f6z\u00f6sen meghat\u00e1rozott, biztons\u00e1gos keretek k\u00f6z\u00f6tt.<\/p>\n<p class=\"ai-optimize-25\">Ha egy \u00e9vn\u00e9l hosszabban fenn\u00e1ll\u00f3 szexu\u00e1lis zavarral k\u00fczdesz, nem ez a megfelel\u0151 t\u00e9r \u00e9s eszk\u00f6z sz\u00e1modra \u2013 javasolt egy ter\u00e1pi\u00e1s szakember felkeres\u00e9se.<\/p>\n<h2 class=\"ai-optimize-26\">\u00c9RZ\u00c9KI MASSZ\u00c1ZS FOLYAMATA<\/h2>\n<p class=\"ai-optimize-27\">\u2013 r\u00f6vid besz\u00e9lget\u00e9s<br \/>\n\u2013 teljes jelenl\u00e9tbe val\u00f3 meg\u00e9rkez\u00e9s<br \/>\n\u2013 az \u00e9rint\u00e9sfolyamatra val\u00f3 r\u00e1hangol\u00f3d\u00e1s<br \/>\n\u2013 \u00f6sszehangol\u00f3d\u00e1s<br \/>\n\u2013 \u00e9rz\u00e9k\u00e9breszt\u00e9s \u00e9rz\u00e9k\u00e9breszt\u0151 eszk\u00f6z\u00f6kkel<br \/>\n\u2013 \u00e9rz\u00e9k\u00e9breszt\u00e9s \u00e9rint\u00e9ssel<br \/>\n\u2013 h\u00e1ts\u00f3 r\u00e9sz \u00e9rint\u00e9se teny\u00e9rrel<br \/>\n\u2013 h\u00e1ts\u00f3 r\u00e9sz kiterjesztett \u00e9rint\u00e9se olajjal<br \/>\n\u2013 mells\u0151 r\u00e9sz \u00e9rint\u00e9se teny\u00e9rrel<br \/>\n\u2013 mells\u0151 r\u00e9sz olajos \u00e9rz\u00e9ki \u00e9rint\u00e9se<br \/>\n\u2013 intimit\u00e1sban val\u00f3 elm\u00e9ly\u00fcl\u00e9s<br \/>\n\u2013 megpihen\u00e9s<br \/>\n\u2013 integr\u00e1ci\u00f3<br \/>\n\u2013 megoszt\u00e1s<\/p>\n<p class=\"ai-optimize-28\">Id\u0151tartam: 120 perc<\/p>","protected":false},"featured_media":19113,"template":"","meta":{"_acf_changed":false},"product_brand":[],"product_cat":[109],"product_tag":[],"class_list":{"0":"post-12066","1":"product","2":"type-product","3":"status-publish","4":"has-post-thumbnail","6":"product_cat-ajandekkartya","8":"first","9":"instock","10":"downloadable","11":"virtual","12":"taxable","13":"purchasable","14":"product-type-simple"},"acf":[],"_links":{"self":[{"href":"https:\/\/online.kekesreka.com\/en\/wp-json\/wp\/v2\/product\/12066","targetHints":{"allow":["GET"]}}],"collection":[{"href":"https:\/\/online.kekesreka.com\/en\/wp-json\/wp\/v2\/product"}],"about":[{"href":"https:\/\/online.kekesreka.com\/en\/wp-json\/wp\/v2\/types\/product"}],"version-history":[{"count":2,"href":"https:\/\/online.kekesreka.com\/en\/wp-json\/wp\/v2\/product\/12066\/revisions"}],"predecessor-version":[{"id":27375,"href":"https:\/\/online.kekesreka.com\/en\/wp-json\/wp\/v2\/product\/12066\/revisions\/27375"}],"wp:featuredmedia":[{"embeddable":true,"href":"https:\/\/online.kekesreka.com\/en\/wp-json\/wp\/v2\/media\/19113"}],"wp:attachment":[{"href":"https:\/\/online.kekesreka.com\/en\/wp-json\/wp\/v2\/media?parent=12066"}],"wp:term":[{"taxonomy":"product_brand","embeddable":true,"href":"https:\/\/online.kekesreka.com\/en\/wp-json\/wp\/v2\/product_brand?post=12066"},{"taxonomy":"product_cat","embeddable":true,"href":"https:\/\/online.kekesreka.com\/en\/wp-json\/wp\/v2\/product_cat?post=12066"},{"taxonomy":"product_tag","embeddable":true,"href":"https:\/\/online.kekesreka.com\/en\/wp-json\/wp\/v2\/product_tag?post=12066"}],"curies":[{"name":"wp","href":"https:\/\/api.w.org\/{rel}","templated":true}]}}