{"id":12070,"date":"2022-12-21T12:41:51","date_gmt":"2022-12-21T11:41:51","guid":{"rendered":"https:\/\/online.kekesreka.com\/termek\/szexualis-fejlesztes-beszelgetes-ajandekkartya\/"},"modified":"2025-07-05T22:47:49","modified_gmt":"2025-07-05T20:47:49","slug":"szexualis-fejlesztes-beszelgetes-ajandekkartya","status":"publish","type":"product","link":"https:\/\/online.kekesreka.com\/en\/termek\/szexualis-fejlesztes-beszelgetes-ajandekkartya\/","title":{"rendered":"Szexu\u00e1lis Fejleszt\u00e9s &#8211; Besz\u00e9lget\u00e9s Aj\u00e1nd\u00e9kk\u00e1rtya"},"content":{"rendered":"","protected":false},"excerpt":{"rendered":"<h5 class=\"ai-optimize-17\"><strong>Az aj\u00e1nd\u00e9kk\u00e1rtya megv\u00e1s\u00e1rl\u00e1sa el\u0151tt egyeztet\u00e9s sz\u00fcks\u00e9ges. K\u00e9rlek vedd fel velem a kapcsolatot a <a href=\"https:\/\/kekesreka.com\/kapcsolat\/\" target=\"_blank\" rel=\"noopener\">Kapcsolat \u0171rlapon<\/a> kereszt\u00fcl.<\/strong><\/h5>\n<h5 class=\"ai-optimize-18\"><strong>Az aj\u00e1nd\u00e9kk\u00e1rtya felhaszn\u00e1lhat\u00f3 a v\u00e1s\u00e1rl\u00e1st\u00f3l sz\u00e1m\u00edtva 90 napon bel\u00fcl.<\/strong><\/h5>\n<p class=\"ai-optimize-19\">Tal\u00e1n te is azok k\u00f6z\u00e9 tartozol, akik szeretn\u00e9k megtapasztalni \u00e9let\u00fck sor\u00e1n azt az \u00f6nfeledt, felszabadult \u00e9s hat\u00e1rtalanul megtestes\u00fclt gy\u00f6ny\u00f6rt, sz\u00e9gyentelen\u00fcl m\u00e9ly intimit\u00e1st, korl\u00e1tok \u00e9s tabuk n\u00e9lk\u00fcli szexualit\u00e1st, amely minden feln\u0151tt ember eredend\u0151 term\u00e9szete.<\/p>\n<p class=\"ai-optimize-20\">Sokan azt hiszik, a szexu\u00e1lis v\u00e1gy, erotikus er\u0151 vagy \u00e9rz\u00e9ki magabiztoss\u00e1g olyan adotts\u00e1g, mely term\u00e9szet\u00e9n\u00e9l fogva nem fejleszthet\u0151 \u00e9s nem ir\u00e1ny\u00edthat\u00f3. Pedig a szexualit\u00e1s olyan v\u00e9gtelen er\u0151forr\u00e1s \u00e9s lehet\u0151s\u00e9g, mely tanulhat\u00f3 \u00e9s hozz\u00e1f\u00e9rhet\u0151 k\u00e9pess\u00e9g mindenki sz\u00e1m\u00e1ra a megfelel\u0151 technik\u00e1k, m\u00f3dszerek \u00e9s szexpozit\u00edv szeml\u00e9let\u0171 n\u00e9z\u0151pontok elsaj\u00e1t\u00edt\u00e1sa \u00e1ltal.<\/p>\n<p class=\"ai-optimize-21\">A szexu\u00e1lis fejleszt\u00e9s c\u00e9lja a szexu\u00e1lis \u00f6nismereti \u00e9rt\u00e9keiden t\u00fal \u00fajszer\u0171 szexu\u00e1lis tapasztalataid megszerz\u00e9se, tanult hat\u00e1raid t\u00e1g\u00edt\u00e1sa, \u00e9rz\u00e9ki-erotikus m\u00e9lys\u00e9ged \u00e9s er\u0151forr\u00e1said teljess\u00e9g\u00e9nek felfedez\u00e9se \u00e9s kibont\u00e1sa, min\u0151s\u00e9gi szexualit\u00e1sod megtestes\u00edt\u00e9se gyakorlati eszk\u00f6z\u00f6k \u00e9s technik\u00e1k seg\u00edts\u00e9g\u00e9vel, s ennek felk\u00e9sz\u00edt\u00e9s\u00e9re, otthoni megval\u00f3s\u00edt\u00e1s\u00e1ra a gyakorlati elm\u00e9let r\u00e9szletes \u00e1tad\u00e1s\u00e1val.<\/p>\n<p class=\"ai-optimize-22\">A besz\u00e9lget\u00e9s sor\u00e1n k\u00f6z\u00f6sen keress\u00fck azokat az \u00fatvonalakat, hogy mely ter\u00fcletekn\u00e9l van sz\u00fcks\u00e9g szexu\u00e1lis fejleszt\u00e9sre, valamint a t\u00e9m\u00e1ra ir\u00e1nyul\u00f3 v\u00e1gyig\u00e9nyeidnek megfelel\u0151en tov\u00e1bbfejleszt\u00e9sre.<\/p>\n<p class=\"ai-optimize-23\">A besz\u00e9lget\u00e9s \u00e1ltal tudatos\u00edtott \u00e1llapotaid, aktu\u00e1lis testi-energetikai adotts\u00e1gaid figyelembe v\u00e9tel\u00e9vel hat\u00e1rozzuk meg azokat az \u00f6nfejleszt\u0151 m\u00f3dszereket, gyakorlati eszk\u00f6z\u00f6ket \u2013 \u00e9s \u00e1ltaluk egy egy\u00e9ni eszk\u00f6zt\u00e1rat -, melyek elsaj\u00e1t\u00edt\u00e1s\u00e1val tov\u00e1bb t\u00e1g\u00edthatod szexu\u00e1lis ismereteidet l\u00e9p\u00e9sr\u0151l l\u00e9p\u00e9sre.<\/p>\n<p class=\"ai-optimize-24\">Az \u00e1llapotfelm\u00e9r\u00e9st \u00e9s besz\u00e9lget\u00e9st k\u00f6vet\u0151en elk\u00e9sz\u00edtj\u00fck az egy\u00e9nre szabott aktu\u00e1lis fejl\u0151d\u00e9si t\u00e9rk\u00e9pedet sz\u00e1modra, mely seg\u00edti \u00faj felismer\u00e9seid be\u00e9p\u00fcl\u00e9s\u00e9t mindennapi \u00e9letedbe.<br \/>\nA gyakorlatok \u00e1tad\u00e1sa test- \u00e9s tapasztalatorient\u00e1lt, valamint gy\u00f6ny\u00f6ralap\u00fa megk\u00f6zel\u00edt\u00e9sb\u0151l t\u00f6rt\u00e9nik, ami azt jelenti, hogy nem eredm\u00e9ny- \u00e9s c\u00e9lorient\u00e1lt m\u00f3don, hanem a val\u00f3di intimit\u00e1s- \u00e9s gy\u00f6ny\u00f6rk\u00e9pess\u00e9get fejleszt\u0151 gyakorlatok v\u00e1laszt\u00e1s\u00e1nak ig\u00e9ny\u00e9vel.<\/p>\n<p class=\"ai-optimize-25\">A fejleszt\u00e9si technik\u00e1k figyelem-, jelenl\u00e9t-, valamint \u00e9rz\u00e9kel\u00e9sorient\u00e1lt \u2013 fizikai testre vagy energetikai rendszerre ir\u00e1nyul\u00f3 \u2013 gyakorlatok, melyeknek \u00e1ltal\u00e1nos alapja a mozdulat, \u00e9rint\u00e9s, l\u00e9gz\u00e9s \u00e9s hang felszabad\u00edt\u00e1sa.<\/p>\n<p class=\"ai-optimize-26\">A fejleszt\u00e9s f\u00f3kusza az aktu\u00e1lis t\u00e9m\u00e1t\u00f3l f\u00fcgg\u0151en lehet szomatikus \u00f6nmunka, illetve \u00e9rz\u00e9ki-erotikus vagy szexu\u00e1lis jelleg\u0171.<\/p>\n<p class=\"ai-optimize-27\">A szexu\u00e1lis fejleszt\u00e9s el\u00e9rhet\u0151 p\u00e1roknak is, melynek legf\u0151bb c\u00e9lja a p\u00e1rok szuver\u00e9n szexu\u00e1lis \u00f6nismereti \u00fatkeres\u00e9s\u00e9n t\u00fal az egy\u00e9nek \u00f6sszehangol\u00e1sa, szexu\u00e1lis t\u00e1rsdinamikai sz\u00fcks\u00e9gleteik \u00e9s hat\u00e1raik \u00f6sszeegyeztet\u00e9se, konszenzu\u00e1lis egy\u00fcttm\u0171k\u00f6d\u00e9s\u00fck megtal\u00e1l\u00e1sa, szexu\u00e1lis kommunik\u00e1ci\u00f3 megfelel\u0151 keretek k\u00f6z\u00f6tt tart\u00e1sa \u00e9s m\u00e9ly\u00edt\u00e9se.<\/p>\n<h2 class=\"ai-optimize-28\">SZEXU\u00c1LIS FEJLESZT\u00c9S FOLYAMATA<\/h2>\n<p class=\"ai-optimize-29\">\u2013\u00a0\u00e1llapotfelm\u00e9r\u00e9s<br \/>\n\u2013\u00a0t\u00e9ma meghat\u00e1roz\u00e1sa<br \/>\n\u2013\u00a0sz\u00e1nd\u00e9kmeghat\u00e1roz\u00e1s a t\u00e9ma ment\u00e9n<br \/>\n\u2013\u00a0t\u00e9ma kibont\u00e1sa, r\u00e9szletes megoszt\u00e1s<br \/>\n\u2013\u00a0\u00e9szrev\u00e9telek megoszt\u00e1sa<br \/>\n\u2013\u00a0a t\u00e9m\u00e1hoz kapcsol\u00f3d\u00f3 fejleszt\u00e9si ir\u00e1nyok \u00e9s lehet\u0151s\u00e9gek \u00e1ltal\u00e1nos ismertet\u00e9se<br \/>\n\u2013\u00a0a v\u00e1lasztott szexu\u00e1lis fejleszt\u00e9si technika, m\u00f3dszer r\u00e9szletes ismertet\u00e9se<br \/>\n\u2013\u00a0a gyakorlatok egy\u00e9nre szab\u00e1sa, fejleszt\u00e9si t\u00e9rk\u00e9p k\u00e9sz\u00edt\u00e9se<br \/>\n\u2013\u00a0k\u00e9rd\u00e9sek tiszt\u00e1z\u00e1sa<br \/>\n\u2013\u00a0t\u00e9ma \u00f6sszegz\u00e9se<br \/>\n\u2013\u00a0integr\u00e1ci\u00f3<br \/>\n\u2013\u00a0lez\u00e1r\u00e1s<\/p>\n<p class=\"ai-optimize-30\">Id\u0151tartam: 80 perc<\/p>","protected":false},"featured_media":19115,"template":"","meta":{"_acf_changed":false},"product_brand":[],"product_cat":[109],"product_tag":[],"class_list":{"0":"post-12070","1":"product","2":"type-product","3":"status-publish","4":"has-post-thumbnail","6":"product_cat-ajandekkartya","8":"first","9":"instock","10":"downloadable","11":"virtual","12":"taxable","13":"purchasable","14":"product-type-simple"},"acf":[],"_links":{"self":[{"href":"https:\/\/online.kekesreka.com\/en\/wp-json\/wp\/v2\/product\/12070","targetHints":{"allow":["GET"]}}],"collection":[{"href":"https:\/\/online.kekesreka.com\/en\/wp-json\/wp\/v2\/product"}],"about":[{"href":"https:\/\/online.kekesreka.com\/en\/wp-json\/wp\/v2\/types\/product"}],"version-history":[{"count":2,"href":"https:\/\/online.kekesreka.com\/en\/wp-json\/wp\/v2\/product\/12070\/revisions"}],"predecessor-version":[{"id":27374,"href":"https:\/\/online.kekesreka.com\/en\/wp-json\/wp\/v2\/product\/12070\/revisions\/27374"}],"wp:featuredmedia":[{"embeddable":true,"href":"https:\/\/online.kekesreka.com\/en\/wp-json\/wp\/v2\/media\/19115"}],"wp:attachment":[{"href":"https:\/\/online.kekesreka.com\/en\/wp-json\/wp\/v2\/media?parent=12070"}],"wp:term":[{"taxonomy":"product_brand","embeddable":true,"href":"https:\/\/online.kekesreka.com\/en\/wp-json\/wp\/v2\/product_brand?post=12070"},{"taxonomy":"product_cat","embeddable":true,"href":"https:\/\/online.kekesreka.com\/en\/wp-json\/wp\/v2\/product_cat?post=12070"},{"taxonomy":"product_tag","embeddable":true,"href":"https:\/\/online.kekesreka.com\/en\/wp-json\/wp\/v2\/product_tag?post=12070"}],"curies":[{"name":"wp","href":"https:\/\/api.w.org\/{rel}","templated":true}]}}