{"id":12072,"date":"2022-12-21T12:46:26","date_gmt":"2022-12-21T11:46:26","guid":{"rendered":"https:\/\/online.kekesreka.com\/termek\/szexualis-fejlesztes-bodywork-ajandekkartya\/"},"modified":"2025-07-05T22:47:12","modified_gmt":"2025-07-05T20:47:12","slug":"szexualis-fejlesztes-bodywork-ajandekkartya","status":"publish","type":"product","link":"https:\/\/online.kekesreka.com\/en\/termek\/szexualis-fejlesztes-bodywork-ajandekkartya\/","title":{"rendered":"Szexu\u00e1lis Fejleszt\u00e9s Bodywork &#8211; Aj\u00e1nd\u00e9kk\u00e1rtya"},"content":{"rendered":"","protected":false},"excerpt":{"rendered":"<p class=\"ai-optimize-12\" style=\"text-align: center;\">Az aj\u00e1nd\u00e9kk\u00e1rtya megv\u00e1s\u00e1rl\u00e1sa el\u0151tt id\u0151pontegyeztet\u00e9s sz\u00fcks\u00e9ges. Az aj\u00e1nd\u00e9kk\u00e1rtya felhaszn\u00e1lhat\u00f3 a v\u00e1s\u00e1rl\u00e1st\u00f3l sz\u00e1m\u00edtott 90 napig.<\/p>\n<p>&nbsp;<\/p>\n<p class=\"ai-optimize-13\">A szexu\u00e1lis fejleszt\u00e9s, teh\u00e1t a szexu\u00e1lis szabadenergi\u00e1val val\u00f3 munka legf\u0151bb c\u00e9lja, hogy k\u00e9pesekk\u00e9 v\u00e1ljunk orgazmikus energi\u00e1nkat n\u00f6velni, akad\u00e1lyok n\u00e9lk\u00fcl keringtetni \u00e9s felszabad\u00edtani a teljes testben. Ennek egyik legfontosabb pill\u00e9re a gy\u00f6ny\u00f6r aktiviz\u00e1l\u00e1sa, n\u00f6vel\u00e9se, teljes szexu\u00e1lis kapacit\u00e1sunk el\u00e9r\u00e9se, valamint a szexu\u00e1lis energi\u00e1t akad\u00e1lyoz\u00f3 test\u00e9rzetek, testm\u0171k\u00f6d\u00e9sek felt\u00e1r\u00e1sa, megsz\u00fcntet\u00e9se. Azon szexu\u00e1lis mint\u00e1k, minket korl\u00e1toz\u00f3 attit\u0171d\u00f6k felt\u00e1r\u00e1sa, melyek visszatartanak az \u00f6nmagunkkal \u00e9s m\u00e1sokkal val\u00f3 m\u00e9lyebb intimit\u00e1s \u00e9s szexualit\u00e1s kialak\u00edt\u00e1s\u00e1ban \u2013 orgazmikus jelenl\u00e9t-\u00e1llapotunk kiterjeszt\u00e9s\u00e9ben.<\/p>\n<p class=\"ai-optimize-14\">A szexu\u00e1lis fejleszt\u00e9s r\u00e9szek\u00e9nt el\u00e9rhet\u0151 tapasztalatf\u00f3kusz\u00fa szexu\u00e1lis bodywork olyan testmunka, autentikus \u00e9s \u00fajszer\u0171 m\u00f3dszerek \u00f6tv\u00f6zete, mely a l\u00e9gz\u00e9s, mozg\u00e1s, \u00e9rint\u00e9s, illetve a verb\u00e1lis \u00e9s nonverb\u00e1lis kommunik\u00e1ci\u00f3 \u00e1ltal seg\u00edti az orgazmikus testtudatoss\u00e1god \u00e9s szexu\u00e1lis kult\u00far\u00e1d fejleszt\u00e9s\u00e9t \u2013 illetve az \u00fatjukba \u00e1ll\u00f3 \u00e9rzelmi, energetikai \u00e9s testi blokkok felold\u00e1s\u00e1t a teljes fizikai testre kiterjesztve \u00e9s arra alapozva.<br \/>\nEzek a m\u00f3dszerek olyan tapasztalatokat tesznek hozz\u00e1f\u00e9rhet\u0151v\u00e9 sz\u00e1modra egy biztons\u00e1gos \u00e9s v\u00e9dett t\u00e9rben, melyben szabadon k\u00eds\u00e9rletezhetsz saj\u00e1t erotikus l\u00e9nyed felfedez\u00e9s\u00e9ben, \u00e9s amelyet beilleszthetsz a k\u00e9s\u0151bbiekben mindennapi erotikus-szexu\u00e1lis \u00e9letedbe is.<\/p>\n<p class=\"ai-optimize-15\">Ezek a tal\u00e1lkoz\u00e1sok szabadok, nincsen szorosan fel\u00e1ll\u00edtott tematik\u00e1juk, hanem a folyamat elej\u00e9n kit\u0171z\u00f6tt c\u00e9lok ment\u00e9n haladnak \u2013 az el\u0151re megbesz\u00e9lt \u00e9s meghat\u00e1rozott, \u00e9s a sz\u00e1modra biztons\u00e1gos keretek k\u00f6z\u00f6tt.<\/p>\n<p class=\"ai-optimize-16\">A szexu\u00e1lis bodywork a szexu\u00e1lis fejleszt\u00e9s gyakorlati r\u00e9sze, mely nemcsak a szexu\u00e1lis \u00f6nismeretet \u00e9s tapasztalati \u00faton t\u00f6rt\u00e9n\u0151 \u00f6nmegismer\u00e9st t\u0171zi ki c\u00e9lul, hanem azon t\u00fal keresi azokat a testf\u00f3kusz\u00fa n\u00e9z\u0151pontokat is, mely egy felszabadultabb, kiteljesedettebb szexu\u00e1lis m\u0171k\u00f6d\u00e9s el\u00e9r\u00e9s\u00e9t teszi lehet\u0151v\u00e9. Ez\u00e9rt az arra val\u00f3 jelentkez\u00e9s a szexu\u00e1lis fejleszt\u0151 javaslat\u00e1ra t\u00f6rt\u00e9nik egy vezetett szexu\u00e1lis \u00f6nismereti folyamat tapasztalat- \u00e9s gyakorlatorient\u00e1lt r\u00e9szek\u00e9nt.<\/p>\n<p class=\"ai-optimize-17\">A session meztelen\u00fcl, vagy k\u00e9r\u00e9sre kend\u0151ben zajlik, el\u0151re megbesz\u00e9lt, k\u00f6z\u00f6sen meghat\u00e1rozott, biztons\u00e1gos keretek k\u00f6z\u00f6tt.<\/p>\n<p class=\"ai-optimize-18\">Ha egy \u00e9vn\u00e9l hosszabban fenn\u00e1ll\u00f3 szexu\u00e1lis zavarral k\u00fczdesz, nem ez a megfelel\u0151 t\u00e9r \u00e9s eszk\u00f6z sz\u00e1modra \u2013 javasolt egy ter\u00e1pi\u00e1s szakember felkeres\u00e9se.<\/p>\n<p>&nbsp;<\/p>\n<h2 class=\"ai-optimize-19\" style=\"text-align: center;\">A FOLYAMAT<\/h2>\n<p class=\"ai-optimize-20\">\u2013\u00a0meg\u00e9rkez\u00e9s, el\u0151k\u00e9sz\u00fcl\u00e9s<br \/>\n\u2013\u00a0r\u00f6vid besz\u00e9lget\u00e9s<br \/>\n\u2013\u00a0c\u00e9lokra val\u00f3 r\u00e1hangol\u00f3d\u00e1s, sz\u00e1nd\u00e9kmeghat\u00e1roz\u00e1s<br \/>\n\u2013\u00a0keretek meghat\u00e1roz\u00e1sa<br \/>\n\u2013\u00a0vezetett fejleszt\u00e9si folyamat<br \/>\n\u2013\u00a0instrukci\u00f3k, javaslatok ad\u00e1sa<br \/>\n\u2013\u00a0\u00faj mint\u00e1k elsaj\u00e1t\u00edt\u00e1sa<br \/>\n\u2013\u00a0bels\u0151 tudatos\u00edt\u00e1s, a tapasztalatok integr\u00e1l\u00e1sa<br \/>\n\u2013\u00a0\u00faj mint\u00e1k meger\u0151s\u00edt\u00e9s\u00e9hez sz\u00fcks\u00e9ges gyakorlatok \u00e1tad\u00e1sa<br \/>\n\u2013\u00a0lez\u00e1r\u00e1s<br \/>\n\u2013\u00a0megoszt\u00e1s<\/p>\n<p class=\"ai-optimize-21\">Id\u0151tartam: 120 perc<\/p>","protected":false},"featured_media":11596,"template":"","meta":{"_acf_changed":false},"product_brand":[],"product_cat":[109],"product_tag":[],"class_list":{"0":"post-12072","1":"product","2":"type-product","3":"status-publish","4":"has-post-thumbnail","6":"product_cat-ajandekkartya","8":"first","9":"instock","10":"downloadable","11":"virtual","12":"taxable","13":"purchasable","14":"product-type-simple"},"acf":[],"_links":{"self":[{"href":"https:\/\/online.kekesreka.com\/en\/wp-json\/wp\/v2\/product\/12072","targetHints":{"allow":["GET"]}}],"collection":[{"href":"https:\/\/online.kekesreka.com\/en\/wp-json\/wp\/v2\/product"}],"about":[{"href":"https:\/\/online.kekesreka.com\/en\/wp-json\/wp\/v2\/types\/product"}],"version-history":[{"count":5,"href":"https:\/\/online.kekesreka.com\/en\/wp-json\/wp\/v2\/product\/12072\/revisions"}],"predecessor-version":[{"id":27373,"href":"https:\/\/online.kekesreka.com\/en\/wp-json\/wp\/v2\/product\/12072\/revisions\/27373"}],"wp:featuredmedia":[{"embeddable":true,"href":"https:\/\/online.kekesreka.com\/en\/wp-json\/wp\/v2\/media\/11596"}],"wp:attachment":[{"href":"https:\/\/online.kekesreka.com\/en\/wp-json\/wp\/v2\/media?parent=12072"}],"wp:term":[{"taxonomy":"product_brand","embeddable":true,"href":"https:\/\/online.kekesreka.com\/en\/wp-json\/wp\/v2\/product_brand?post=12072"},{"taxonomy":"product_cat","embeddable":true,"href":"https:\/\/online.kekesreka.com\/en\/wp-json\/wp\/v2\/product_cat?post=12072"},{"taxonomy":"product_tag","embeddable":true,"href":"https:\/\/online.kekesreka.com\/en\/wp-json\/wp\/v2\/product_tag?post=12072"}],"curies":[{"name":"wp","href":"https:\/\/api.w.org\/{rel}","templated":true}]}}