{"id":12077,"date":"2022-12-21T12:51:12","date_gmt":"2022-12-21T11:51:12","guid":{"rendered":"https:\/\/online.kekesreka.com\/termek\/szexualis-onismeret-beszelgetes-ajandekkartya\/"},"modified":"2025-07-05T22:46:15","modified_gmt":"2025-07-05T20:46:15","slug":"szexualis-onismeret-beszelgetes-ajandekkartya","status":"publish","type":"product","link":"https:\/\/online.kekesreka.com\/en\/termek\/szexualis-onismeret-beszelgetes-ajandekkartya\/","title":{"rendered":"Szexu\u00e1lis \u00d6nismereti Besz\u00e9lget\u00e9s &#8211; Aj\u00e1nd\u00e9kk\u00e1rtya"},"content":{"rendered":"","protected":false},"excerpt":{"rendered":"<p class=\"ai-optimize-18\" style=\"text-align: center;\">Az aj\u00e1nd\u00e9kk\u00e1rtya megv\u00e1s\u00e1rl\u00e1sa el\u0151tt id\u0151pontegyeztet\u00e9s sz\u00fcks\u00e9ges. Az aj\u00e1nd\u00e9kk\u00e1rtya felhaszn\u00e1lhat\u00f3 a v\u00e1s\u00e1rl\u00e1st\u00f3l sz\u00e1m\u00edtott 90 napig.<\/p>\n<p>&nbsp;<\/p>\n<p class=\"ai-optimize-19\">Az inspir\u00e1ci\u00f3, nyitotts\u00e1g \u00e9s titoktart\u00e1s szellem\u00e9ben veled egy\u00fctt keresem azokat az eredeti, provokat\u00edv \u00fatvonalakat, nyitott \u00e9s elfogad\u00f3 tereket, amelyeken kereszt\u00fcl \u2013 meghaladva a l\u00e9tez\u00e9sr\u0151l alkotott korl\u00e1toz\u00f3 elk\u00e9pzel\u00e9seidet \u2013 k\u00e9pess\u00e9 v\u00e1lsz bel\u00e9pni a szabad teremt\u0151 szexualit\u00e1sod val\u00f3s\u00e1g\u00e1ba, \u00e9l\u0151 kapcsolataidba, tested tudatoss\u00e1g\u00e1ba \u2013 kognit\u00edv megk\u00f6zel\u00edt\u00e9sben, test- \u00e9s szexpozit\u00edv szeml\u00e9let\u0171, tabumentes keretek k\u00f6z\u00f6tt.<\/p>\n<p class=\"ai-optimize-20\">Felt\u00e9rk\u00e9pezve \u00e9s \u00e1talak\u00edtva korl\u00e1toz\u00f3 gondolati mint\u00e1zataidat \u2013 keress\u00fck az \u00faj \u00e9s szabad n\u00e9z\u0151pontokat az \u00e1ltalad megfogalmazott t\u00e9m\u00e1k ment\u00e9n, melyek \u00e1ltal m\u00e9lyebben megismerheted \u00e9rz\u00e9ki-erotikus-szexu\u00e1lis m\u0171k\u00f6d\u00e9sedet, v\u00e1gy- \u00e9s gy\u00f6ny\u00f6rtested \u2013 sz\u00e9gyen, f\u00e9lelem, b\u0171ntudat \u00e9s megfelel\u00e9s n\u00e9lk\u00fcli \u2013 sz\u00e1nd\u00e9kait, eredend\u0151, eredeti, egyedi \u00e9s v\u00e1gyazonos magabiztoss\u00e1god megtestes\u00edt\u00e9s\u00e9nek lehet\u0151s\u00e9geit.<\/p>\n<p class=\"ai-optimize-21\">A besz\u00e9lget\u00e9s c\u00e9lja egy olyan tabumentes t\u00e9r fenntart\u00e1sa, melyben objekt\u00edven, \u0151szint\u00e9n \u00e9s val\u00f3s\u00e1gk\u00f6zpont\u00faan tekinthetsz \u00f6nmagadra, a t\u00e9m\u00e1hoz kapcsol\u00f3d\u00f3 \u00e9rz\u00e9seidre an\u00e9lk\u00fcl, hogy azt eler\u0151tlen\u00edten\u00e9d, rossz\u00e1 vagy semmiss\u00e9 tenn\u00e9d.<\/p>\n<p class=\"ai-optimize-22\">A sz\u00e1modra fenntartott id\u0151 lehet\u0151s\u00e9get ad egy befogad\u00f3, szexpozit\u00edv t\u00e9rben zajl\u00f3 tiszta \u00e9s sebezhet\u0151 felt\u00e1rulkoz\u00e1sra, megoszt\u00e1sra, valamint ennek ig\u00e9ny\u00e9n t\u00fal szabadon keresheted \u00f6nreflekt\u00edv v\u00e1laszaidat a t\u00e9m\u00e1ra vonatkoz\u00f3an szexu\u00e1lis \u00f6nismereti ig\u00e9nnyel is az \u00e1ltalam form\u00e1lt visszajelz\u00e9sek ment\u00e9n.<\/p>\n<p class=\"ai-optimize-23\">A besz\u00e9lget\u00e9s els\u0151dleges sz\u00e1nd\u00e9ka a szexu\u00e1lis \u00f6nismereted r\u00e9tegeiben val\u00f3 m\u00e9ly\u00fcl\u00e9s \u2013 a testalap\u00fa, testmegfigyel\u00e9sre \u00e9p\u00fcl\u0151 kognit\u00edv tudatos\u00edt\u00e1s, teh\u00e1t a testedre, erotikus m\u0171k\u00f6d\u00e9si mint\u00e1idra, szexualit\u00e1sodhoz t\u00e1rs\u00edtott korl\u00e1taidra, hiedelmeidre, bizonytalann\u00e1 t\u00e9v\u0151 hitrendszeredre, h\u00e1tr\u00e1ltat\u00f3 szok\u00e1saidra \u00e9s s\u00e9m\u00e1idra val\u00f3 r\u00e1tekint\u00e9s, r\u00e1\u00e9bred\u00e9s, r\u00e1l\u00e1t\u00e1s. A szabad erotikus egy\u00e9nis\u00e9ged kibontakoz\u00e1s\u00e1t g\u00e1tl\u00f3 gondolati mint\u00e1k felt\u00e9rk\u00e9pez\u00e9se, felfedez\u00e9se, \u00e9s azon t\u00fal a halad\u00f3 szeml\u00e9let\u0171, a val\u00f3s\u00e1g szenzoros \u00e9rz\u00e9kel\u00e9s\u00e9re \u00e9p\u00fcl\u0151 megk\u00f6zel\u00edt\u00e9seinek bels\u0151 legaliz\u00e1l\u00e1sa \u00e9s elfogad\u00e1sa.<\/p>\n<p class=\"ai-optimize-24\">Ez a folyamat nem gy\u00f3gy\u00edt\u00e1s, nem pszichoter\u00e1pi\u00e1s kezel\u00e9s vagy ter\u00e1pia, coaching. Ez egy olyan \u00f6nmagad fejleszt\u00e9s\u00e9re szolg\u00e1l\u00f3 t\u00e9r, melyben a teljes jelenl\u00e9temmel, kreat\u00edv javaslataimmal k\u00eds\u00e9rlek \u00e9s t\u00e1mogatlak. Ha komolyabb, egy \u00e9vn\u00e9l hosszabban fenn\u00e1ll\u00f3 szexu\u00e1lis vagy egy\u00e9b ment\u00e1lis zavarral k\u00fczdesz, javasolt egy megfelel\u0151 szakember felkeres\u00e9se.<\/p>\n<p class=\"ai-optimize-25\">Jegyzetf\u00fczet, gy\u00f6ny\u00f6rnapl\u00f3 haszn\u00e1lata, a t\u00e9m\u00e1hoz kapcsol\u00f3d\u00f3 k\u00e9rd\u00e9ssor el\u0151zetes \u00f6ssze\u00e1ll\u00edt\u00e1sa javasolt, egy\u00e9b eszk\u00f6z\u00f6kre nincs sz\u00fcks\u00e9g.<\/p>\n<p>&nbsp;<\/p>\n<h2 class=\"ai-optimize-26\" style=\"text-align: center;\">A FOLYAMAT<\/h2>\n<p class=\"ai-optimize-27\">\u2013 \u00e1llapotfelm\u00e9r\u00e9s<br \/>\n\u2013 t\u00e9ma meghat\u00e1roz\u00e1sa<br \/>\n\u2013 sz\u00e1nd\u00e9kmeghat\u00e1roz\u00e1s a t\u00e9ma ment\u00e9n<br \/>\n\u2013 t\u00e9ma kibont\u00e1sa, r\u00e9szletes megoszt\u00e1s<br \/>\n\u2013 \u00e9szrev\u00e9telek megoszt\u00e1sa<br \/>\n\u2013 \u00faj n\u00e9z\u0151pontok, ir\u00e1nyok felaj\u00e1nl\u00e1sa<br \/>\n\u2013 szexu\u00e1lis \u00f6nismereti technik\u00e1k, m\u00f3dszerek ismertet\u00e9se<br \/>\n\u2013 k\u00e9rd\u00e9sek tiszt\u00e1z\u00e1sa<br \/>\n\u2013 t\u00e9ma \u00f6sszegz\u00e9se<br \/>\n\u2013 integr\u00e1ci\u00f3<br \/>\n\u2013 lez\u00e1r\u00e1s<\/p>\n<p class=\"ai-optimize-28\">Id\u0151tartam: 80 perc<\/p>","protected":false},"featured_media":19147,"template":"","meta":{"_acf_changed":false},"product_brand":[],"product_cat":[109],"product_tag":[],"class_list":{"0":"post-12077","1":"product","2":"type-product","3":"status-publish","4":"has-post-thumbnail","6":"product_cat-ajandekkartya","8":"first","9":"instock","10":"downloadable","11":"virtual","12":"taxable","13":"purchasable","14":"product-type-simple"},"acf":[],"_links":{"self":[{"href":"https:\/\/online.kekesreka.com\/en\/wp-json\/wp\/v2\/product\/12077","targetHints":{"allow":["GET"]}}],"collection":[{"href":"https:\/\/online.kekesreka.com\/en\/wp-json\/wp\/v2\/product"}],"about":[{"href":"https:\/\/online.kekesreka.com\/en\/wp-json\/wp\/v2\/types\/product"}],"version-history":[{"count":4,"href":"https:\/\/online.kekesreka.com\/en\/wp-json\/wp\/v2\/product\/12077\/revisions"}],"predecessor-version":[{"id":27371,"href":"https:\/\/online.kekesreka.com\/en\/wp-json\/wp\/v2\/product\/12077\/revisions\/27371"}],"wp:featuredmedia":[{"embeddable":true,"href":"https:\/\/online.kekesreka.com\/en\/wp-json\/wp\/v2\/media\/19147"}],"wp:attachment":[{"href":"https:\/\/online.kekesreka.com\/en\/wp-json\/wp\/v2\/media?parent=12077"}],"wp:term":[{"taxonomy":"product_brand","embeddable":true,"href":"https:\/\/online.kekesreka.com\/en\/wp-json\/wp\/v2\/product_brand?post=12077"},{"taxonomy":"product_cat","embeddable":true,"href":"https:\/\/online.kekesreka.com\/en\/wp-json\/wp\/v2\/product_cat?post=12077"},{"taxonomy":"product_tag","embeddable":true,"href":"https:\/\/online.kekesreka.com\/en\/wp-json\/wp\/v2\/product_tag?post=12077"}],"curies":[{"name":"wp","href":"https:\/\/api.w.org\/{rel}","templated":true}]}}