{"id":12079,"date":"2022-12-21T12:55:25","date_gmt":"2022-12-21T11:55:25","guid":{"rendered":"https:\/\/online.kekesreka.com\/termek\/szexualis-onismeret-bodywork-ajandekkartya\/"},"modified":"2025-08-07T19:16:34","modified_gmt":"2025-08-07T17:16:34","slug":"szexualis-onismeret-bodywork-ajandekkartya","status":"publish","type":"product","link":"https:\/\/online.kekesreka.com\/en\/termek\/szexualis-onismeret-bodywork-ajandekkartya\/","title":{"rendered":"Szexu\u00e1lis \u00d6nismeret Bodywork &#8211; Aj\u00e1nd\u00e9kk\u00e1rtya"},"content":{"rendered":"","protected":false},"excerpt":{"rendered":"<p class=\"ai-optimize-20\" style=\"text-align: center;\">Az aj\u00e1nd\u00e9kk\u00e1rtya megv\u00e1s\u00e1rl\u00e1sa el\u0151tt id\u0151pontegyeztet\u00e9s sz\u00fcks\u00e9ges. Az aj\u00e1nd\u00e9kk\u00e1rtya felhaszn\u00e1lhat\u00f3 a v\u00e1s\u00e1rl\u00e1st\u00f3l sz\u00e1m\u00edtott 90 napig.<\/p>\n<p>&nbsp;<\/p>\n<p class=\"ai-optimize-21\">Ez a priv\u00e1t, szem\u00e9lyre szabott, tapasztalatorient\u00e1lt testmunka lehet\u0151s\u00e9get adhat sz\u00e1modra, hogy felfedezd azokat az igaz, hiteles \u00e9s nyitott gy\u00f6ny\u00f6r\u00e1llapotokat, \u0151szinte \u00e9rzelmi megnyilv\u00e1nul\u00e1sokat, fizikai kifejez\u0151d\u00e9seket, mely autorit\u00e1sod, autentikus l\u00e9nyed alapja. A teljes jelenl\u00e9t \u00e9s figyelem \u00e1ltal k\u00e9pess\u00e9 v\u00e1lsz a pillanat \u00e1ltal kifejez\u0151dni \u2013 elhagyva az intimit\u00e1sodban felvett szerepeidet, szok\u00e1saidat, rutinszer\u0171 cselekedeteidet, melyek korl\u00e1tozz\u00e1k \u00e9rzemi, energetikai \u00e9s fizikai szinten is bels\u0151 szabads\u00e1god kifejez\u0151d\u00e9s\u00e9t.<\/p>\n<p class=\"ai-optimize-22\">A f\u00e9lelem, sz\u00e9gyen, b\u0171ntudat, megfelel\u00e9s \u00e9s egy\u00e9b negat\u00edv \u00e9rzelmi mint\u00e1k tudatos\u00edt\u00e1s\u00e1val \u00e9s ural\u00e1s\u00e1val, eg\u00e9szs\u00e9ges hat\u00e1raid \u00e9s korl\u00e1toz\u00f3 komfortz\u00f3n\u00e1d megk\u00fcl\u00f6nb\u00f6ztet\u00e9s\u00e9vel megtanulhatod biztons\u00e1gosan fel\u00e9p\u00edteni szexu\u00e1lis, intim, vagy kapcsolati egy\u00e9nis\u00e9ged \u2013 tudatosan \u00e9s felel\u0151ss\u00e9get v\u00e1llalva kifejezni sz\u00fcks\u00e9gleteidet, v\u00e1gyaidat, preferenci\u00e1idat.<\/p>\n<p class=\"ai-optimize-23\">K\u00fcl\u00f6nf\u00e9le verb\u00e1lis \u00e9s nonverb\u00e1lis technik\u00e1k, j\u00e1t\u00e9kos eszk\u00f6z\u00f6k seg\u00edts\u00e9g\u00e9vel k\u00eds\u00e9rletezhetsz \u00f6nmagaddal egy biztons\u00e1gos, v\u00e9dett intim t\u00e9rben. A folyamatban a mozdulat, \u00e9rint\u00e9s, hang \u00e9s l\u00e9gz\u00e9s testpozit\u00edv \u00e9s testtudatos ir\u00e1nyain kereszt\u00fcl fedezheted fel tested val\u00f3s hangj\u00e1t \u00e9s ig\u00e9nyeit.<\/p>\n<p class=\"ai-optimize-24\">A szexu\u00e1lis \u00f6nismereti bodywork gyakorlatilag a szexu\u00e1lis fejleszt\u00e9si folyamat azon szakasza, melyben \u00f6nreflekt\u00edv m\u00f3don figyelheted meg az egy\u00e9ni, szuver\u00e9n, auton\u00f3m testi-erotikus\u2013szexu\u00e1lis m\u0171k\u00f6d\u00e9seidet \u2013 azt a szabad \u2013 sz\u00fcks\u00e9gleteit, ig\u00e9nyeit, hat\u00e1rait k\u00e9pvisel\u0151 \u2013 egyedi l\u00e9nyt, aki val\u00f3j\u00e1ban vagy. Az \u00f6nmaga \u00e9rz\u00e9keire \u00e9bredt, eredend\u0151 v\u00e1gyait k\u00e9pvisel\u0151 \u00e9s megtestes\u00edt\u0151, felszabadult v\u00e1gytudatoss\u00e1got, mely a tanult szexu\u00e1lis s\u00e9m\u00e1kon t\u00fal a testi jelenl\u00e9tre \u00e9s \u00e9rz\u00e9kel\u00e9s\u00e9re \u00e9p\u00edti stabil erotikus magabiztoss\u00e1g\u00e1t.<\/p>\n<p class=\"ai-optimize-25\">Nemcsak megtanulhatod, hanem gyakorlati szinten is be\u00e9p\u00edtheted azokat az egyszer\u0171 \u2013 \u00e9s a mindennapi \u00e9letben b\u00e1rmikor alkalmazhat\u00f3 alaptechnik\u00e1kat, m\u00f3dszereket, mely a j\u00f3l m\u0171k\u00f6d\u0151 intim \u00e9s kapcsolati \u00e9letedhez elengedhetetlen alapfelt\u00e9tel \u2013 \u00e9s mindezt a saj\u00e1t tapasztalati \u00f6nfelt\u00e1r\u00e1sodon kereszt\u00fcl, a saj\u00e1t megfigyel\u00e9seidre alapozva.<\/p>\n<p class=\"ai-optimize-26\">Elsaj\u00e1t\u00edthatod azokat a kommunik\u00e1ci\u00f3s eszk\u00f6z\u00f6ket, \u00f6nkifejez\u00e9si form\u00e1kat, mely a tudatos kapcsolataid \u00e9s intimit\u00e1sod biztons\u00e1gos alapja lehet. Az \u00f6szt\u00f6n\u00f6s reakci\u00f3k, nem tudatos d\u00f6nt\u00e9sek \u00e9s az \u00e9rzelmi elnyom\u00e1s helyett fel\u00e9p\u00edtheted azokat az \u00fatvonalakat, mely a szabad, sz\u00e9gyent\u0151l \u00e9s lemond\u00e1st\u00f3l mentes orgazmikus egy\u00e9nis\u00e9ged kifejez\u00e9s\u00e9t \u00e9s felv\u00e1llal\u00e1s\u00e1t teszi lehet\u0151v\u00e9 tiszta, tudatos \u00e9s egy\u00e9rtelm\u0171 keretek k\u00f6z\u00f6tt.<\/p>\n<p class=\"ai-optimize-27\">A folyamatban egy szakmailag tapasztalt szexu\u00e1lis fejleszt\u0151 k\u00eds\u00e9r t\u00e9ged, aki \u0151szinte visszajelz\u00e9seken kereszt\u00fcl t\u00e1mogat bels\u0151 felfedez\u00e9seidben.<\/p>\n<p class=\"ai-optimize-28\">Ez a folyamat nem gy\u00f3gy\u00edt\u00e1s, nem pszichoter\u00e1pi\u00e1s kezel\u00e9s, kognit\u00edv ter\u00e1pia vagy coaching. Ez egy olyan, \u00f6nmagad fejleszt\u00e9s\u00e9re szolg\u00e1l\u00f3, test- \u00e9s \u00e9rz\u00e9kel\u00e9sorient\u00e1lt \u00f6nismereti t\u00e9r, melyben a teljes jelenl\u00e9temmel k\u00eds\u00e9rlek \u00e9s t\u00e1mogatlak t\u00e9ged.<\/p>\n<p class=\"ai-optimize-29\">A session ruh\u00e1ban, kend\u0151ben vagy meztelen\u00fcl zajlik, el\u0151re megbesz\u00e9lt, k\u00f6z\u00f6sen meghat\u00e1rozott, biztons\u00e1gos keretek k\u00f6z\u00f6tt.<\/p>\n<p class=\"ai-optimize-30\">Ha egy \u00e9vn\u00e9l hosszabban fenn\u00e1ll\u00f3 szexu\u00e1lis zavarral k\u00fczdesz, nem ez a megfelel\u0151 t\u00e9r \u00e9s eszk\u00f6z sz\u00e1modra \u2013 javasolt egy ter\u00e1pi\u00e1s szakember felkeres\u00e9se.<\/p>\n<p>&nbsp;<\/p>\n<h2 class=\"ai-optimize-31\" style=\"text-align: center;\">A FOLYAMAT<\/h2>\n<p class=\"ai-optimize-32\">\u2013\u00a0meg\u00e9rkez\u00e9s<br \/>\n\u2013\u00a0r\u00f6vid besz\u00e9lget\u00e9s<br \/>\n\u2013\u00a0t\u00e9m\u00e1ra val\u00f3 hangol\u00f3d\u00e1s<br \/>\n\u2013\u00a0sz\u00e1nd\u00e9kmeghat\u00e1roz\u00e1s<br \/>\n\u2013\u00a0a t\u00e9m\u00e1hoz kapcsol\u00f3d\u00f3 technik\u00e1k, eszk\u00f6z\u00f6k bemutat\u00e1sa<br \/>\n\u2013\u00a0m\u00f3dszerek kipr\u00f3b\u00e1l\u00e1sa, alkalmaz\u00e1sa<br \/>\n\u2013\u00a0j\u00e1t\u00e9kos helyzetgyakorlatok, szitu\u00e1ci\u00f3s szerepj\u00e1t\u00e9kok<br \/>\n\u2013\u00a0visszajelz\u00e9sek, tapasztalatok \u00e9s technik\u00e1k elm\u00e9ly\u00edt\u00e9se<br \/>\n\u2013\u00a0\u00e9lm\u00e9nymegoszt\u00e1s, tapasztaltak megbesz\u00e9l\u00e9se<br \/>\n\u2013\u00a0szomatikus-szexu\u00e1lis \u00f6nismereti megfigyel\u00e9seid \u00f6sszegz\u00e9se<br \/>\n\u2013\u00a0lez\u00e1r\u00e1s<\/p>\n<p class=\"ai-optimize-33\">Id\u0151tartam: 120 perc<\/p>","protected":false},"featured_media":19113,"template":"","meta":{"_acf_changed":false},"product_brand":[],"product_cat":[109],"product_tag":[],"class_list":{"0":"post-12079","1":"product","2":"type-product","3":"status-publish","4":"has-post-thumbnail","6":"product_cat-ajandekkartya","8":"first","9":"instock","10":"downloadable","11":"virtual","12":"taxable","13":"purchasable","14":"product-type-simple"},"acf":[],"_links":{"self":[{"href":"https:\/\/online.kekesreka.com\/en\/wp-json\/wp\/v2\/product\/12079","targetHints":{"allow":["GET"]}}],"collection":[{"href":"https:\/\/online.kekesreka.com\/en\/wp-json\/wp\/v2\/product"}],"about":[{"href":"https:\/\/online.kekesreka.com\/en\/wp-json\/wp\/v2\/types\/product"}],"version-history":[{"count":5,"href":"https:\/\/online.kekesreka.com\/en\/wp-json\/wp\/v2\/product\/12079\/revisions"}],"predecessor-version":[{"id":27370,"href":"https:\/\/online.kekesreka.com\/en\/wp-json\/wp\/v2\/product\/12079\/revisions\/27370"}],"wp:featuredmedia":[{"embeddable":true,"href":"https:\/\/online.kekesreka.com\/en\/wp-json\/wp\/v2\/media\/19113"}],"wp:attachment":[{"href":"https:\/\/online.kekesreka.com\/en\/wp-json\/wp\/v2\/media?parent=12079"}],"wp:term":[{"taxonomy":"product_brand","embeddable":true,"href":"https:\/\/online.kekesreka.com\/en\/wp-json\/wp\/v2\/product_brand?post=12079"},{"taxonomy":"product_cat","embeddable":true,"href":"https:\/\/online.kekesreka.com\/en\/wp-json\/wp\/v2\/product_cat?post=12079"},{"taxonomy":"product_tag","embeddable":true,"href":"https:\/\/online.kekesreka.com\/en\/wp-json\/wp\/v2\/product_tag?post=12079"}],"curies":[{"name":"wp","href":"https:\/\/api.w.org\/{rel}","templated":true}]}}