{"id":19111,"date":"2022-08-01T09:03:50","date_gmt":"2022-08-01T07:03:50","guid":{"rendered":"https:\/\/online.kekesreka.com\/termek\/orgazmusakademia\/"},"modified":"2024-09-18T12:06:34","modified_gmt":"2024-09-18T10:06:34","slug":"orgasmacademy-2","status":"publish","type":"product","link":"https:\/\/online.kekesreka.com\/en\/termek\/orgazmusakademia\/","title":{"rendered":"Orgazmusakad\u00e9mia Online Program"},"content":{"rendered":"","protected":false},"excerpt":{"rendered":"<div class=\"elementor-element elementor-element-279605e9 elementor-widget elementor-widget-spacer\" data-id=\"279605e9\" data-element_type=\"widget\" data-widget_type=\"spacer.default\">\n<div class=\"elementor-widget-container\">\n<div class=\"elementor-spacer\">\n<div class=\"elementor-spacer-inner\" style=\"text-align: center;\">Tal\u00e1n te is azok k\u00f6z\u00e9 tartozol, akik szeretn\u00e9k megtapasztalni \u00e9let\u00fck sor\u00e1n azt a felh\u00e1bor\u00edt\u00f3an \u00f6nfeledt gy\u00f6ny\u00f6rt, korl\u00e1tok n\u00e9lk\u00fcli szexet \u00e9s sz\u00e9gyentelen\u00fcl m\u00e9ly intimit\u00e1st, amir\u0151l minden erotikusan \u00e9rett feln\u0151tt \u00e1lmodik.<\/div>\n<\/div>\n<\/div>\n<\/div>\n<div class=\"elementor-element elementor-element-431b30a4 elementor-widget elementor-widget-heading\" style=\"text-align: center;\" data-id=\"431b30a4\" data-element_type=\"widget\" data-widget_type=\"heading.default\">\n<div class=\"elementor-widget-container\">\n<h2 class=\"elementor-heading-title elementor-size-default\">A gy\u00f6ny\u00f6r INTENZ\u00cdV \u00fat \u00f6nmagadhoz<\/h2>\n<\/div>\n<\/div>\n<div class=\"elementor-element elementor-element-29f72201 elementor-widget elementor-widget-text-editor\" style=\"text-align: center;\" data-id=\"29f72201\" data-element_type=\"widget\" data-widget_type=\"text-editor.default\">\n<div class=\"elementor-widget-container\">\n<p>K\u00e9kes R\u00e9ka vagyok, szexu\u00e1lis fejleszt\u0151 \u00e9s szomatikus bodyworker. Az\u00e9rt hoztam l\u00e9tre ezt az egyed\u00fcl\u00e1ll\u00f3 \u00e9s integr\u00e1lt szeml\u00e9let\u0171 k\u00e9pz\u00e9st, hogy felfedezhesd a szexualit\u00e1s teljes spektrum\u00e1t a mindennapjaidban \u2013 azt az energikus \u00e9lm\u00e9nyt, ami minden erotikus l\u00e9ny eredend\u0151 tapasztal\u00e1si lehet\u0151s\u00e9ge.<\/p>\n<p>Akik ismernek, tudj\u00e1k, hogy milyen m\u00e9rt\u00e9kben \u00e9s szenved\u00e9llyel k\u00f6telez\u0151dtem el az ut\u00f3bbi \u00e9vekben a hivat\u00e1somban a te fejl\u0151d\u00e9sed\u00e9rt. T\u00f6bb mint egy \u00e9vtizedet \u00e9s t\u00f6bb mint t\u00edzezer \u00f3r\u00e1t t\u00f6lt\u00f6ttem oktat\u00e1ssal, kutat\u00e1ssal \u00e9s a szem\u00e9lyes tapasztalatok megszerz\u00e9s\u00e9vel a rendelkez\u00e9sedre \u00e1ll\u00f3 legmagasabb szint\u0171 k\u00e9pz\u00e9s elk\u00e9sz\u00edt\u00e9s\u00e9hez.<\/p>\n<\/div>\n<\/div>\n<div class=\"elementor-element elementor-element-148ea403 elementor-widget elementor-widget-spacer\" style=\"text-align: center;\" data-id=\"148ea403\" data-element_type=\"widget\" data-widget_type=\"spacer.default\">\n<div class=\"elementor-widget-container\">\n<div class=\"elementor-spacer\">\n<div class=\"elementor-spacer-inner\"><\/div>\n<\/div>\n<\/div>\n<\/div>\n<div class=\"elementor-element elementor-element-6a563c5f elementor-widget elementor-widget-heading\" style=\"text-align: center;\" data-id=\"6a563c5f\" data-element_type=\"widget\" data-widget_type=\"heading.default\">\n<div class=\"elementor-widget-container\">\n<h2 class=\"elementor-heading-title elementor-size-default\">AZ ORGAZMUS L\u00c9T\u00c1LLAPOT<\/h2>\n<\/div>\n<\/div>\n<div class=\"elementor-element elementor-element-7124c40b elementor-widget elementor-widget-text-editor\" style=\"text-align: center;\" data-id=\"7124c40b\" data-element_type=\"widget\" data-widget_type=\"text-editor.default\">\n<div class=\"elementor-widget-container\">\n<p>Az orgazmikus jelenl\u00e9t \u00e9s gy\u00f6ny\u00f6r b\u00e1rmikor \u00e9s b\u00e1rmilyen k\u00f6r\u00fclm\u00e9nyek k\u00f6z\u00f6tt fenntarthat\u00f3 \u00e9s kiterjeszthet\u0151. A szexualit\u00e1s egy szuver\u00e9n \u00e9s f\u00fcggetlen jelens\u00e9g, l\u00e9ny\u00fcnk magja, s a megfelel\u0151 eszk\u00f6z\u00f6k \u00e9s m\u00f3dszerek alkalmaz\u00e1s\u00e1val te is megtapasztalhatod azt a sz\u00e9gyentelen \u00f6nszeretetet, mely \u00e1ltal felt\u00e1rhatod az erotika v\u00e9gtelen sz\u00e9ps\u00e9g\u00e9t, m\u00e9lys\u00e9g\u00e9t \u00e9s vads\u00e1g\u00e1t. Megmutatom, hogyan tudod visszaszerezni szexu\u00e1lis esszenci\u00e1dat, amit \u00fajratanulhatsz \u00e9s fejleszthetsz a saj\u00e1t gy\u00f6ny\u00f6r\u00f6dre. Ha elk\u00f6telez\u0151dsz velem a program fel\u00e9, akkor egy \u00e9rett \u00e9s bizserg\u0151en kiteljesedett szexu\u00e1lis l\u00e9nny\u00e9 v\u00e1lhatsz tabuk \u00e9s korl\u00e1tok n\u00e9lk\u00fcl.<\/p>\n<\/div>\n<\/div>\n<div class=\"elementor-element elementor-element-342ecb18 elementor-widget elementor-widget-spacer\" style=\"text-align: center;\" data-id=\"342ecb18\" data-element_type=\"widget\" data-widget_type=\"spacer.default\">\n<div class=\"elementor-widget-container\">\n<div class=\"elementor-spacer\">\n<div class=\"elementor-spacer-inner\"><\/div>\n<\/div>\n<\/div>\n<\/div>\n<div class=\"elementor-element elementor-element-5994900c elementor-widget elementor-widget-heading\" style=\"text-align: center;\" data-id=\"5994900c\" data-element_type=\"widget\" data-widget_type=\"heading.default\">\n<div class=\"elementor-widget-container\">\n<h2 class=\"elementor-heading-title elementor-size-default\">AZ ORGAZMUSAKAD\u00c9MIA ONLINE PROGRAM C\u00c9LJA<\/h2>\n<\/div>\n<\/div>\n<div class=\"elementor-element elementor-element-4e34b8ae elementor-align-left elementor-list-item-link-full_width elementor-widget elementor-widget-icon-list\" style=\"text-align: center;\" data-id=\"4e34b8ae\" data-element_type=\"widget\" data-widget_type=\"icon-list.default\">\n<div class=\"elementor-widget-container\">\n<ul>\n<li>Az erotikus-szexu\u00e1lis \u00f6nfejleszt\u00e9s alapjainak megszerz\u00e9se<\/li>\n<li>Szomatikus \u00e9s szexu\u00e1lis \u00f6nismeret<\/li>\n<li>\u200bTeljesk\u00f6r\u0171 orgazmusismeret<\/li>\n<li>Szexu\u00e1lis energia fel\u00e9breszt\u00e9se, kiterjeszt\u00e9se \u00e9s szab\u00e1lyoz\u00e1sa<\/li>\n<li>Szexu\u00e1lis tabuk, t\u00e9vhitek, \u00e9s korl\u00e1toz\u00f3 szexu\u00e1lis szok\u00e1sok fel\u00fcl\u00edr\u00e1sa<\/li>\n<li>Term\u00e9szetes, felszabadult szexu\u00e1lis \u00e9letvitel kialak\u00edt\u00e1sa<\/li>\n<li>Megn\u00f6vekedett szexu\u00e1lis izgalom el\u00e9r\u00e9se, a szexu\u00e1lis monotonit\u00e1s felsz\u00e1mol\u00e1sa<\/li>\n<li>Az erotikus \u00e9rz\u00e9kszervek kifejleszt\u00e9se \u00e9s aktiviz\u00e1l\u00e1sa<\/li>\n<\/ul>\n<\/div>\n<\/div>\n<div class=\"elementor-element elementor-element-a552702 elementor-widget elementor-widget-spacer\" style=\"text-align: center;\" data-id=\"a552702\" data-element_type=\"widget\" data-widget_type=\"spacer.default\">\n<div class=\"elementor-widget-container\">\n<div class=\"elementor-spacer\">\n<div class=\"elementor-spacer-inner\"><\/div>\n<\/div>\n<\/div>\n<\/div>\n<div class=\"elementor-element elementor-element-5e29cac3 elementor-widget elementor-widget-heading\" style=\"text-align: center;\" data-id=\"5e29cac3\" data-element_type=\"widget\" data-widget_type=\"heading.default\">\n<div class=\"elementor-widget-container\">\n<h2 class=\"elementor-heading-title elementor-size-default\">AZ ORGAZMUSAKAD\u00c9MIA PROGRAMRENDSZERE<\/h2>\n<\/div>\n<\/div>\n<div class=\"elementor-element elementor-element-7eef0d7a elementor-widget elementor-widget-text-editor\" style=\"text-align: center;\" data-id=\"7eef0d7a\" data-element_type=\"widget\" data-widget_type=\"text-editor.default\">\n<div class=\"elementor-widget-container\">\n<p>\u201cAMIT BIZTOSAN NEM TAN\u00cdTOTTAK NEKED AZ ISKOL\u00c1BAN\u201d<\/p>\n<\/div>\n<\/div>\n<div class=\"elementor-element elementor-element-5f3f2c2f elementor-widget elementor-widget-text-editor\" style=\"text-align: center;\" data-id=\"5f3f2c2f\" data-element_type=\"widget\" data-widget_type=\"text-editor.default\">\n<div class=\"elementor-widget-container\">\n<p>Az OrgazmusAkad\u00e9mia egy olyan f\u00e9l \u00e9vre sz\u00f3l\u00f3 online szexu\u00e1lis fejleszt\u00e9si rendszer, melyben tematikusan, h\u00e9tr\u0151l-h\u00e9tre \u00e9p\u00edtheted fel az adott elm\u00e9leti \u00e9s gyakorlati inform\u00e1ci\u00f3kon kereszt\u00fcl szexu\u00e1lis-orgazmikus kult\u00far\u00e1d. Egy olyan \u00e1tfog\u00f3, \u00f6nfejleszt\u00e9sedet seg\u00edt\u0151 online anyag, melyek sz\u00f6veg, hang \u00e9s vide\u00f3 form\u00e1tumban archiv\u00e1ltak, \u00e9s egy eg\u00e9sz \u00e9leten kereszt\u00fcl el\u00e9rhet\u0151ek maradnak sz\u00e1modra. A heti szinten feldolgozhat\u00f3 anyagok a fizikai kih\u00edv\u00e1s \u00e9s \u00e9rzelmi felfedez\u00e9s kever\u00e9k\u00e9b\u0151l \u00e1llnak \u00f6ssze, melyek a rendszeres gyakorl\u00e1s r\u00e9v\u00e9n teszik lehet\u0151v\u00e9 orgazmikus tested aktiv\u00e1l\u00e1s\u00e1t, gy\u00f6ny\u00f6rkapacit\u00e1sod n\u00f6vel\u00e9s\u00e9t \u00e9s teljes erotikus potenci\u00e1lod felszabad\u00edt\u00e1s\u00e1t.<\/p>\n<\/div>\n<\/div>\n<div class=\"elementor-element elementor-element-552f02ae elementor-widget elementor-widget-spacer\" style=\"text-align: center;\" data-id=\"552f02ae\" data-element_type=\"widget\" data-widget_type=\"spacer.default\">\n<div class=\"elementor-widget-container\">\n<div class=\"elementor-spacer\">\n<div class=\"elementor-spacer-inner\"><\/div>\n<\/div>\n<\/div>\n<\/div>\n<div class=\"elementor-element elementor-element-3023e6ea elementor-widget elementor-widget-heading\" style=\"text-align: center;\" data-id=\"3023e6ea\" data-element_type=\"widget\" data-widget_type=\"heading.default\">\n<div class=\"elementor-widget-container\">\n<h2 class=\"elementor-heading-title elementor-size-default\">&#8222;A SZEXU\u00c1LIS ENERGIA KREAT\u00cdV ENERGIA, \u00c9LET\u00dcNK \u00c9S KAPCSOLATAINK MOZGAT\u00d3JA&#8221;<\/h2>\n<\/div>\n<\/div>\n<div class=\"elementor-element elementor-element-1fdf2374 elementor-widget elementor-widget-spacer\" style=\"text-align: center;\" data-id=\"1fdf2374\" data-element_type=\"widget\" data-widget_type=\"spacer.default\">\n<div class=\"elementor-widget-container\">\n<div class=\"elementor-spacer\">\n<div class=\"elementor-spacer-inner\"><\/div>\n<\/div>\n<\/div>\n<\/div>\n<div class=\"elementor-element elementor-element-2dec351 elementor-widget elementor-widget-heading\" style=\"text-align: center;\" data-id=\"2dec351\" data-element_type=\"widget\" data-widget_type=\"heading.default\">\n<div class=\"elementor-widget-container\">\n<h2 class=\"elementor-heading-title elementor-size-default\"><span style=\"color: #4a4a4a;\">Mit ny\u00fajt AZ ORGAZMUSAKAD\u00c9MIA sz\u00e1modra?<\/span><\/h2>\n<\/div>\n<\/div>\n<div class=\"elementor-element elementor-element-5c49e0de elementor-align-left elementor-list-item-link-full_width elementor-widget elementor-widget-icon-list\" style=\"text-align: center;\" data-id=\"5c49e0de\" data-element_type=\"widget\" data-widget_type=\"icon-list.default\">\n<div class=\"elementor-widget-container\">\n<ul>\n<li>Az Orgazmus M\u0171v\u00e9szete c\u00edm\u0171 300 oldalas oktat\u00f3k\u00f6nyvet e-book form\u00e1tumban, amely nemzetk\u00f6zileg is egyed\u00fcl\u00e1ll\u00f3 szakirodalmat k\u00e9pvisel orgazmus t\u00e9m\u00e1ban &#8211; s ami fejl\u0151d\u00e9sed alapj\u00e1t \u00e9s vez\u00e9rfonal\u00e1t adja<\/li>\n<li>Let\u00f6lthet\u0151 anyagokat (sz\u00e1nd\u00e9kmeghat\u00e1roz\u00e1s, erotikus tudatt\u00e9rk\u00e9p, v\u00e1gyt\u00e9rk\u00e9p, orgazmust\u00e9rk\u00e9p)<\/li>\n<li>30 \u00f3r\u00e1nyi elm\u00e9let \u00e9s gyakorlat vide\u00f3 \u00e9s hanganyag form\u00e1j\u00e1ban (heti 3-4 \u00f3r\u00e1s id\u0151r\u00e1ford\u00edt\u00e1ssal \u00e9s gyakorl\u00e1ssal)<\/li>\n<li>Teljes ir\u00e1nymutat\u00e1st gy\u00f6ny\u00f6rnapl\u00f3d fel\u00e9p\u00edt\u00e9s\u00e9hez<\/li>\n<li>\u0150szinte, el\u0151\u00edt\u00e9letmentes, tabuk n\u00e9lk\u00fcli, halad\u00f3 szeml\u00e9let\u0171, r\u00e9szletes \u00fatmutat\u00e1st \u00e9s t\u00e1mogat\u00e1st<\/li>\n<li>Rendszeres \u00e9s folyamatos ir\u00e1nymutat\u00e1st f\u00e9l \u00e9ven kereszt\u00fcl napi szinten<\/li>\n<\/ul>\n<\/div>\n<\/div>\n<div class=\"elementor-element elementor-element-488723f6 elementor-widget elementor-widget-spacer\" style=\"text-align: center;\" data-id=\"488723f6\" data-element_type=\"widget\" data-widget_type=\"spacer.default\">\n<div class=\"elementor-widget-container\">\n<div class=\"elementor-spacer\">\n<div class=\"elementor-spacer-inner\"><\/div>\n<\/div>\n<\/div>\n<\/div>\n<div class=\"elementor-element elementor-element-7d89b583 elementor-widget elementor-widget-heading\" style=\"text-align: center;\" data-id=\"7d89b583\" data-element_type=\"widget\" data-widget_type=\"heading.default\">\n<div class=\"elementor-widget-container\">\n<h2 class=\"elementor-heading-title elementor-size-default\">Mi\u00e9rt tartom jelk\u00e9pes \u00f6sszegnek az online program \u00e1r\u00e1t?<\/h2>\n<\/div>\n<\/div>\n<div class=\"elementor-element elementor-element-29aa8fcd elementor-align-left elementor-list-item-link-full_width elementor-widget elementor-widget-icon-list\" data-id=\"29aa8fcd\" data-element_type=\"widget\" data-widget_type=\"icon-list.default\">\n<div class=\"elementor-widget-container\">\n<ul style=\"text-align: center;\">\n<li>Mert az orgazmusodnak felbecs\u00fclhetetlen \u00e9rt\u00e9ke van<\/li>\n<li>Mert a saj\u00e1t \u00e9letemen kereszt\u00fcl tapasztaltam meg, hogy a szexu\u00e1lis energia felszabad\u00edt\u00e1sa milyen \u00e9letmin\u0151s\u00e9gbeli v\u00e1lt\u00e1st tud hozni anyagi \u00e9s egy\u00e9b szinten is<\/li>\n<li>Mert nincsen ilyen spektrumot lefed\u0151 online oktat\u00f3anyag nemzetk\u00f6zi szinten sem<\/li>\n<li>Mert a k\u00e9pz\u00e9s a szexualit\u00e1s val\u00f3di term\u00e9szet\u00e9t mutatja meg az elm\u00e9letek \u00e9s porn\u00f3 helyett<\/li>\n<li>Mert ez egy \u00e9vtizednyi, nagyj\u00e1b\u00f3l 7-8000 kliensemmel val\u00f3 tapasztalatom esszenci\u00e1j\u00e1t tartalmazza<\/li>\n<\/ul>\n<p style=\"text-align: center;\"><a href=\"https:\/\/online.kekesreka.com\/en\/orgasmacademy-2\/\">B\u0150VEBBEN<\/a><\/p>\n<\/div>\n<\/div>","protected":false},"featured_media":19113,"template":"","meta":{"_acf_changed":false},"product_brand":[],"product_cat":[111],"product_tag":[],"class_list":{"0":"post-19111","1":"product","2":"type-product","3":"status-publish","4":"has-post-thumbnail","6":"product_cat-e-workshop","8":"first","9":"instock","10":"virtual","11":"sold-individually","12":"taxable","13":"purchasable","14":"product-type-simple"},"acf":[],"_links":{"self":[{"href":"https:\/\/online.kekesreka.com\/en\/wp-json\/wp\/v2\/product\/19111","targetHints":{"allow":["GET"]}}],"collection":[{"href":"https:\/\/online.kekesreka.com\/en\/wp-json\/wp\/v2\/product"}],"about":[{"href":"https:\/\/online.kekesreka.com\/en\/wp-json\/wp\/v2\/types\/product"}],"version-history":[{"count":4,"href":"https:\/\/online.kekesreka.com\/en\/wp-json\/wp\/v2\/product\/19111\/revisions"}],"predecessor-version":[{"id":24418,"href":"https:\/\/online.kekesreka.com\/en\/wp-json\/wp\/v2\/product\/19111\/revisions\/24418"}],"wp:featuredmedia":[{"embeddable":true,"href":"https:\/\/online.kekesreka.com\/en\/wp-json\/wp\/v2\/media\/19113"}],"wp:attachment":[{"href":"https:\/\/online.kekesreka.com\/en\/wp-json\/wp\/v2\/media?parent=19111"}],"wp:term":[{"taxonomy":"product_brand","embeddable":true,"href":"https:\/\/online.kekesreka.com\/en\/wp-json\/wp\/v2\/product_brand?post=19111"},{"taxonomy":"product_cat","embeddable":true,"href":"https:\/\/online.kekesreka.com\/en\/wp-json\/wp\/v2\/product_cat?post=19111"},{"taxonomy":"product_tag","embeddable":true,"href":"https:\/\/online.kekesreka.com\/en\/wp-json\/wp\/v2\/product_tag?post=19111"}],"curies":[{"name":"wp","href":"https:\/\/api.w.org\/{rel}","templated":true}]}}