{"id":19152,"date":"2023-04-29T15:52:03","date_gmt":"2023-04-29T13:52:03","guid":{"rendered":"https:\/\/online.kekesreka.com\/termek\/szexualis-gyonyor-online-program\/"},"modified":"2023-12-18T08:41:57","modified_gmt":"2023-12-18T07:41:57","slug":"szexualis-gyonyor-online-program","status":"publish","type":"product","link":"https:\/\/online.kekesreka.com\/en\/termek\/szexualis-gyonyor-online-program\/","title":{"rendered":"Szexu\u00e1lis Gy\u00f6ny\u00f6r Online Program"},"content":{"rendered":"","protected":false},"excerpt":{"rendered":"<p style=\"text-align: center;\"><a href=\"https:\/\/online.kekesreka.com\/en\/online\/\/\">B\u0150VEBBEN IDE KATTINTVA OLVASHATSZ A PROGRAMR\u00d3L<\/a><\/p>","protected":false},"featured_media":21187,"template":"","meta":{"_acf_changed":false},"product_brand":[],"product_cat":[111],"product_tag":[],"class_list":{"0":"post-19152","1":"product","2":"type-product","3":"status-publish","4":"has-post-thumbnail","6":"product_cat-e-workshop","8":"first","9":"outofstock","10":"sale","11":"virtual","12":"sold-individually","13":"taxable","14":"purchasable","15":"product-type-simple"},"acf":[],"_links":{"self":[{"href":"https:\/\/online.kekesreka.com\/en\/wp-json\/wp\/v2\/product\/19152","targetHints":{"allow":["GET"]}}],"collection":[{"href":"https:\/\/online.kekesreka.com\/en\/wp-json\/wp\/v2\/product"}],"about":[{"href":"https:\/\/online.kekesreka.com\/en\/wp-json\/wp\/v2\/types\/product"}],"version-history":[{"count":3,"href":"https:\/\/online.kekesreka.com\/en\/wp-json\/wp\/v2\/product\/19152\/revisions"}],"predecessor-version":[{"id":21268,"href":"https:\/\/online.kekesreka.com\/en\/wp-json\/wp\/v2\/product\/19152\/revisions\/21268"}],"wp:featuredmedia":[{"embeddable":true,"href":"https:\/\/online.kekesreka.com\/en\/wp-json\/wp\/v2\/media\/21187"}],"wp:attachment":[{"href":"https:\/\/online.kekesreka.com\/en\/wp-json\/wp\/v2\/media?parent=19152"}],"wp:term":[{"taxonomy":"product_brand","embeddable":true,"href":"https:\/\/online.kekesreka.com\/en\/wp-json\/wp\/v2\/product_brand?post=19152"},{"taxonomy":"product_cat","embeddable":true,"href":"https:\/\/online.kekesreka.com\/en\/wp-json\/wp\/v2\/product_cat?post=19152"},{"taxonomy":"product_tag","embeddable":true,"href":"https:\/\/online.kekesreka.com\/en\/wp-json\/wp\/v2\/product_tag?post=19152"}],"curies":[{"name":"wp","href":"https:\/\/api.w.org\/{rel}","templated":true}]}}