{"id":20267,"date":"2023-06-06T13:19:03","date_gmt":"2023-06-06T11:19:03","guid":{"rendered":"https:\/\/online.kekesreka.com\/termek\/az-orgazmus-muveszete-szex-konyv\/"},"modified":"2024-08-26T08:48:34","modified_gmt":"2024-08-26T06:48:34","slug":"az-orgazmus-muveszete-szex-konyv","status":"publish","type":"product","link":"https:\/\/online.kekesreka.com\/en\/termek\/az-orgazmus-muveszete-szex-konyv\/","title":{"rendered":"Az Orgazmus M\u0171v\u00e9szete"},"content":{"rendered":"<p>Minden ember eredend\u0151 v\u00e1gya \u00e9s k\u00e9sztet\u00e9se tal\u00e1lkozni \u00f6nmag\u00e1val, bels\u0151 esszenci\u00e1j\u00e1val, \u00e9s \u00e1ltala meg\u00e9rkezni egy m\u00e9lyebb kiteljesed\u00e9sbe, felszabadult gy\u00f6ny\u00f6rbe \u00e9s intenzit\u00e1sba.<\/p>\n<p>Ez a k\u00f6nyv abban ny\u00fajt seg\u00edts\u00e9get, hogy \u00fajra felfedezhesd, az orgazmus l\u00e9t\u00e1llapot. Egy olyan szabad \u00e9s kiterjedt fizikai-fiziol\u00f3giai-\u00e9rzelmi-lelki tudat\u00e1llapot megnyilv\u00e1nul\u00e1sa, mely minden \u00e9l\u0151 l\u00e9tez\u0151 alanyi joga, s melynek gy\u00f6kerei \u00f6nmagadban rejlenek.<\/p>\n<p>Egy olyan szexu\u00e1lis \u00f6nismereti t\u00e9rk\u00e9p, mely korl\u00e1tokt\u00f3l mentes, szabad l\u00e1t\u00e1sm\u00f3dj\u00e1n kereszt\u00fcl f\u00e9lres\u00f6pri az eredend\u0151 \u00e9leter\u0151t \u00e9s gy\u00f6ny\u00f6rt \u00f6vez\u0151 sz\u00e9gyent, f\u00e9lelmet, b\u0171ntudatot \u00e9s elv\u00e1r\u00e1st, ami tudattalanul hatja \u00e1t t\u00e1rsadalmunkat, kultur\u00e1lis \u00f6r\u00f6ks\u00e9g\u00fcnket, \u00e9s felhatalmaz minket arra az \u0151szinte, \u00f6nazonos, katartikus \u00e9s l\u00e9lektudatos \u00e9letre, mely minden ember term\u00e9szetes \u00e9s \u00f6szt\u00f6n\u00f6s kifejez\u0151d\u00e9se.<\/p>\n<p>Egy olyan \u00fajszer\u0171 szexu\u00e1lis n\u00e9z\u0151pontokat feszeget\u0151 k\u00f6nyv, mely szak\u00edt a hagyom\u00e1nyos megk\u00f6zel\u00edt\u00e9sekkel, az orgazmushoz \u00e9s nemis\u00e9ghez kapcsol\u00f3d\u00f3 kondicion\u00e1lt elk\u00e9pzel\u00e9sekkel \u00e9s hitekkel, \u00e9s elvezet minket az orgazmikus \u00e9let megtapasztal\u00e1s\u00e1nak esszenci\u00e1lis alapjaihoz.<\/p>\n<p>Egy olyan alapm\u0171 orgazmus t\u00e9m\u00e1ban, mely seg\u00edt tudatos\u00edtani a szexualit\u00e1sunkhoz kapcsol\u00f3d\u00f3 ellen\u00e1ll\u00e1sainkat, tudattalan mint\u00e1zatainkat, s t\u00e1mogat abban, hogy felhatalmazzuk magunkat a teljes er\u0151potenci\u00e1lunkkal, szenved\u00e9ly\u00fcnkkel \u00e9s gy\u00f6ny\u00f6r\u00fcnkkel val\u00f3 legm\u00e9lyebb kapcsol\u00f3d\u00e1sra.<\/p>","protected":false},"excerpt":{"rendered":"<p><a href=\"https:\/\/online.kekesreka.com\/wp-content\/uploads\/2023\/06\/Kekes-Reka-Az-Orgazmus-Muveszete-szexkonyv.webp\"><img fetchpriority=\"high\" decoding=\"async\" class=\"aligncenter wp-image-21026\" src=\"https:\/\/online.kekesreka.com\/wp-content\/uploads\/2023\/06\/Kekes-Reka-Az-Orgazmus-Muveszete-szexkonyv-1024x783.webp\" alt=\"Az Orgazmus m\u0171v\u00e9szete k\u00f6nyv\" width=\"697\" height=\"533\" srcset=\"https:\/\/online.kekesreka.com\/wp-content\/uploads\/2023\/06\/Kekes-Reka-Az-Orgazmus-Muveszete-szexkonyv-1024x783.webp 1024w, https:\/\/online.kekesreka.com\/wp-content\/uploads\/2023\/06\/Kekes-Reka-Az-Orgazmus-Muveszete-szexkonyv-300x230.webp 300w, https:\/\/online.kekesreka.com\/wp-content\/uploads\/2023\/06\/Kekes-Reka-Az-Orgazmus-Muveszete-szexkonyv-768x588.webp 768w, https:\/\/online.kekesreka.com\/wp-content\/uploads\/2023\/06\/Kekes-Reka-Az-Orgazmus-Muveszete-szexkonyv-16x12.webp 16w, https:\/\/online.kekesreka.com\/wp-content\/uploads\/2023\/06\/Kekes-Reka-Az-Orgazmus-Muveszete-szexkonyv-600x459.webp 600w, https:\/\/online.kekesreka.com\/wp-content\/uploads\/2023\/06\/Kekes-Reka-Az-Orgazmus-Muveszete-szexkonyv.webp 1277w\" sizes=\"(max-width: 697px) 100vw, 697px\" \/><\/a><br \/>\nMinden ember eredend\u0151 v\u00e1gya \u00e9s k\u00e9sztet\u00e9se tal\u00e1lkozni \u00f6nmag\u00e1val, bels\u0151 esszenci\u00e1j\u00e1val, \u00e9s \u00e1ltala meg\u00e9rkezni egy m\u00e9lyebb kiteljesed\u00e9sbe, felszabadult gy\u00f6ny\u00f6rbe \u00e9s intenzit\u00e1sba.<\/p>\n<p>Ez a k\u00f6nyv abban ny\u00fajt seg\u00edts\u00e9get, hogy \u00fajra felfedezhesd, az orgazmus l\u00e9t\u00e1llapot. Egy olyan szabad \u00e9s kiterjedt fizikai-fiziol\u00f3giai-\u00e9rzelmi-lelki tudat\u00e1llapot megnyilv\u00e1nul\u00e1sa, mely minden \u00e9l\u0151 l\u00e9tez\u0151 alanyi joga, s melynek gy\u00f6kerei \u00f6nmagadban rejlenek.<\/p>\n<p>Egy olyan szexu\u00e1lis \u00f6nismereti t\u00e9rk\u00e9p, mely korl\u00e1tokt\u00f3l mentes, szabad l\u00e1t\u00e1sm\u00f3dj\u00e1n kereszt\u00fcl f\u00e9lres\u00f6pri az eredend\u0151 \u00e9leter\u0151t \u00e9s gy\u00f6ny\u00f6rt \u00f6vez\u0151 sz\u00e9gyent, f\u00e9lelmet, b\u0171ntudatot \u00e9s elv\u00e1r\u00e1st, ami tudattalanul hatja \u00e1t t\u00e1rsadalmunkat, kultur\u00e1lis \u00f6r\u00f6ks\u00e9g\u00fcnket, \u00e9s felhatalmaz minket arra az \u0151szinte, \u00f6nazonos, katartikus \u00e9s l\u00e9lektudatos \u00e9letre, mely minden ember term\u00e9szetes \u00e9s \u00f6szt\u00f6n\u00f6s kifejez\u0151d\u00e9se.<\/p>\n<p>Egy olyan \u00fajszer\u0171 szexu\u00e1lis n\u00e9z\u0151pontokat feszeget\u0151 k\u00f6nyv, mely szak\u00edt a hagyom\u00e1nyos megk\u00f6zel\u00edt\u00e9sekkel, az orgazmushoz \u00e9s nemis\u00e9ghez kapcsol\u00f3d\u00f3 kondicion\u00e1lt elk\u00e9pzel\u00e9sekkel \u00e9s hitekkel, \u00e9s elvezet minket az orgazmikus \u00e9let megtapasztal\u00e1s\u00e1nak esszenci\u00e1lis alapjaihoz.<\/p>\n<p>Egy olyan alapm\u0171 orgazmus t\u00e9m\u00e1ban, mely seg\u00edt tudatos\u00edtani a szexualit\u00e1sunkhoz kapcsol\u00f3d\u00f3 ellen\u00e1ll\u00e1sainkat, tudattalan mint\u00e1zatainkat, s t\u00e1mogat abban, hogy felhatalmazzuk magunkat a teljes er\u0151potenci\u00e1lunkkal, szenved\u00e9ly\u00fcnkkel \u00e9s gy\u00f6ny\u00f6r\u00fcnkkel val\u00f3 legm\u00e9lyebb kapcsol\u00f3d\u00e1sra.<\/p>","protected":false},"featured_media":21156,"template":"","meta":{"_acf_changed":false},"product_brand":[],"product_cat":[118],"product_tag":[],"class_list":{"0":"post-20267","1":"product","2":"type-product","3":"status-publish","4":"has-post-thumbnail","6":"product_cat-konyv","7":"product_shipping_class-konyv-szallitasi-dij","9":"first","10":"instock","11":"sold-individually","12":"taxable","13":"shipping-taxable","14":"purchasable","15":"product-type-simple"},"acf":[],"_links":{"self":[{"href":"https:\/\/online.kekesreka.com\/en\/wp-json\/wp\/v2\/product\/20267","targetHints":{"allow":["GET"]}}],"collection":[{"href":"https:\/\/online.kekesreka.com\/en\/wp-json\/wp\/v2\/product"}],"about":[{"href":"https:\/\/online.kekesreka.com\/en\/wp-json\/wp\/v2\/types\/product"}],"version-history":[{"count":4,"href":"https:\/\/online.kekesreka.com\/en\/wp-json\/wp\/v2\/product\/20267\/revisions"}],"predecessor-version":[{"id":21157,"href":"https:\/\/online.kekesreka.com\/en\/wp-json\/wp\/v2\/product\/20267\/revisions\/21157"}],"wp:featuredmedia":[{"embeddable":true,"href":"https:\/\/online.kekesreka.com\/en\/wp-json\/wp\/v2\/media\/21156"}],"wp:attachment":[{"href":"https:\/\/online.kekesreka.com\/en\/wp-json\/wp\/v2\/media?parent=20267"}],"wp:term":[{"taxonomy":"product_brand","embeddable":true,"href":"https:\/\/online.kekesreka.com\/en\/wp-json\/wp\/v2\/product_brand?post=20267"},{"taxonomy":"product_cat","embeddable":true,"href":"https:\/\/online.kekesreka.com\/en\/wp-json\/wp\/v2\/product_cat?post=20267"},{"taxonomy":"product_tag","embeddable":true,"href":"https:\/\/online.kekesreka.com\/en\/wp-json\/wp\/v2\/product_tag?post=20267"}],"curies":[{"name":"wp","href":"https:\/\/api.w.org\/{rel}","templated":true}]}}