{"id":21089,"date":"2023-08-23T12:28:19","date_gmt":"2023-08-23T10:28:19","guid":{"rendered":"https:\/\/online.kekesreka.com\/termek\/a-szexualis-energiamegtartas-hatasai-es-elonyei-online-eloadas\/"},"modified":"2024-01-01T15:06:21","modified_gmt":"2024-01-01T14:06:21","slug":"a-szexualis-energiamegtartas-hatasai-es-elonyei-online-eloadas","status":"publish","type":"product","link":"https:\/\/online.kekesreka.com\/en\/termek\/a-szexualis-energiamegtartas-hatasai-es-elonyei-online-eloadas\/","title":{"rendered":"A Szexu\u00e1lis Energiamegtart\u00e1s Hat\u00e1sai \u00e9s El\u0151nyei &#8211; Online El\u0151ad\u00e1s"},"content":{"rendered":"","protected":false},"excerpt":{"rendered":"","protected":false},"featured_media":21081,"template":"","meta":{"_acf_changed":false},"product_brand":[],"product_cat":[113,111],"product_tag":[],"class_list":{"0":"post-21089","1":"product","2":"type-product","3":"status-publish","4":"has-post-thumbnail","6":"product_cat-eloadas","7":"product_cat-e-workshop","9":"first","10":"instock","11":"virtual","12":"sold-individually","13":"taxable","14":"purchasable","15":"product-type-simple"},"acf":[],"_links":{"self":[{"href":"https:\/\/online.kekesreka.com\/en\/wp-json\/wp\/v2\/product\/21089","targetHints":{"allow":["GET"]}}],"collection":[{"href":"https:\/\/online.kekesreka.com\/en\/wp-json\/wp\/v2\/product"}],"about":[{"href":"https:\/\/online.kekesreka.com\/en\/wp-json\/wp\/v2\/types\/product"}],"version-history":[{"count":3,"href":"https:\/\/online.kekesreka.com\/en\/wp-json\/wp\/v2\/product\/21089\/revisions"}],"predecessor-version":[{"id":26043,"href":"https:\/\/online.kekesreka.com\/en\/wp-json\/wp\/v2\/product\/21089\/revisions\/26043"}],"wp:featuredmedia":[{"embeddable":true,"href":"https:\/\/online.kekesreka.com\/en\/wp-json\/wp\/v2\/media\/21081"}],"wp:attachment":[{"href":"https:\/\/online.kekesreka.com\/en\/wp-json\/wp\/v2\/media?parent=21089"}],"wp:term":[{"taxonomy":"product_brand","embeddable":true,"href":"https:\/\/online.kekesreka.com\/en\/wp-json\/wp\/v2\/product_brand?post=21089"},{"taxonomy":"product_cat","embeddable":true,"href":"https:\/\/online.kekesreka.com\/en\/wp-json\/wp\/v2\/product_cat?post=21089"},{"taxonomy":"product_tag","embeddable":true,"href":"https:\/\/online.kekesreka.com\/en\/wp-json\/wp\/v2\/product_tag?post=21089"}],"curies":[{"name":"wp","href":"https:\/\/api.w.org\/{rel}","templated":true}]}}