{"id":21606,"date":"2023-10-10T14:46:59","date_gmt":"2023-10-10T12:46:59","guid":{"rendered":"https:\/\/online.kekesreka.com\/?post_type=product&#038;p=21606"},"modified":"2025-08-07T19:14:25","modified_gmt":"2025-08-07T17:14:25","slug":"gyonyortipusok-hanganyag","status":"publish","type":"product","link":"https:\/\/online.kekesreka.com\/en\/termek\/gyonyortipusok-hanganyag\/","title":{"rendered":"T\u00e9rk\u00e9p az Izgalomhoz &#8211; Gy\u00f6ny\u00f6rt\u00edpusok"},"content":{"rendered":"","protected":false},"excerpt":{"rendered":"<p class=\"ai-optimize-18\">V\u00e1gyakkal sz\u00fclet\u00fcnk. Az \u00e9letv\u00e1gy a legelemibb \u00f6szt\u00f6n\u00fcnk, \u00e9s a kiteljesed\u00e9s ig\u00e9nye olyan alapmot\u00edvumk\u00e9nt hatja \u00e1t a l\u00e9tez\u00e9s\u00fcnket, mely egy\u00e9ni m\u00f3don keresi a v\u00e1laszt a bels\u0151 ig\u00e9nyeinkre, sz\u00fcks\u00e9gleteinkre. A szexualit\u00e1s ennek egyfajta megnyilv\u00e1nul\u00e1sa, mely az egy\u00e9n m\u00faltj\u00e1nak, tapasztalatainak, \u00e9s ebb\u0151l kialakult k\u00e9pess\u00e9geinek, tudattalan \u00f6szt\u00f6neinek visszat\u00fckr\u00f6z\u0151d\u00e9se is egyben.<\/p>\n<p class=\"ai-optimize-19\">V\u00e1gy- \u00e9s gy\u00f6ny\u00f6rlehet\u0151s\u00e9geid b\u00e1r v\u00e9gtelenek, de a k\u00f6rnyezeted, \u00e9s az arra adott v\u00e1laszaid egy\u00e9ni m\u00f3don \u00e9s ar\u00e1nyban form\u00e1lt\u00e1k intim, valamint \u00e9rz\u00e9ki-szexu\u00e1lis \u201cszeretetnyelvedet\u201d. A gy\u00f6ny\u00f6rt\u00edpusod megmutatja, hogy mi sz\u00e1modra a szexualit\u00e1s \u00e9rt\u00e9ke, jelent\u00e9se \u00e9s jelent\u0151s\u00e9ge, \u00e9s azt is, hogyan \u00e9s milyen m\u00f3don \u00e9red el a beteljes\u00fcl\u00e9st az alkatodnak megfelel\u0151en.<\/p>\n<p class=\"ai-optimize-20\">Megmutatja, mit jelent sz\u00e1modra a gy\u00f6ny\u00f6r, hogyan kapcsol\u00f3dsz vele a legk\u00f6nnyebben \u00e9s a legkiterjedtebb spektrumon, hiszen ez az, ami a testedet term\u00e9szetszer\u0171leg felt\u00f6lti, izgalmadat t\u00e1pl\u00e1lja, l\u00e9nyedet teljes m\u00e9rt\u00e9kben kiel\u00e9g\u00edti \u00e9s kiteljes\u00edti. R\u00f6viden fogalmazva el\u00e1rulja, mi is az, ami k\u00f6zvetlen\u00fcl \u00e9s igaz\u00e1n beind\u00edt, \u00e9lvezetet ad neked.<\/p>\n<p class=\"ai-optimize-21\">Ez a Gy\u00f6ny\u00f6rt\u00edpusok c\u00edm\u0171 el\u0151ad\u00e1s hanganyaga, mely m\u00e9lyebb betekint\u00e9st \u00e9s ismeretet ny\u00fajt arra vonatkoz\u00f3an, milyen gy\u00f6ny\u00f6rt\u00edpusok l\u00e9teznek, mi\u00e9rt is alakulnak ki, milyen \u00e9rt\u00e9keket k\u00e9pviselnek, \u00e9s milyen kih\u00edv\u00e1sokkal, \u00e1rny\u00e9kokkal tal\u00e1lj\u00e1k szembe magukat a mindennapokban, az intim kapcsol\u00f3d\u00e1saikban. Melyek e karakterek legjellemz\u0151bb testjelei, amelyeken kereszt\u00fcl fel tudjuk ismerni \u0151ket, \u00e9s hogyan, milyen eszk\u00f6z\u00f6kkel tudjuk t\u00e1pl\u00e1lni azokat tudatosan, ig\u00e9nyeik l\u00e9nyegi \u00e1t\u00e9rz\u00e9se, motiv\u00e1ci\u00f3ik meg\u00e9rt\u00e9se \u00e1ltal.<\/p>\n<p class=\"ai-optimize-22\">V\u00e1laszokat kaphatsz arra vonatkoz\u00f3lag is, hogy milyen m\u00f3don lehet e t\u00edpusokat fejleszteni, adotts\u00e1gaikat a legk\u00f6nnyebben kibontakoztatni. Valamint azt is, hogyan lehet a hasonl\u00f3 vagy \u00e9pp ellent\u00e9tes ir\u00e1nyults\u00e1g\u00fa gy\u00f6ny\u00f6rt\u00edpusok k\u00f6z\u00f6tt megtal\u00e1lni azokat az erotikus-szexu\u00e1lis tartom\u00e1nyokat, melyben a felek lemond\u00e1s \u00e9s kompromisszumok n\u00e9lk\u00fcl \u00e9lhetik meg \u00f6nmagukat, szexu\u00e1lis jelenl\u00e9t\u00fcket k\u00f6lcs\u00f6n\u00f6sen t\u00e1mogatva, inspir\u00e1lts\u00e1gban egy\u00fcttm\u0171k\u00f6dve.<\/p>\n<p class=\"ai-optimize-23\">Milyen szexu\u00e1lis \u00f6nismereti technik\u00e1kra \u00e9s m\u00f3dszerekre \u00e9rdemes szert tenned a gy\u00f6ny\u00f6rt\u00edpusodnak megfelel\u0151en annak \u00e9rdek\u00e9ben, hogy a k\u00f6z\u00f6sen meg\u00e9lt szex \u00f6nfeledt, felszabadult \u00e9s \u00f6r\u00f6mteli legyen, \u00e9s a gy\u00f6ny\u00f6rtudatos jelenl\u00e9ted \u0151szinte felt\u00e1rulkoz\u00e1s\u00e1b\u00f3l fakad?<\/p>\n<p class=\"ai-optimize-24\">Id\u0151tartam: 100 perc<\/p>","protected":false},"featured_media":21772,"template":"","meta":{"_acf_changed":false},"product_brand":[],"product_cat":[115],"product_tag":[],"class_list":{"0":"post-21606","1":"product","2":"type-product","3":"status-publish","4":"has-post-thumbnail","6":"product_cat-hanganyag","8":"first","9":"instock","10":"downloadable","11":"virtual","12":"sold-individually","13":"taxable","14":"purchasable","15":"product-type-simple"},"acf":[],"_links":{"self":[{"href":"https:\/\/online.kekesreka.com\/en\/wp-json\/wp\/v2\/product\/21606","targetHints":{"allow":["GET"]}}],"collection":[{"href":"https:\/\/online.kekesreka.com\/en\/wp-json\/wp\/v2\/product"}],"about":[{"href":"https:\/\/online.kekesreka.com\/en\/wp-json\/wp\/v2\/types\/product"}],"version-history":[{"count":11,"href":"https:\/\/online.kekesreka.com\/en\/wp-json\/wp\/v2\/product\/21606\/revisions"}],"predecessor-version":[{"id":27354,"href":"https:\/\/online.kekesreka.com\/en\/wp-json\/wp\/v2\/product\/21606\/revisions\/27354"}],"wp:featuredmedia":[{"embeddable":true,"href":"https:\/\/online.kekesreka.com\/en\/wp-json\/wp\/v2\/media\/21772"}],"wp:attachment":[{"href":"https:\/\/online.kekesreka.com\/en\/wp-json\/wp\/v2\/media?parent=21606"}],"wp:term":[{"taxonomy":"product_brand","embeddable":true,"href":"https:\/\/online.kekesreka.com\/en\/wp-json\/wp\/v2\/product_brand?post=21606"},{"taxonomy":"product_cat","embeddable":true,"href":"https:\/\/online.kekesreka.com\/en\/wp-json\/wp\/v2\/product_cat?post=21606"},{"taxonomy":"product_tag","embeddable":true,"href":"https:\/\/online.kekesreka.com\/en\/wp-json\/wp\/v2\/product_tag?post=21606"}],"curies":[{"name":"wp","href":"https:\/\/api.w.org\/{rel}","templated":true}]}}