{"id":22216,"date":"2023-11-07T12:27:45","date_gmt":"2023-11-07T11:27:45","guid":{"rendered":"https:\/\/online.kekesreka.com\/?post_type=product&#038;p=22216"},"modified":"2025-08-07T18:44:43","modified_gmt":"2025-08-07T16:44:43","slug":"a-szexualis-energiamegtartas-hatasai-es-elonyei","status":"publish","type":"product","link":"https:\/\/online.kekesreka.com\/en\/termek\/a-szexualis-energiamegtartas-hatasai-es-elonyei\/","title":{"rendered":"A Szexu\u00e1lis Energiamegtart\u00e1s Hat\u00e1sai \u00e9s El\u0151nyei"},"content":{"rendered":"","protected":false},"excerpt":{"rendered":"<div class=\"elementor-element elementor-element-45e06b72 elementor-widget elementor-widget-text-editor\" data-id=\"45e06b72\" data-element_type=\"widget\" data-widget_type=\"text-editor.default\">\n<div class=\"elementor-widget-container\">\n<p class=\"ai-optimize-18\">Szexu\u00e1lis gy\u00f6ny\u00f6r\u00fcnk min\u0151s\u00e9g\u00e9t \u00e9s intenzit\u00e1s\u00e1t er\u0151teljesen meghat\u00e1rozza az, hogy hogyan b\u00e1nunk az \u00e9letenergi\u00e1nkkal. A test\u00fcnkkel val\u00f3 meghitt kapcsolat \u00e9s a benne kibontakoz\u00f3 orgazmus annak f\u00fcggv\u00e9nye, mennyire vagyunk tudatosak az \u00e9leter\u0151nk vonatkoz\u00e1s\u00e1ban: hogyan aktiv\u00e1ljuk, stabiliz\u00e1ljuk \u00e9s szab\u00e1lyozzuk azt, mint az \u00e9letv\u00e1gy, izgalmi v\u00e1lasz \u00e9s a lehet\u0151s\u00e9gekre val\u00f3 nyitotts\u00e1g m\u00f6g\u00f6tt l\u00e1thatatlanul megh\u00faz\u00f3d\u00f3 sz\u00e1nd\u00e9kk\u00e9nt. Az ebb\u0151l t\u00e1pl\u00e1lkoz\u00f3 l\u00e9t\u00e1llapotunk fogja mozgatni a szex\u00fcnket, a kapcsolati dinamik\u00e1inkat, \u00e9s az \u00e9let\u00fcnk egy\u00e9b ter\u00fcleteit.<\/p>\n<p class=\"ai-optimize-19\">Szexnegat\u00edv t\u00e1rsadalmunk nemcsak nem ad megfelel\u0151 ismeretet arra vonatkoz\u00f3an, hogyan gondozzuk megfelel\u0151 m\u00f3don \u00e9s eszk\u00f6z\u00f6kkel a szexu\u00e1lis \u00e9letenergi\u00e1nkat, hanem a tabus\u00edt\u00e1s \u00e9s kollekt\u00edv f\u00e9lrevezet\u00e9s ment\u00e9n olyan inform\u00e1ci\u00f3kkal szolg\u00e1l, mely m\u00e9ly\u00edti, al\u00e1t\u00e1masztja \u00e9s gyakorlatilag legaliz\u00e1lja azokat a hiteket, melyek elv\u00e1lasztanak minket a gy\u00f6ny\u00f6r val\u00f3s\u00e1g\u00e1t\u00f3l. Ezek a hamis megk\u00f6zel\u00edt\u00e9sek v\u00e9g\u00fcl szexu\u00e1lis zavarok, gyorsan bek\u00f6vetkez\u0151 mag\u00f6ml\u00e9s, erekci\u00f3s probl\u00e9m\u00e1k, v\u00e1gyn\u00e9lk\u00fclis\u00e9g vagy ak\u00e1r kapcsolati elhideg\u00fcl\u00e9s form\u00e1j\u00e1ban bontj\u00e1k meg az intim kapcsol\u00f3d\u00e1saink k\u00f6nnyed ter\u00e9t.<\/p>\n<p class=\"ai-optimize-20\">A szexu\u00e1lis \u00f6nismeret \u00e9s az \u00e1ltala tudatosan elsaj\u00e1t\u00edthat\u00f3 energiaszab\u00e1lyoz\u00e1s egy olyan lehet\u0151s\u00e9g, mely minden ember sz\u00e1m\u00e1ra el\u00e9rhet\u0151, \u00e9s megfelel\u0151 technik\u00e1kkal, egyszer\u0171 m\u00f3dszerekkel kifejleszthet\u0151. Ennek alapja a szexu\u00e1lis energiamegtart\u00e1s, mely olyan rendk\u00edv\u00fcli \u00e9s \u00e9letmegv\u00e1ltoztat\u00f3 m\u00f3don t\u00e1mogathat minket, mely jav\u00edthatja l\u00e9tmin\u0151s\u00e9g\u00fcnket, \u00e9s ezzel egy\u00fctt fel\u00fcl\u00edrhatja az intim ter\u00fcleteken \u2013 egy\u00e9ni szinten vagy az egy\u00e9nek k\u00f6z\u00f6tti p\u00e1rdinamik\u00e1ban \u2013 megjelen\u0151 probl\u00e9m\u00e1kat.<\/p>\n<p class=\"ai-optimize-21\">Ennek a hanganyagnak a c\u00e9lja megismertetni a szexu\u00e1lis energiamegtart\u00e1s fogalm\u00e1t, annak alapvet\u0151 n\u00e9z\u0151pontjait \u00e9s ir\u00e1nyait, valamint az \u00e1ltala megjelen\u0151 pozit\u00edv hat\u00e1sokat, el\u0151ny\u00f6ket. Seg\u00edt abban is, hogy e m\u00f3dszerek bemutat\u00e1s\u00e1n kereszt\u00fcl megtal\u00e1ljuk azokat az \u00fatvonalakat, melyek fel\u00fcl\u00edrj\u00e1k a test\u00fcnkben \u00e9s a szexualit\u00e1sunkban m\u0171k\u00f6dtetett negat\u00edv s\u00e9m\u00e1kat, azokat a tudattalan szok\u00e1sokat, melyek hossz\u00fa t\u00e1von okozhatnak k\u00e1rokat a gy\u00f6ny\u00f6rvitalit\u00e1sunk fenntart\u00e1s\u00e1ban.<\/p>\n<\/div>\n<\/div>\n<div class=\"elementor-element elementor-element-c8e69ab elementor-widget elementor-widget-text-editor\" data-id=\"c8e69ab\" data-element_type=\"widget\" data-widget_type=\"text-editor.default\">\n<div class=\"elementor-widget-container\">\n<p class=\"ai-optimize-22\">A hanganyag t\u00e1mogatja a szexualit\u00e1shoz \u00e9s meztelens\u00e9ghez kapcsol\u00f3d\u00f3 term\u00e9szetes, sz\u00e9gyen- \u00e9s tabumentes kommunik\u00e1ci\u00f3t, \u00f6nkifejez\u00e9st \u00e9s nyelvezetet, de nem c\u00e9lja a provok\u00e1ci\u00f3.<\/p>\n<p class=\"ai-optimize-23\">Id\u0151tartam: 120 perc<\/p>\n<\/div>\n<\/div>","protected":false},"featured_media":22217,"template":"","meta":{"_acf_changed":false},"product_brand":[],"product_cat":[115],"product_tag":[],"class_list":{"0":"post-22216","1":"product","2":"type-product","3":"status-publish","4":"has-post-thumbnail","6":"product_cat-hanganyag","8":"first","9":"instock","10":"downloadable","11":"virtual","12":"sold-individually","13":"taxable","14":"purchasable","15":"product-type-simple"},"acf":[],"_links":{"self":[{"href":"https:\/\/online.kekesreka.com\/en\/wp-json\/wp\/v2\/product\/22216","targetHints":{"allow":["GET"]}}],"collection":[{"href":"https:\/\/online.kekesreka.com\/en\/wp-json\/wp\/v2\/product"}],"about":[{"href":"https:\/\/online.kekesreka.com\/en\/wp-json\/wp\/v2\/types\/product"}],"version-history":[{"count":2,"href":"https:\/\/online.kekesreka.com\/en\/wp-json\/wp\/v2\/product\/22216\/revisions"}],"predecessor-version":[{"id":27353,"href":"https:\/\/online.kekesreka.com\/en\/wp-json\/wp\/v2\/product\/22216\/revisions\/27353"}],"wp:featuredmedia":[{"embeddable":true,"href":"https:\/\/online.kekesreka.com\/en\/wp-json\/wp\/v2\/media\/22217"}],"wp:attachment":[{"href":"https:\/\/online.kekesreka.com\/en\/wp-json\/wp\/v2\/media?parent=22216"}],"wp:term":[{"taxonomy":"product_brand","embeddable":true,"href":"https:\/\/online.kekesreka.com\/en\/wp-json\/wp\/v2\/product_brand?post=22216"},{"taxonomy":"product_cat","embeddable":true,"href":"https:\/\/online.kekesreka.com\/en\/wp-json\/wp\/v2\/product_cat?post=22216"},{"taxonomy":"product_tag","embeddable":true,"href":"https:\/\/online.kekesreka.com\/en\/wp-json\/wp\/v2\/product_tag?post=22216"}],"curies":[{"name":"wp","href":"https:\/\/api.w.org\/{rel}","templated":true}]}}