{"id":22582,"date":"2023-11-21T14:10:50","date_gmt":"2023-11-21T13:10:50","guid":{"rendered":"https:\/\/online.kekesreka.com\/?post_type=product&#038;p=22582"},"modified":"2024-01-01T13:16:07","modified_gmt":"2024-01-01T12:16:07","slug":"purii-feher-jade-gyonyortojas","status":"publish","type":"product","link":"https:\/\/online.kekesreka.com\/en\/termek\/purii-feher-jade-gyonyortojas\/","title":{"rendered":"Purii Gy\u00f6ny\u00f6rtoj\u00e1s"},"content":{"rendered":"","protected":false},"excerpt":{"rendered":"<p>A gy\u00f6ny\u00f6r v\u00e9gtelen. Az intenzit\u00e1s m\u00e9lys\u00e9g\u00e9nek \u00e1t\u00e9l\u00e9se a teljes testedben. Szexu\u00e1lis er\u0151k\u00f6zpontod a gy\u00f6ny\u00f6r forr\u00e1sa. V\u00e1gyer\u0151d \u00e9s n\u0151is\u00e9ged k\u00f6zpontja. A n\u0151 egyetemes term\u00e9szete gy\u00f6ny\u00f6rteste fel\u00e9breszt\u00e9se. Elmer\u00fcl\u00e9s az erotikus jelenl\u00e9t \u00e9rz\u00e9s\u00e9ben.<\/p>\n<p>A gy\u00f6ny\u00f6rtoj\u00e1s (m\u00e1s nev\u00e9n j\u00f3ni toj\u00e1s) n\u0151is\u00e9ged r\u00edtus\u00e1nak k\u00f6z\u00e9ppontja. Erotikus \u00e9rz\u00e9kenys\u00e9ged \u00e9s vitalit\u00e1sod forr\u00e1sa. A gy\u00f6ny\u00f6r kiindul\u00f3pontja.\u00a0Az elm\u00e9ly\u00fclt figyelmen kereszt\u00fcl orgazmikus jelenl\u00e9ted \u00e9letre kel.\u00a0\u00c9breszd fel n\u0151is\u00e9ged gy\u00f6ker\u00e9t, \u00e9rezd \u00e1t a szexu\u00e1lis v\u00e1gy erej\u00e9t \u00e9s rajta kereszt\u00fcl felszabad\u00edtott \u00f6nmagad.<\/p>\n<p>Purii egy olyan feh\u00e9r j\u00e1d\u00e9b\u00f3l k\u00e9sz\u00fclt \u00e9s alapvet\u0151 haszn\u00e1latra sz\u00e1nt szexu\u00e1lis fejleszt\u0151eszk\u00f6z, mely kezdetben \u00e9s a k\u00e9s\u0151bbiekben is tiszt\u00e1n megmutatja a szexu\u00e1lis izgalmadhoz vezet\u0151 utat.\u00a0 A gy\u00f6ny\u00f6rtoj\u00e1s (j\u00f3ni toj\u00e1s) elk\u00f6telezett haszn\u00e1lata, valamint a gy\u00f6ny\u00f6rbarlangoddal kialak\u00edtott \u00e9l\u0151 \u00e9s folyamatos kapcsolat megnyitja, feler\u0151s\u00edti \u00e9s stabiliz\u00e1lja v\u00e1gy\u00e9rzeteidet.<\/p>\n<p>Gy\u00f6ny\u00f6rtoj\u00e1sod finom mozgat\u00e1s\u00e1val \u00e1t\u00e9lheted az ott l\u00e9v\u0151 akt\u00edv jelenl\u00e9t intenzit\u00e1s\u00e1t, a kiterjesztett orgazmikus \u00e1llapotok megtapasztal\u00e1s\u00e1t &#8211; b\u00e1rmilyen testhelyzetben \u00e9s m\u00f3don. Az energetikai \u00e9s erotikus jelenl\u00e9ted fejleszt\u00e9se mellett pedig meger\u0151s\u00edtheted a medencei sz\u00f6veteidet, medencealapi izmaidat is.<\/p>\n<p>Purii sz\u00e1nd\u00e9ka a kifinomult \u00e9rz\u00e9kel\u00e9sen kereszt\u00fcl h\u00fcvelyed ki\u00e9rz\u00e9keny\u00edt\u00e9se. Csak hangol\u00f3dj az \u00e1t\u00e9rz\u00e9si k\u00e9pess\u00e9gedre, \u00e9s k\u00f6vetve az energi\u00e1t, mer\u00fclj el a szexu\u00e1lis \u00f6nfelfedez\u00e9sben!<\/p>\n<p>Purii j\u00f3ni toj\u00e1sa kif\u00fart, zsin\u00f3ros v\u00e1ltozatban is el\u00e9rhet\u0151, mellyel b\u0151v\u00edtheted \u00e9s v\u00e1ltozatosabb\u00e1 teheted orgazmusk\u00e9szs\u00e9geidet fejleszt\u0151 folyamataidat.<\/p>\n<p>H\u00e1rom m\u00e9retben rendelhet\u0151, sz\u00fclt n\u0151kn\u00e9l a nagy, \u00e9rintetlen n\u0151kn\u00e9l pedig a legkisebb m\u00e9ret javasolt kezdetben.<\/p>\n<p>Ha pedig egy\u00e9b, term\u00e9szetes krist\u00e1lyb\u00f3l k\u00e9sz\u00fclt szexu\u00e1lis fejleszt\u0151eszk\u00f6z\u00f6ket, gy\u00f6ny\u00f6reszk\u00f6z\u00f6ket keresel, l\u00e1togass el a Rituii oldal\u00e1ra, ahol b\u0151vebb inform\u00e1ci\u00f3kat kaphatsz e term\u00e9kek el\u0151nyeir\u0151l, haszn\u00e1lat\u00e1r\u00f3l, tiszt\u00edt\u00e1s\u00e1r\u00f3l \u00e9s t\u00e1rol\u00e1s\u00e1r\u00f3l.\u00a0<a href=\"https:\/\/www.rituii.com\/hu\/termekek\/hasznalat\" target=\"_blank\" rel=\"noopener\">Kattints ide<\/a>\u00a0a t\u00e1j\u00e9koztat\u00e1s\u00e9rt. Valamint, ha szeretn\u00e9l a j\u00f3ni toj\u00e1s alkalmaz\u00e1s\u00e1r\u00f3l t\u00f6bbet megtudni, olvasd el a\u00a0<a href=\"https:\/\/kekesreka.com\/joni-tojas-hasznalata-es-celja\/\" target=\"_blank\" rel=\"noopener\">J\u00f3ni Toj\u00e1s Haszn\u00e1lata \u00e9s C\u00e9lja<\/a>\u00a0c\u00edm\u0171 cikkemet.<\/p>\n<p>&nbsp;<\/p>\n<p>ANYAGA<\/p>\n<ul>\n<li>feh\u00e9r j\u00e1de<\/li>\n<\/ul>\n<p>&nbsp;<\/p>\n<p>M\u00c9RETE<\/p>\n<ul>\n<li>S\/3.0cm\/2.0cm<\/li>\n<li>M\/4.0cm\/2.5cm<\/li>\n<li>L\/4.5cm\/3cm<\/li>\n<\/ul>\n<p>&nbsp;<\/p>\n<p>J\u00d3NI TOJ\u00c1S C\u00c9LJA<\/p>\n<ul>\n<li>H\u00fcvely ki\u00e9rz\u00e9keny\u00edt\u00e9se<\/li>\n<li>H\u00fcvelyi jelenl\u00e9t ki\u00e9p\u00edt\u00e9se<\/li>\n<li>H\u00fcvely meger\u0151s\u00edt\u00e9se<\/li>\n<li>H\u00fcvelyi vitalit\u00e1s folyamatos fenntart\u00e1sa<\/li>\n<li>H\u00fcvelyi gy\u00f6ny\u00f6rk\u00e9szs\u00e9ged megalapoz\u00e1sa<\/li>\n<li>H\u00fcvelyi befogad\u00f3k\u00e9szs\u00e9ged fel\u00e9p\u00edt\u00e9se<\/li>\n<\/ul>","protected":false},"featured_media":22568,"template":"","meta":{"_acf_changed":false},"product_brand":[],"product_cat":[114],"product_tag":[],"class_list":{"0":"post-22582","1":"product","2":"type-product","3":"status-publish","4":"has-post-thumbnail","6":"product_cat-gyonyor-eszkozok","7":"product_shipping_class-konyv-szallitasi-dij","9":"first","10":"instock","11":"taxable","12":"shipping-taxable","13":"purchasable","14":"product-type-variable","15":"has-default-attributes"},"acf":[],"_links":{"self":[{"href":"https:\/\/online.kekesreka.com\/en\/wp-json\/wp\/v2\/product\/22582","targetHints":{"allow":["GET"]}}],"collection":[{"href":"https:\/\/online.kekesreka.com\/en\/wp-json\/wp\/v2\/product"}],"about":[{"href":"https:\/\/online.kekesreka.com\/en\/wp-json\/wp\/v2\/types\/product"}],"version-history":[{"count":5,"href":"https:\/\/online.kekesreka.com\/en\/wp-json\/wp\/v2\/product\/22582\/revisions"}],"predecessor-version":[{"id":22612,"href":"https:\/\/online.kekesreka.com\/en\/wp-json\/wp\/v2\/product\/22582\/revisions\/22612"}],"wp:featuredmedia":[{"embeddable":true,"href":"https:\/\/online.kekesreka.com\/en\/wp-json\/wp\/v2\/media\/22568"}],"wp:attachment":[{"href":"https:\/\/online.kekesreka.com\/en\/wp-json\/wp\/v2\/media?parent=22582"}],"wp:term":[{"taxonomy":"product_brand","embeddable":true,"href":"https:\/\/online.kekesreka.com\/en\/wp-json\/wp\/v2\/product_brand?post=22582"},{"taxonomy":"product_cat","embeddable":true,"href":"https:\/\/online.kekesreka.com\/en\/wp-json\/wp\/v2\/product_cat?post=22582"},{"taxonomy":"product_tag","embeddable":true,"href":"https:\/\/online.kekesreka.com\/en\/wp-json\/wp\/v2\/product_tag?post=22582"}],"curies":[{"name":"wp","href":"https:\/\/api.w.org\/{rel}","templated":true}]}}