{"id":22588,"date":"2023-11-21T14:28:20","date_gmt":"2023-11-21T13:28:20","guid":{"rendered":"https:\/\/online.kekesreka.com\/?post_type=product&#038;p=22588"},"modified":"2024-01-01T13:15:51","modified_gmt":"2024-01-01T12:15:51","slug":"mehre-fekete-obszidian-gyonyorrud","status":"publish","type":"product","link":"https:\/\/online.kekesreka.com\/en\/termek\/mehre-fekete-obszidian-gyonyorrud\/","title":{"rendered":"Mehre Gy\u00f6ny\u00f6rr\u00fad"},"content":{"rendered":"","protected":false},"excerpt":{"rendered":"<p>Orgazmusod kiterjedt \u00e9s v\u00e1ltozatos. Gy\u00f6ny\u00f6rbarlangoddal val\u00f3 elm\u00e9ly\u00fclt kapcsolatteremt\u00e9s orgazmusmin\u0151s\u00e9geid kibontakoz\u00e1s\u00e1nak alapja. \u00c9rz\u00e9ki jelenl\u00e9t sz\u00f6veti szinten, gy\u00f6ny\u00f6rk\u00f6zpontod szent pontjaiban. Szexu\u00e1lis \u00f6nfelfedez\u00e9sed \u00fatja az \u00f6sszpontos\u00edtott figyelem \u00e1ltal \u00e9rz\u00e9ki ter\u00fcleteid megk\u00fcl\u00f6nb\u00f6ztet\u00e9s\u00e9hez, r\u00e9szletes megismer\u00e9s\u00e9hez vezet.<\/p>\n<p>Mehre az elvesztett erotikus jelenl\u00e9t \u00e9s \u00e9rz\u00e9kenys\u00e9g megtal\u00e1l\u00e1s\u00e1nak eszk\u00f6ze, mely hossz\u00fak\u00e1s formai kialak\u00edt\u00e1sa \u00e1ltal r\u00e1mutat gy\u00f6ny\u00f6rintenzit\u00e1sod bel\u00e9p\u00e9si pontjaira. Keskeny, \u00edvesen l\u00e1gy kialak\u00edt\u00e1sa arra \u00f6szt\u00f6n\u00f6z, hogy l\u00e9p\u00e9sr\u0151l l\u00e9p\u00e9sre \u00e9p\u00edtsd ki tudatoss\u00e1godat \u00e9s kapcsolatodat bels\u0151 gy\u00f6ny\u00f6rter\u00fcleteiddel a sz\u00f6vetek massz\u00e1zsa \u00e9s ellaz\u00edt\u00e1sa \u00e1ltal.<\/p>\n<p>Mehre sokr\u00e9t\u0171 ritu\u00e1lis eszk\u00f6z, mindk\u00e9t v\u00e9g\u00e9vel alkalmas bels\u0151 \u00e9s k\u00fcls\u0151 haszn\u00e1latra, sz\u00f6veti fesz\u00fclts\u00e9gold\u00e1st \u00e9s blokkold\u00e1st el\u0151seg\u00edt\u0151 \u00f6nmassz\u00e1zsra, szexu\u00e1lis traum\u00e1k old\u00e1s\u00e1ra, valamint a k\u00e9s\u0151bbiekben a szexu\u00e1lis \u00f6ngy\u00f6ny\u00f6r ad\u00e1s\u00e1nak minden form\u00e1j\u00e1ra \u2013 a csikl\u00f3 fel\u00e9breszt\u00e9s\u00e9t\u0151l kezdve a g-ter\u00fclet, a h\u00fcvely \u00e9s v\u00e9gb\u00e9l k\u00fcl\u00f6nb\u00f6z\u0151 szent pontjainak vitaliz\u00e1l\u00e1s\u00e1ra, valamint a m\u00e9hsz\u00e1j aktiv\u00e1l\u00e1s\u00e1ra is.<\/p>\n<p>Ha pedig egy\u00e9b, term\u00e9szetes krist\u00e1lyb\u00f3l k\u00e9sz\u00fclt szexu\u00e1lis fejleszt\u0151eszk\u00f6z\u00f6ket, gy\u00f6ny\u00f6reszk\u00f6z\u00f6ket keresel, l\u00e1togass el a Rituii weboldal\u00e1ra, ahol b\u0151vebb inform\u00e1ci\u00f3kat kaphatsz e term\u00e9kek el\u0151nyeir\u0151l, haszn\u00e1lat\u00e1r\u00f3l, tiszt\u00edt\u00e1s\u00e1r\u00f3l \u00e9s t\u00e1rol\u00e1s\u00e1r\u00f3l. <a href=\"https:\/\/www.rituii.com\/hu\/termekek\/hasznalat\" target=\"_blank\" rel=\"noopener\">Kattints ide<\/a> a t\u00e1j\u00e9koztat\u00e1s\u00e9rt. Valamint, ha szeretn\u00e9l a j\u00f3ni toj\u00e1s alkalmaz\u00e1s\u00e1r\u00f3l t\u00f6bbet megtudni, olvasd el a <a href=\"https:\/\/kekesreka.com\/joni-tojas-hasznalata-es-celja\/\" target=\"_blank\" rel=\"noopener\">J\u00f3ni Toj\u00e1s Haszn\u00e1lata \u00e9s C\u00e9lja<\/a> c\u00edm\u0171 cikkemet.<\/p>\n<p>&nbsp;<\/p>\n<p>ANYAGA<\/p>\n<ul>\n<li>fekete obszidi\u00e1n<\/li>\n<\/ul>\n<p>&nbsp;<\/p>\n<p>M\u00c9RETE<\/p>\n<ul>\n<li>18cm\/3cm<\/li>\n<\/ul>\n<p>&nbsp;<\/p>\n<p>GY\u00d6NY\u00d6RR\u00daD C\u00c9LJA<\/p>\n<ul>\n<li>Testi blokkold\u00e1s<\/li>\n<li>H\u00fcvelyi blokkold\u00e1s<\/li>\n<li>H\u00fcvelymassz\u00e1zs, laz\u00edt\u00e1s<\/li>\n<li>H\u00fcvelyi behatol\u00e1sra val\u00f3 felk\u00e9sz\u00edt\u00e9se<\/li>\n<li>H\u00fcvely befogad\u00e1si k\u00e9pess\u00e9g\u00e9nek fejleszt\u00e9se<\/li>\n<li>H\u00fcvelyi ki\u00e9rz\u00e9keny\u00edt\u00e9s \u00e9s jelenl\u00e9t kifejleszt\u00e9se<\/li>\n<li>An\u00e1lis blokkold\u00e1s<\/li>\n<li>An\u00e1lis befogad\u00f3k\u00e9szs\u00e9g kifejleszt\u00e9se<\/li>\n<\/ul>","protected":false},"featured_media":22616,"template":"","meta":{"_acf_changed":false},"product_brand":[],"product_cat":[114],"product_tag":[],"class_list":{"0":"post-22588","1":"product","2":"type-product","3":"status-publish","4":"has-post-thumbnail","6":"product_cat-gyonyor-eszkozok","7":"product_shipping_class-gyonyoreszkoz-szallitasi-dij","9":"first","10":"instock","11":"taxable","12":"shipping-taxable","13":"purchasable","14":"product-type-simple"},"acf":[],"_links":{"self":[{"href":"https:\/\/online.kekesreka.com\/en\/wp-json\/wp\/v2\/product\/22588","targetHints":{"allow":["GET"]}}],"collection":[{"href":"https:\/\/online.kekesreka.com\/en\/wp-json\/wp\/v2\/product"}],"about":[{"href":"https:\/\/online.kekesreka.com\/en\/wp-json\/wp\/v2\/types\/product"}],"version-history":[{"count":6,"href":"https:\/\/online.kekesreka.com\/en\/wp-json\/wp\/v2\/product\/22588\/revisions"}],"predecessor-version":[{"id":22613,"href":"https:\/\/online.kekesreka.com\/en\/wp-json\/wp\/v2\/product\/22588\/revisions\/22613"}],"wp:featuredmedia":[{"embeddable":true,"href":"https:\/\/online.kekesreka.com\/en\/wp-json\/wp\/v2\/media\/22616"}],"wp:attachment":[{"href":"https:\/\/online.kekesreka.com\/en\/wp-json\/wp\/v2\/media?parent=22588"}],"wp:term":[{"taxonomy":"product_brand","embeddable":true,"href":"https:\/\/online.kekesreka.com\/en\/wp-json\/wp\/v2\/product_brand?post=22588"},{"taxonomy":"product_cat","embeddable":true,"href":"https:\/\/online.kekesreka.com\/en\/wp-json\/wp\/v2\/product_cat?post=22588"},{"taxonomy":"product_tag","embeddable":true,"href":"https:\/\/online.kekesreka.com\/en\/wp-json\/wp\/v2\/product_tag?post=22588"}],"curies":[{"name":"wp","href":"https:\/\/api.w.org\/{rel}","templated":true}]}}