{"id":22622,"date":"2023-11-21T16:51:14","date_gmt":"2023-11-21T15:51:14","guid":{"rendered":"https:\/\/online.kekesreka.com\/?post_type=product&#038;p=22622"},"modified":"2024-01-01T13:14:58","modified_gmt":"2024-01-01T12:14:58","slug":"sacre-feher-jade-gyonyorrud","status":"publish","type":"product","link":"https:\/\/online.kekesreka.com\/en\/termek\/sacre-feher-jade-gyonyorrud\/","title":{"rendered":"Sacre Gy\u00f6ny\u00f6rr\u00fad"},"content":{"rendered":"","protected":false},"excerpt":{"rendered":"<p>Gy\u00f6ny\u00f6rk\u00f6zpontod felfedez\u00e9se \u00f6nmagad megismer\u00e9se. Orgazmusmin\u0151s\u00e9geid spektrum\u00e1nak kiterjeszt\u00e9se n\u0151is\u00e9ged kiteljes\u00edt\u00e9se. Gy\u00f6ny\u00f6rkapacit\u00e1sod v\u00e9gtelen, mely szexu\u00e1lis v\u00e1gyismereted \u00e9s \u00f6nfejleszt\u00e9sed \u00e1ltal n\u00f6velhet\u0151.<\/p>\n<p>Sacre abban a feminin beteljes\u00fcl\u00e9sben t\u00e1mogat t\u00e9ged, hogy szexualit\u00e1sod \u00e9rett \u00e9s teljes legyen. T\u00e1mogatja a befogad\u00e1si k\u00e9pess\u00e9ged kibontakoz\u00e1s\u00e1t, legf\u0151k\u00e9ppen a gy\u00f6ny\u00f6rkapu, a g-ter\u00fclet \u00e9s a h\u00fcvely fel\u00e9breszt\u00e9s\u00e9t, a n\u0151i ejakul\u00e1ci\u00f3hoz sz\u00fcks\u00e9ges teljes elengedetts\u00e9g \u00e9s ellazul\u00e1s energetikai-fizikai k\u00e9szs\u00e9g\u00e9t. Seg\u00edt abban, hogy befogad\u00e1sod a legm\u00e9lyebb \u00e9rtelemben vett ell\u00e1gyults\u00e1gban \u00e9s megny\u00edl\u00e1sban legyen.<\/p>\n<p>Sacre olyan t\u00f6bb c\u00e9lra haszn\u00e1lhat\u00f3 ritu\u00e1lis eszk\u00f6z, mely gy\u00f6ny\u00f6rkelt\u0151 tulajdons\u00e1gaival, \u00edves, dombor\u00fa form\u00e1ival term\u00e9szetes v\u00e1gy\u00e1llapotaid fenntart\u00e1s\u00e1t \u00e9s stabiliz\u00e1l\u00e1s\u00e1t, folyamatos orgazmusaid megalapoz\u00e1s\u00e1t szolg\u00e1lja a legm\u00e9lyebb szinten. A telt \u00e9s v\u00e9konyabb fom\u00e1j\u00fa r\u00e9sze egyar\u00e1nt bels\u0151 haszn\u00e1latra lett kifejlesztve, melynek sz\u00e1nd\u00e9ka a szexu\u00e1lis \u00f6ngy\u00f6ny\u00f6rad\u00e1said \u00e1ltal a nem energiaveszt\u0151 orgazmus\u00e1llapotok megtapasztal\u00e1sa, \u00e9rz\u00e9ki ellen\u00e1ll\u00e1sod teljes megsz\u00fcntet\u00e9se. Az eszk\u00f6z blokkok old\u00e1s\u00e1ra kev\u00e9sb\u00e9 alkalmas.<\/p>\n<p>Ha pedig egy\u00e9b, term\u00e9szetes krist\u00e1lyb\u00f3l k\u00e9sz\u00fclt szexu\u00e1lis fejleszt\u0151eszk\u00f6z\u00f6ket, gy\u00f6ny\u00f6reszk\u00f6z\u00f6ket keresel, l\u00e1togass el a Rituii weboldal\u00e1ra, ahol b\u0151vebb inform\u00e1ci\u00f3kat kaphatsz e term\u00e9kek el\u0151nyeir\u0151l, haszn\u00e1lat\u00e1r\u00f3l, tiszt\u00edt\u00e1s\u00e1r\u00f3l \u00e9s t\u00e1rol\u00e1s\u00e1r\u00f3l. <a href=\"https:\/\/www.rituii.com\/hu\/termekek\/hasznalat\" target=\"_blank\" rel=\"noopener\">Kattints ide<\/a> a t\u00e1j\u00e9koztat\u00e1s\u00e9rt. Valamint, ha szeretn\u00e9l a j\u00f3ni toj\u00e1s alkalmaz\u00e1s\u00e1r\u00f3l t\u00f6bbet megtudni, olvasd el a <a href=\"https:\/\/kekesreka.com\/joni-tojas-hasznalata-es-celja\/\" target=\"_blank\" rel=\"noopener\">J\u00f3ni Toj\u00e1s Haszn\u00e1lata \u00e9s C\u00e9lja<\/a> c\u00edm\u0171 cikkemet.<\/p>\n<p>&nbsp;<\/p>\n<p>ANYAGA<\/p>\n<ul>\n<li>feh\u00e9r j\u00e1de<\/li>\n<\/ul>\n<p>&nbsp;<\/p>\n<p>M\u00c9RETE<\/p>\n<ul>\n<li>17.5cm\/3cm<\/li>\n<\/ul>\n<p>&nbsp;<\/p>\n<p>GY\u00d6NY\u00d6RR\u00daD C\u00c9LJA<\/p>\n<ul>\n<li>Testi blokkold\u00e1s<\/li>\n<li>H\u00fcvelyi blokkold\u00e1s<\/li>\n<li>H\u00fcvelymassz\u00e1zs, laz\u00edt\u00e1s<\/li>\n<li>H\u00fcvelyi behatol\u00e1sra val\u00f3 felk\u00e9sz\u00edt\u00e9se<\/li>\n<li>H\u00fcvely befogad\u00e1si k\u00e9pess\u00e9g\u00e9nek fejleszt\u00e9se<\/li>\n<li>H\u00fcvelyi ki\u00e9rz\u00e9keny\u00edt\u00e9s \u00e9s jelenl\u00e9t kifejleszt\u00e9se<\/li>\n<li>An\u00e1lis blokkold\u00e1s<\/li>\n<li>An\u00e1lis befogad\u00f3k\u00e9szs\u00e9g kifejleszt\u00e9se<\/li>\n<\/ul>","protected":false},"featured_media":22623,"template":"","meta":{"_acf_changed":false},"product_brand":[],"product_cat":[114],"product_tag":[],"class_list":{"0":"post-22622","1":"product","2":"type-product","3":"status-publish","4":"has-post-thumbnail","6":"product_cat-gyonyor-eszkozok","7":"product_shipping_class-gyonyoreszkoz-szallitasi-dij","9":"first","10":"instock","11":"taxable","12":"shipping-taxable","13":"purchasable","14":"product-type-simple"},"acf":[],"_links":{"self":[{"href":"https:\/\/online.kekesreka.com\/en\/wp-json\/wp\/v2\/product\/22622","targetHints":{"allow":["GET"]}}],"collection":[{"href":"https:\/\/online.kekesreka.com\/en\/wp-json\/wp\/v2\/product"}],"about":[{"href":"https:\/\/online.kekesreka.com\/en\/wp-json\/wp\/v2\/types\/product"}],"version-history":[{"count":1,"href":"https:\/\/online.kekesreka.com\/en\/wp-json\/wp\/v2\/product\/22622\/revisions"}],"predecessor-version":[{"id":22624,"href":"https:\/\/online.kekesreka.com\/en\/wp-json\/wp\/v2\/product\/22622\/revisions\/22624"}],"wp:featuredmedia":[{"embeddable":true,"href":"https:\/\/online.kekesreka.com\/en\/wp-json\/wp\/v2\/media\/22623"}],"wp:attachment":[{"href":"https:\/\/online.kekesreka.com\/en\/wp-json\/wp\/v2\/media?parent=22622"}],"wp:term":[{"taxonomy":"product_brand","embeddable":true,"href":"https:\/\/online.kekesreka.com\/en\/wp-json\/wp\/v2\/product_brand?post=22622"},{"taxonomy":"product_cat","embeddable":true,"href":"https:\/\/online.kekesreka.com\/en\/wp-json\/wp\/v2\/product_cat?post=22622"},{"taxonomy":"product_tag","embeddable":true,"href":"https:\/\/online.kekesreka.com\/en\/wp-json\/wp\/v2\/product_tag?post=22622"}],"curies":[{"name":"wp","href":"https:\/\/api.w.org\/{rel}","templated":true}]}}