{"id":22627,"date":"2023-11-21T17:17:58","date_gmt":"2023-11-21T16:17:58","guid":{"rendered":"https:\/\/online.kekesreka.com\/?post_type=product&#038;p=22627"},"modified":"2024-01-01T13:14:32","modified_gmt":"2024-01-01T12:14:32","slug":"bona-feher-jade-gyonyorrud","status":"publish","type":"product","link":"https:\/\/online.kekesreka.com\/en\/termek\/bona-feher-jade-gyonyorrud\/","title":{"rendered":"Bona Gy\u00f6ny\u00f6rr\u00fad"},"content":{"rendered":"","protected":false},"excerpt":{"rendered":"<p>Orgazmikus gy\u00f6ny\u00f6rk\u00e9szs\u00e9ged hat\u00e1rtalan \u00e9s v\u00e9gtelen. N\u0151i sebezhet\u0151s\u00e9ged \u00e9s \u00e9rz\u00e9kenys\u00e9ged er\u0151, befogad\u00e1sod \u00f6szt\u00f6nszer\u0171. Szexu\u00e1lis er\u0151k\u00f6zpontod n\u0151is\u00e9ged k\u00f6zpontja, gy\u00f6ny\u00f6rbarlangod term\u00e9szete pedig az \u00f6n\u00e1tad\u00e1s. N\u0151is\u00e9gedben val\u00f3 elm\u00e9ly\u00fcl\u00e9sed kulcsa a l\u00e1gy megenged\u00e9s, a szexu\u00e1lis behatol\u00e1s \u00e1ltali megny\u00edl\u00e1s.<\/p>\n<p>Bona az a ritu\u00e1lis eszk\u00f6z sz\u00e1modra, mely seg\u00edt e bels\u0151 gy\u00f6ny\u00f6rteret megteremteni, befogad\u00f3k\u00e9pess\u00e9gedet megh\u00edvni, szent gy\u00f6ny\u00f6rbarlangodat felt\u00e1rni \u00e9s teljess\u00e9g\u00e9ben \u00e9rezni. A behatol\u00e1s \u00e9rz\u00e9s\u00e9t \u00e9s rajta kereszt\u00fcl a vil\u00e1got magad\u00e9v\u00e1 tenni. Letisztults\u00e1g, egyeness\u00e9g, a befogad\u00e1s \u00e1rtatlan egyszer\u0171s\u00e9ge \u00e9s val\u00f3s\u00e1ga.<\/p>\n<p>Bona megh\u00edv az els\u0151 l\u00e9p\u00e9sekre, t\u00e1mogatva szexu\u00e1lis l\u00e9nyed kezdeti felt\u00e1r\u00e1s\u00e1t, legyen az b\u00e1rmilyen \u00e9rintetlen bels\u0151 ter\u00fclet. Kezdetben elkeskenyed\u0151 v\u00e9g\u00e9vel, majd a teltebb oldal\u00e1val haladva, b\u00e1tran a behatol\u00e1s egyre m\u00e9lyebb r\u00e9tegei fel\u00e9. Megfelel\u0151 eszk\u00f6z a testi \u00e9s szexu\u00e1lis ter\u00fcletek blokkold\u00e1s\u00e1ra is.<\/p>\n<p>Ha pedig egy\u00e9b, term\u00e9szetes krist\u00e1lyb\u00f3l k\u00e9sz\u00fclt szexu\u00e1lis fejleszt\u0151eszk\u00f6z\u00f6ket, gy\u00f6ny\u00f6reszk\u00f6z\u00f6ket keresel, l\u00e1togass el a Rituii weboldal\u00e1ra, ahol b\u0151vebb inform\u00e1ci\u00f3kat kaphatsz e term\u00e9kek el\u0151nyeir\u0151l, haszn\u00e1lat\u00e1r\u00f3l, tiszt\u00edt\u00e1s\u00e1r\u00f3l \u00e9s t\u00e1rol\u00e1s\u00e1r\u00f3l. <a href=\"https:\/\/www.rituii.com\/hu\/termekek\/hasznalat\" target=\"_blank\" rel=\"noopener\">Kattints ide<\/a> a t\u00e1j\u00e9koztat\u00e1s\u00e9rt. Valamint, ha szeretn\u00e9l a j\u00f3ni toj\u00e1s alkalmaz\u00e1s\u00e1r\u00f3l t\u00f6bbet megtudni, olvasd el a <a href=\"https:\/\/kekesreka.com\/joni-tojas-hasznalata-es-celja\/\" target=\"_blank\" rel=\"noopener\">J\u00f3ni Toj\u00e1s Haszn\u00e1lata \u00e9s C\u00e9lja<\/a> c\u00edm\u0171 cikkemet.<\/p>\n<p>&nbsp;<\/p>\n<p>ANYAGA<\/p>\n<ul>\n<li>feh\u00e9r j\u00e1de<\/li>\n<\/ul>\n<p>&nbsp;<\/p>\n<p>M\u00c9RETE<\/p>\n<ul>\n<li>18cm\/4cm<\/li>\n<\/ul>\n<p>&nbsp;<\/p>\n<p>GY\u00d6NY\u00d6RR\u00daD C\u00c9LJA<\/p>\n<ul>\n<li>K\u00fcls\u0151 testi blokkold\u00e1s<\/li>\n<li>H\u00fcvelyi blokkold\u00e1s<\/li>\n<li>H\u00fcvely ellaz\u00edt\u00e1sa<\/li>\n<li>H\u00fcvely ki\u00e9rz\u00e9keny\u00edt\u00e9se<\/li>\n<li>H\u00fcvelyi gy\u00f6ny\u00f6rk\u00e9szs\u00e9g fejleszt\u00e9se<\/li>\n<\/ul>","protected":false},"featured_media":22569,"template":"","meta":{"_acf_changed":false},"product_brand":[],"product_cat":[114],"product_tag":[],"class_list":{"0":"post-22627","1":"product","2":"type-product","3":"status-publish","4":"has-post-thumbnail","6":"product_cat-gyonyor-eszkozok","7":"product_shipping_class-gyonyoreszkoz-szallitasi-dij","9":"first","10":"instock","11":"taxable","12":"shipping-taxable","13":"purchasable","14":"product-type-simple"},"acf":[],"_links":{"self":[{"href":"https:\/\/online.kekesreka.com\/en\/wp-json\/wp\/v2\/product\/22627","targetHints":{"allow":["GET"]}}],"collection":[{"href":"https:\/\/online.kekesreka.com\/en\/wp-json\/wp\/v2\/product"}],"about":[{"href":"https:\/\/online.kekesreka.com\/en\/wp-json\/wp\/v2\/types\/product"}],"version-history":[{"count":1,"href":"https:\/\/online.kekesreka.com\/en\/wp-json\/wp\/v2\/product\/22627\/revisions"}],"predecessor-version":[{"id":22628,"href":"https:\/\/online.kekesreka.com\/en\/wp-json\/wp\/v2\/product\/22627\/revisions\/22628"}],"wp:featuredmedia":[{"embeddable":true,"href":"https:\/\/online.kekesreka.com\/en\/wp-json\/wp\/v2\/media\/22569"}],"wp:attachment":[{"href":"https:\/\/online.kekesreka.com\/en\/wp-json\/wp\/v2\/media?parent=22627"}],"wp:term":[{"taxonomy":"product_brand","embeddable":true,"href":"https:\/\/online.kekesreka.com\/en\/wp-json\/wp\/v2\/product_brand?post=22627"},{"taxonomy":"product_cat","embeddable":true,"href":"https:\/\/online.kekesreka.com\/en\/wp-json\/wp\/v2\/product_cat?post=22627"},{"taxonomy":"product_tag","embeddable":true,"href":"https:\/\/online.kekesreka.com\/en\/wp-json\/wp\/v2\/product_tag?post=22627"}],"curies":[{"name":"wp","href":"https:\/\/api.w.org\/{rel}","templated":true}]}}