{"id":22629,"date":"2023-11-21T17:30:00","date_gmt":"2023-11-21T16:30:00","guid":{"rendered":"https:\/\/online.kekesreka.com\/?post_type=product&#038;p=22629"},"modified":"2024-01-01T13:14:23","modified_gmt":"2024-01-01T12:14:23","slug":"akiive-fekete-obszidian-gyonyorrud","status":"publish","type":"product","link":"https:\/\/online.kekesreka.com\/en\/termek\/akiive-fekete-obszidian-gyonyorrud\/","title":{"rendered":"Akiive Gy\u00f6ny\u00f6rr\u00fad"},"content":{"rendered":"","protected":false},"excerpt":{"rendered":"<p>Orgazmusmin\u0151s\u00e9geid spektrum\u00e1nak kiterjeszt\u00e9se n\u0151is\u00e9ged kiteljes\u00edt\u00e9se. V\u00e1gyintenzit\u00e1sod jellege befogad\u00f3, vonz\u00f3, passz\u00edv, valamint ki\u00e1rad\u00f3 \u00e9s akt\u00edv. Orgazmikus beteljes\u00fcl\u00e9sed min\u0151s\u00e9ge \u00e9s jellege szabadon v\u00e1laszthat\u00f3.<\/p>\n<p>Gy\u00f6ny\u00f6rkapud \u00e9s a m\u00f6g\u00f6tte tal\u00e1lhat\u00f3 g-ter\u00fclet a hat\u00e1r, mely mindk\u00e9t orgazmikus min\u0151s\u00e9geddel kapcsolatban \u00e1ll. G-ter\u00fcleted felszabad\u00edt\u00e1sa, fejleszt\u00e9se \u00e9s az ott l\u00e9v\u0151 energia\u00e1llapotaid ural\u00e1sa szabad n\u0151is\u00e9ged, felel\u0151ss\u00e9gv\u00e1llal\u00e1sod \u00e9s bels\u0151 v\u00e1laszt\u00e1sod kulcsa. Akiive ritu\u00e1lis eszk\u00f6ze kifejezetten a gy\u00f6ny\u00f6rkapu, valamint \u00e1ltala gy\u00f6ny\u00f6rbarlangod v\u00e1gyk\u00e9pess\u00e9geinek tudatos megnyit\u00e1s\u00e1ra \u00e9s felszabad\u00edt\u00e1s\u00e1ra szolg\u00e1l.<\/p>\n<p>Akiive a h\u00fcvely ki\u00e1rad\u00f3 \u00e9s energiamegtart\u00f3 szexu\u00e1lis gy\u00f6ny\u00f6rk\u00e9sz\u00e9g\u00e9nek a kifejleszt\u00e9s\u00e9re is egyar\u00e1nt alkalmas eszk\u00f6z, melynek tudatos\u00edt\u00e1sa \u00e9s elm\u00e9ly\u00edt\u00e9se egy nagyobb gy\u00f6ny\u00f6rspektrum megtapasztal\u00e1s\u00e1t teszi lehet\u0151v\u00e9. Mindk\u00e9t v\u00e9g\u00e9nek formai kialak\u00edt\u00e1sa a nagyobb \u00e9s kiterjedtebb ter\u00fcletek massz\u00e1zs\u00e1t seg\u00edti, kifejezetten bels\u0151 haszn\u00e1latra javasolt.<\/p>\n<p>Ha pedig egy\u00e9b, term\u00e9szetes krist\u00e1lyb\u00f3l k\u00e9sz\u00fclt szexu\u00e1lis fejleszt\u0151eszk\u00f6z\u00f6ket, gy\u00f6ny\u00f6reszk\u00f6z\u00f6ket keresel, l\u00e1togass el a Rituii weboldal\u00e1ra, ahol b\u0151vebb inform\u00e1ci\u00f3kat kaphatsz e term\u00e9kek el\u0151nyeir\u0151l, haszn\u00e1lat\u00e1r\u00f3l, tiszt\u00edt\u00e1s\u00e1r\u00f3l \u00e9s t\u00e1rol\u00e1s\u00e1r\u00f3l. <a href=\"https:\/\/www.rituii.com\/hu\/termekek\/hasznalat\" target=\"_blank\" rel=\"noopener\">Kattints ide<\/a> a t\u00e1j\u00e9koztat\u00e1s\u00e9rt. Valamint, ha szeretn\u00e9l a j\u00f3ni toj\u00e1s alkalmaz\u00e1s\u00e1r\u00f3l t\u00f6bbet megtudni, olvasd el a <a href=\"https:\/\/kekesreka.com\/joni-tojas-hasznalata-es-celja\/\" target=\"_blank\" rel=\"noopener\">J\u00f3ni Toj\u00e1s Haszn\u00e1lata \u00e9s C\u00e9lja<\/a> c\u00edm\u0171 cikkemet.<\/p>\n<p>&nbsp;<\/p>\n<p>ANYAGA<\/p>\n<ul>\n<li>fekete obszidi\u00e1n<\/li>\n<\/ul>\n<p>&nbsp;<\/p>\n<p>M\u00c9RETE<\/p>\n<ul>\n<li>19cm\/4cm<\/li>\n<\/ul>\n<p>&nbsp;<\/p>\n<p>GY\u00d6NY\u00d6RR\u00daD C\u00c9LJA<\/p>\n<ul>\n<li>H\u00fcvelyi befogad\u00e1s, ellazults\u00e1g \u00e9s gy\u00f6ny\u00f6rk\u00e9pess\u00e9g fejleszt\u00e9se<\/li>\n<li>H\u00fcvelyi orgazmusk\u00e9szs\u00e9g kialak\u00edt\u00e1sa<\/li>\n<li>G-ter\u00fclet aktiviz\u00e1l\u00e1sa, fel\u00e9breszt\u00e9se<\/li>\n<li>G-ter\u00fclet gy\u00f6ny\u00f6rintenzit\u00e1s\u00e1nak n\u00f6vel\u00e9se<\/li>\n<li>G-ter\u00fclet ejakul\u00e1ci\u00f3ja<\/li>\n<\/ul>","protected":false},"featured_media":22571,"template":"","meta":{"_acf_changed":false},"product_brand":[],"product_cat":[114],"product_tag":[],"class_list":{"0":"post-22629","1":"product","2":"type-product","3":"status-publish","4":"has-post-thumbnail","6":"product_cat-gyonyor-eszkozok","7":"product_shipping_class-gyonyoreszkoz-szallitasi-dij","9":"first","10":"instock","11":"taxable","12":"shipping-taxable","13":"purchasable","14":"product-type-simple"},"acf":[],"_links":{"self":[{"href":"https:\/\/online.kekesreka.com\/en\/wp-json\/wp\/v2\/product\/22629","targetHints":{"allow":["GET"]}}],"collection":[{"href":"https:\/\/online.kekesreka.com\/en\/wp-json\/wp\/v2\/product"}],"about":[{"href":"https:\/\/online.kekesreka.com\/en\/wp-json\/wp\/v2\/types\/product"}],"version-history":[{"count":1,"href":"https:\/\/online.kekesreka.com\/en\/wp-json\/wp\/v2\/product\/22629\/revisions"}],"predecessor-version":[{"id":22630,"href":"https:\/\/online.kekesreka.com\/en\/wp-json\/wp\/v2\/product\/22629\/revisions\/22630"}],"wp:featuredmedia":[{"embeddable":true,"href":"https:\/\/online.kekesreka.com\/en\/wp-json\/wp\/v2\/media\/22571"}],"wp:attachment":[{"href":"https:\/\/online.kekesreka.com\/en\/wp-json\/wp\/v2\/media?parent=22629"}],"wp:term":[{"taxonomy":"product_brand","embeddable":true,"href":"https:\/\/online.kekesreka.com\/en\/wp-json\/wp\/v2\/product_brand?post=22629"},{"taxonomy":"product_cat","embeddable":true,"href":"https:\/\/online.kekesreka.com\/en\/wp-json\/wp\/v2\/product_cat?post=22629"},{"taxonomy":"product_tag","embeddable":true,"href":"https:\/\/online.kekesreka.com\/en\/wp-json\/wp\/v2\/product_tag?post=22629"}],"curies":[{"name":"wp","href":"https:\/\/api.w.org\/{rel}","templated":true}]}}