{"id":22640,"date":"2023-11-21T18:14:29","date_gmt":"2023-11-21T17:14:29","guid":{"rendered":"https:\/\/online.kekesreka.com\/?post_type=product&#038;p=22640"},"modified":"2024-01-01T13:13:48","modified_gmt":"2024-01-01T12:13:48","slug":"niiran-feher-jade-gyonyorrud","status":"publish","type":"product","link":"https:\/\/online.kekesreka.com\/en\/termek\/niiran-feher-jade-gyonyorrud\/","title":{"rendered":"Niiran Gy\u00f6ny\u00f6rr\u00fad"},"content":{"rendered":"","protected":false},"excerpt":{"rendered":"<p>N\u0151i befogad\u00e1sod hat\u00e1rok n\u00e9lk\u00fcli, szabadon ny\u00edl\u00f3 gy\u00f6ny\u00f6rt\u00e9r. A hosszan tart\u00f3 jelenl\u00e9ttel \u00e9s \u00e9rz\u00e9kis\u00e9ggel t\u00e1pl\u00e1lt test ell\u00e1gyult, ellazult, intenzit\u00e1sra k\u00e9sz. Gy\u00f6ny\u00f6rbarlangod befogad\u00f3, vibr\u00e1l\u00f3an \u00e9letteli, lehet\u0151s\u00e9gekre hangolt. Orgazmusod v\u00e9gtelen. A mozdulatlans\u00e1god izgalmi telts\u00e9g\u00e9ben gy\u00f6ny\u00f6rintenzit\u00e1sod elm\u00e9ly\u00fclt \u00e9s kiterjedt.<\/p>\n<p>Niiran l\u00e1gyan telt, \u00edves form\u00e1ival teljesen kit\u00f6lti a bels\u0151 gy\u00f6ny\u00f6rteredet, lehet\u0151s\u00e9get adva a g-ter\u00fclet, a teljes h\u00fcvely \u00e9s a m\u00e9hnyak erotikus energi\u00e1val val\u00f3 felt\u00f6lt\u0151d\u00e9s\u00e9nek. Ez a pillanat a telts\u00e9g meghitts\u00e9ge, a befogad\u00f3 ellazults\u00e1g elengedetts\u00e9ge \u00e9s felfokozotts\u00e1ga.<\/p>\n<p>Niiran feh\u00e9r j\u00e1d\u00e9b\u00f3l k\u00e9sz\u00fclt ritu\u00e1lis eszk\u00f6ze felk\u00edn\u00e1lja a n\u0151is\u00e9g legm\u00e9lyebb felfedez\u00e9s\u00e9t a teljes elenged\u00e9sen \u00e9s megenged\u00e9sen kereszt\u00fcl. Nagy m\u00e9ret\u00e9vel \u00e9s l\u00e1gy form\u00e1ival biztos\u00edtja a h\u00fcvely teljes kit\u00f6lt\u00e9s\u00e9t, a h\u00fcvelyben l\u00e9v\u0151 szent pontok, a g-ter\u00fclet, valamint a teljes m\u00e9hsz\u00e1j \u00e9s m\u00e9hnyak finom, folyamatos \u00e9s egyidej\u0171 nyom\u00e1s\u00e1t. Elny\u00faltabb \u00e9s teltebb v\u00e9g\u00e9ne haszn\u00e1lat\u00e1val v\u00e1ltoztathatod \u00e9s fokozhatod az intenzit\u00e1s m\u00e9lys\u00e9g\u00e9t \u00e9s hossz\u00e1t.<\/p>\n<p>Ha pedig egy\u00e9b, term\u00e9szetes krist\u00e1lyb\u00f3l k\u00e9sz\u00fclt szexu\u00e1lis fejleszt\u0151eszk\u00f6z\u00f6ket, gy\u00f6ny\u00f6reszk\u00f6z\u00f6ket keresel, l\u00e1togass el a Rituii weboldal\u00e1ra, ahol b\u0151vebb inform\u00e1ci\u00f3kat kaphatsz e term\u00e9kek el\u0151nyeir\u0151l, haszn\u00e1lat\u00e1r\u00f3l, tiszt\u00edt\u00e1s\u00e1r\u00f3l \u00e9s t\u00e1rol\u00e1s\u00e1r\u00f3l. <a href=\"https:\/\/www.rituii.com\/hu\/termekek\/hasznalat\" target=\"_blank\" rel=\"noopener\">Kattints ide<\/a> a t\u00e1j\u00e9koztat\u00e1s\u00e9rt. Valamint, ha szeretn\u00e9l a j\u00f3ni toj\u00e1s alkalmaz\u00e1s\u00e1r\u00f3l t\u00f6bbet megtudni, olvasd el a <a href=\"https:\/\/kekesreka.com\/joni-tojas-hasznalata-es-celja\/\" target=\"_blank\" rel=\"noopener\">J\u00f3ni Toj\u00e1s Haszn\u00e1lata \u00e9s C\u00e9lja<\/a> c\u00edm\u0171 cikkemet.<\/p>\n<p>&nbsp;<\/p>\n<p>ANYAGA<\/p>\n<ul>\n<li>feh\u00e9r j\u00e1de<\/li>\n<\/ul>\n<p>&nbsp;<\/p>\n<p>M\u00c9RETE<\/p>\n<ul>\n<li>18cm\/4.5cm<\/li>\n<\/ul>\n<p>&nbsp;<\/p>\n<p>GY\u00d6NY\u00d6RR\u00daD C\u00c9LJA<\/p>\n<ul>\n<li>G-pont, h\u00fcvely \u00e9s m\u00e9hsz\u00e1j massz\u00e1zsa, ellaz\u00edt\u00e1sa<\/li>\n<li>G-ter\u00fclet, h\u00fcvelyny\u00edl\u00e1s, teljes h\u00fcvely \u00e9s m\u00e9hsz\u00e1j egyidej\u0171 stimul\u00e1ci\u00f3ja<\/li>\n<li>A teljes G-ter\u00fclet aktiv\u00e1l\u00e1sa, orgazmusa, ejakul\u00e1ci\u00f3ja<\/li>\n<li>H\u00fcvelyi orgazmusk\u00e9szs\u00e9g ki\u00e9p\u00edt\u00e9se<\/li>\n<li>M\u00e9hnyak \u00e9s m\u00e9hsz\u00e1j aktiv\u00e1l\u00e1sa<\/li>\n<li>M\u00e9hsz\u00e1ji orgazmus<\/li>\n<li>Teljes testi, energetikai orgazmus megtapasztal\u00e1sa<\/li>\n<\/ul>","protected":false},"featured_media":22641,"template":"","meta":{"_acf_changed":false},"product_brand":[],"product_cat":[114],"product_tag":[],"class_list":{"0":"post-22640","1":"product","2":"type-product","3":"status-publish","4":"has-post-thumbnail","6":"product_cat-gyonyor-eszkozok","7":"product_shipping_class-gyonyoreszkoz-szallitasi-dij","9":"first","10":"instock","11":"taxable","12":"shipping-taxable","13":"purchasable","14":"product-type-simple"},"acf":[],"_links":{"self":[{"href":"https:\/\/online.kekesreka.com\/en\/wp-json\/wp\/v2\/product\/22640","targetHints":{"allow":["GET"]}}],"collection":[{"href":"https:\/\/online.kekesreka.com\/en\/wp-json\/wp\/v2\/product"}],"about":[{"href":"https:\/\/online.kekesreka.com\/en\/wp-json\/wp\/v2\/types\/product"}],"version-history":[{"count":1,"href":"https:\/\/online.kekesreka.com\/en\/wp-json\/wp\/v2\/product\/22640\/revisions"}],"predecessor-version":[{"id":22642,"href":"https:\/\/online.kekesreka.com\/en\/wp-json\/wp\/v2\/product\/22640\/revisions\/22642"}],"wp:featuredmedia":[{"embeddable":true,"href":"https:\/\/online.kekesreka.com\/en\/wp-json\/wp\/v2\/media\/22641"}],"wp:attachment":[{"href":"https:\/\/online.kekesreka.com\/en\/wp-json\/wp\/v2\/media?parent=22640"}],"wp:term":[{"taxonomy":"product_brand","embeddable":true,"href":"https:\/\/online.kekesreka.com\/en\/wp-json\/wp\/v2\/product_brand?post=22640"},{"taxonomy":"product_cat","embeddable":true,"href":"https:\/\/online.kekesreka.com\/en\/wp-json\/wp\/v2\/product_cat?post=22640"},{"taxonomy":"product_tag","embeddable":true,"href":"https:\/\/online.kekesreka.com\/en\/wp-json\/wp\/v2\/product_tag?post=22640"}],"curies":[{"name":"wp","href":"https:\/\/api.w.org\/{rel}","templated":true}]}}