{"id":22643,"date":"2023-11-21T19:25:10","date_gmt":"2023-11-21T18:25:10","guid":{"rendered":"https:\/\/online.kekesreka.com\/?post_type=product&#038;p=22643"},"modified":"2024-01-01T13:13:34","modified_gmt":"2024-01-01T12:13:34","slug":"rootai-fekete-obszidian-gyonyorrud","status":"publish","type":"product","link":"https:\/\/online.kekesreka.com\/en\/termek\/rootai-fekete-obszidian-gyonyorrud\/","title":{"rendered":"Rootai Gy\u00f6ny\u00f6rr\u00fad"},"content":{"rendered":"","protected":false},"excerpt":{"rendered":"<p>Orgazmuskapacit\u00e1sod n\u00f6velhet\u0151, \u00e9rz\u00e9keid megnyit\u00e1sa \u00e1ltal a teljes testre kiterjeszthet\u0151. Gy\u00f6ny\u00f6rmin\u0151s\u00e9geid sz\u00e9les spektrum\u00e1nak megismer\u00e9se n\u0151i teljess\u00e9ged kulcsa. Gy\u00f6ny\u00f6r\u00e1llapotaid folyamatos fenntart\u00e1sa \u00e9s stabiliz\u00e1l\u00e1sa \u00e9leted meghat\u00e1roz\u00f3 t\u00e9nyez\u0151je, mely l\u00e1thatatlan \u00e9rt\u00e9keket teremt.<\/p>\n<p>Rootai az orgazmikus tapasztal\u00e1sok rendhagy\u00f3 lehet\u0151s\u00e9geit t\u00e1rja fel sz\u00e1modra. Egyr\u00e9szt megnyitja a kaput a g-ter\u00fclet rejtett, m\u00e9lyebben fekv\u0151 r\u00e9szeinek felfedez\u00e9se fel\u00e9, megmutatja az utat a n\u0151i ejakul\u00e1ci\u00f3 megtapasztal\u00e1s\u00e1hoz, m\u00e1sr\u00e9szt aktiv\u00e1lja a teljes h\u00fcvelyi izgalmat \u00e9s jelenl\u00e9tet.<\/p>\n<p>Rootai lapos form\u00e1j\u00fa v\u00e9g\u00e9vel intenz\u00edv \u00e9lm\u00e9nyt ny\u00fajt a g-ter\u00fcleten, \u00e9s seg\u00edti annak ki\u00e9rz\u00e9keny\u00edt\u00e9s\u00e9t \u00e9s bekapcsol\u00e1s\u00e1t, valamint a m\u00e1sik elny\u00falt, sz\u00e9lesen telt oldal\u00e1val a teljes h\u00fcvely izgalmi ter\u00e9t felt\u00f6lti orgazmikus energi\u00e1val. Azoknak aj\u00e1nlott, akik szeretik az intenz\u00edv \u00e9s meghat\u00e1roz\u00f3 \u00e9lm\u00e9nyt.<\/p>\n<p>Ha pedig egy\u00e9b, term\u00e9szetes krist\u00e1lyb\u00f3l k\u00e9sz\u00fclt szexu\u00e1lis fejleszt\u0151eszk\u00f6z\u00f6ket, gy\u00f6ny\u00f6reszk\u00f6z\u00f6ket keresel, l\u00e1togass el a Rituii weboldal\u00e1ra, ahol b\u0151vebb inform\u00e1ci\u00f3kat kaphatsz e term\u00e9kek el\u0151nyeir\u0151l, haszn\u00e1lat\u00e1r\u00f3l, tiszt\u00edt\u00e1s\u00e1r\u00f3l \u00e9s t\u00e1rol\u00e1s\u00e1r\u00f3l. <a href=\"https:\/\/www.rituii.com\/hu\/termekek\/hasznalat\" target=\"_blank\" rel=\"noopener\">Kattints ide<\/a> a t\u00e1j\u00e9koztat\u00e1s\u00e9rt. Valamint, ha szeretn\u00e9l a j\u00f3ni toj\u00e1s alkalmaz\u00e1s\u00e1r\u00f3l t\u00f6bbet megtudni, olvasd el a <a href=\"https:\/\/kekesreka.com\/joni-tojas-hasznalata-es-celja\/\" target=\"_blank\" rel=\"noopener\">J\u00f3ni Toj\u00e1s Haszn\u00e1lata \u00e9s C\u00e9lja<\/a> c\u00edm\u0171 cikkemet.<\/p>\n<p>&nbsp;<\/p>\n<p>ANYAGA<\/p>\n<ul>\n<li>fekete obszidi\u00e1n<\/li>\n<\/ul>\n<p>&nbsp;<\/p>\n<p>M\u00c9RETE<\/p>\n<ul>\n<li>20cm\/5cm<\/li>\n<\/ul>\n<p>&nbsp;<\/p>\n<p>GY\u00d6NY\u00d6RR\u00daD C\u00c9LJA<\/p>\n<ul>\n<li>G-ter\u00fclet el\u00fcls\u0151 \u00e9s h\u00e1ts\u00f3 r\u00e9sz\u00e9nek bekapcsol\u00e1sa<\/li>\n<li>G-pont sz\u00f6veti laz\u00edt\u00e1sa<\/li>\n<li>G-ter\u00fclet orgazmusa<\/li>\n<li>N\u0151i ejakul\u00e1ci\u00f3 el\u0151seg\u00edt\u00e9se<\/li>\n<li>H\u00fcvely izgalmi ter\u00e9nek kit\u00f6lt\u00e9se<\/li>\n<li>A teljes h\u00fcvelyi orgazmus el\u0151seg\u00edt\u00e9se<\/li>\n<\/ul>","protected":false},"featured_media":22644,"template":"","meta":{"_acf_changed":false},"product_brand":[],"product_cat":[114],"product_tag":[],"class_list":{"0":"post-22643","1":"product","2":"type-product","3":"status-publish","4":"has-post-thumbnail","6":"product_cat-gyonyor-eszkozok","7":"product_shipping_class-gyonyoreszkoz-szallitasi-dij","9":"first","10":"instock","11":"taxable","12":"shipping-taxable","13":"purchasable","14":"product-type-simple"},"acf":[],"_links":{"self":[{"href":"https:\/\/online.kekesreka.com\/en\/wp-json\/wp\/v2\/product\/22643","targetHints":{"allow":["GET"]}}],"collection":[{"href":"https:\/\/online.kekesreka.com\/en\/wp-json\/wp\/v2\/product"}],"about":[{"href":"https:\/\/online.kekesreka.com\/en\/wp-json\/wp\/v2\/types\/product"}],"version-history":[{"count":2,"href":"https:\/\/online.kekesreka.com\/en\/wp-json\/wp\/v2\/product\/22643\/revisions"}],"predecessor-version":[{"id":22646,"href":"https:\/\/online.kekesreka.com\/en\/wp-json\/wp\/v2\/product\/22643\/revisions\/22646"}],"wp:featuredmedia":[{"embeddable":true,"href":"https:\/\/online.kekesreka.com\/en\/wp-json\/wp\/v2\/media\/22644"}],"wp:attachment":[{"href":"https:\/\/online.kekesreka.com\/en\/wp-json\/wp\/v2\/media?parent=22643"}],"wp:term":[{"taxonomy":"product_brand","embeddable":true,"href":"https:\/\/online.kekesreka.com\/en\/wp-json\/wp\/v2\/product_brand?post=22643"},{"taxonomy":"product_cat","embeddable":true,"href":"https:\/\/online.kekesreka.com\/en\/wp-json\/wp\/v2\/product_cat?post=22643"},{"taxonomy":"product_tag","embeddable":true,"href":"https:\/\/online.kekesreka.com\/en\/wp-json\/wp\/v2\/product_tag?post=22643"}],"curies":[{"name":"wp","href":"https:\/\/api.w.org\/{rel}","templated":true}]}}