{"id":24039,"date":"2024-01-03T09:13:38","date_gmt":"2024-01-03T08:13:38","guid":{"rendered":"https:\/\/online.kekesreka.com\/?post_type=product&#038;p=24039"},"modified":"2025-08-07T18:44:35","modified_gmt":"2025-08-07T16:44:35","slug":"orgazmus-a-tevhiteken-tul-hanganyag","status":"publish","type":"product","link":"https:\/\/online.kekesreka.com\/en\/termek\/orgazmus-a-tevhiteken-tul-hanganyag\/","title":{"rendered":"Orgazmus a T\u00e9vhiteken T\u00fal"},"content":{"rendered":"","protected":false},"excerpt":{"rendered":"<div class=\"elementor-element elementor-element-3d7663b6 elementor-widget elementor-widget-text-editor\" data-id=\"3d7663b6\" data-element_type=\"widget\" data-widget_type=\"text-editor.default\">\n<div class=\"elementor-widget-container\">\n<p class=\"ai-optimize-18\">Az orgazmus olyan gy\u00f6ny\u00f6r\u00e1llapot, mely szabadon, term\u00e9szetes m\u00f3don sz\u00fcletik \u00e9s bontakozik ki a testben. Alapvet\u0151 l\u00e9nyege az \u00f6n\u00e1tad\u00e1s, melyben k\u00f6nnyed\u00e9n megny\u00edlva az \u00f6nfeledts\u00e9gnek, felszabadults\u00e1gnak \u00e9s \u00e1raml\u00e1snak, felaj\u00e1nljuk magunkat az intenzit\u00e1s erej\u00e9nek. Az orgazmus betekint\u00e9s a teljess\u00e9gbe, a l\u00e9t l\u00e1thatatlan val\u00f3s\u00e1g\u00e1ba, mely pillanatokra el\u00e9rhet\u0151 k\u00f6zels\u00e9gbe ker\u00fclhet sz\u00e1munkra.<\/p>\n<p class=\"ai-optimize-19\">Ennek ellen\u00e9re az orgazmus elvesztette az \u00f6nazonoss\u00e1g\u00e1t, k\u00f6tetlens\u00e9g\u00e9t \u00e9s szabads\u00e1g\u00e1t, \u00e9s szexkult\u00far\u00e1nk k\u00f6telez\u0151en fontos \u00e9s meghat\u00e1roz\u00f3 c\u00e9lpontj\u00e1v\u00e1 lett. A szex pedig \u00e9rtelmetlenn\u00e9, sz\u00e9gyenteljess\u00e9, haszontalan leped\u0151gy\u0171r\u00e9ss\u00e9 az elv\u00e1rt cs\u00facs\u00e9lm\u00e9ny bek\u00f6vetkez\u00e9se n\u00e9lk\u00fcl.<\/p>\n<p class=\"ai-optimize-20\">Az orgazmus v\u00e1gyott bizony\u00edt\u00e9kk\u00e1 v\u00e1lt, helyettes\u00edtve az egy\u00fcttl\u00e9t \u00f6r\u00f6m\u00e9t, a vonzalom energi\u00e1j\u00e1t az el\u00e9lvez\u00e9s t\u00e9nye \u00e1ltal \u2013 biztos\u00edtva ez\u00e1ltal a szex \u00e9s p\u00e1rkapcsolat l\u00e9tjogosults\u00e1g\u00e1t. Olyan kell\u00e9kk\u00e9 tett\u00fck, mely a gy\u00f6ny\u00f6r jelens\u00e9g\u00e9t \u00e9s val\u00f3s\u00e1g\u00e1t a min\u0151s\u00e9gi megk\u00f6zel\u00edt\u00e9s helyett mennyis\u00e9gi t\u00f6rekv\u00e9ss\u00e9 egyszer\u0171s\u00edti, elvesz\u00edtve a m\u00f6g\u00f6tte l\u00e9v\u0151 l\u00e9nyegi sz\u00e1nd\u00e9kot.<\/p>\n<p class=\"ai-optimize-21\">Ennek a hanganyagnak az els\u0151dleges sz\u00e1nd\u00e9ka tudatoss\u00e1 tenni azokat a t\u00e1rsadalmilag elfogadott t\u00e9vhiteket, hamis t\u00e9nyeken nyugv\u00f3 hiedelmeket \u00e9s val\u00f3s\u00e1gt\u00f3l elrugaszkod\u00f3 elk\u00e9pzel\u00e9seket, amelyek az orgazmus jelens\u00e9g\u00e9t t\u00e1rgyias\u00edtj\u00e1k, \u00e9s a testi \u00f6r\u00f6met a c\u00e9lorient\u00e1lt elv\u00e1r\u00e1sok eszk\u00f6z\u00e9v\u00e9 teszik. Felfedezz\u00fck, mi van a hamis k\u00f6vetkeztet\u00e9seken, korl\u00e1toz\u00e1sokon \u00e9s k\u00f6zhelyeken t\u00fal, \u00e9s mi az orgazmus \u00f6nmaga eredend\u0151 val\u00f3s\u00e1g\u00e1ban.<\/p>\n<\/div>\n<\/div>\n<div class=\"elementor-element elementor-element-a64455a elementor-widget elementor-widget-text-editor\" data-id=\"a64455a\" data-element_type=\"widget\" data-widget_type=\"text-editor.default\">\n<div class=\"elementor-widget-container\">\n<p class=\"ai-optimize-22\">Id\u0151tartam: 120 perc<\/p>\n<\/div>\n<\/div>\n<div class=\"elementor-element elementor-element-ebac061 elementor-widget elementor-widget-heading\" data-id=\"ebac061\" data-element_type=\"widget\" data-widget_type=\"heading.default\">\n<div class=\"elementor-widget-container\"><\/div>\n<\/div>\n<div class=\"elementor-element elementor-element-e8f4a7b elementor-widget elementor-widget-text-editor\" data-id=\"e8f4a7b\" data-element_type=\"widget\" data-widget_type=\"text-editor.default\">\n<div class=\"elementor-widget-container\">\n<div class=\"elementor-element elementor-element-ebac061 elementor-widget elementor-widget-heading\" data-id=\"ebac061\" data-element_type=\"widget\" data-widget_type=\"heading.default\">\n<div class=\"elementor-widget-container\"><\/div>\n<\/div>\n<div class=\"elementor-element elementor-element-5d740f74 elementor-widget elementor-widget-heading\" data-id=\"5d740f74\" data-element_type=\"widget\" data-widget_type=\"heading.default\">\n<div class=\"elementor-widget-container\" style=\"text-align: center;\"><\/div>\n<\/div>\n<\/div>\n<\/div>","protected":false},"featured_media":22217,"template":"","meta":{"_acf_changed":false},"product_brand":[],"product_cat":[115],"product_tag":[],"class_list":{"0":"post-24039","1":"product","2":"type-product","3":"status-publish","4":"has-post-thumbnail","6":"product_cat-hanganyag","8":"first","9":"instock","10":"downloadable","11":"virtual","12":"taxable","13":"purchasable","14":"product-type-simple"},"acf":[],"_links":{"self":[{"href":"https:\/\/online.kekesreka.com\/en\/wp-json\/wp\/v2\/product\/24039","targetHints":{"allow":["GET"]}}],"collection":[{"href":"https:\/\/online.kekesreka.com\/en\/wp-json\/wp\/v2\/product"}],"about":[{"href":"https:\/\/online.kekesreka.com\/en\/wp-json\/wp\/v2\/types\/product"}],"version-history":[{"count":7,"href":"https:\/\/online.kekesreka.com\/en\/wp-json\/wp\/v2\/product\/24039\/revisions"}],"predecessor-version":[{"id":27352,"href":"https:\/\/online.kekesreka.com\/en\/wp-json\/wp\/v2\/product\/24039\/revisions\/27352"}],"wp:featuredmedia":[{"embeddable":true,"href":"https:\/\/online.kekesreka.com\/en\/wp-json\/wp\/v2\/media\/22217"}],"wp:attachment":[{"href":"https:\/\/online.kekesreka.com\/en\/wp-json\/wp\/v2\/media?parent=24039"}],"wp:term":[{"taxonomy":"product_brand","embeddable":true,"href":"https:\/\/online.kekesreka.com\/en\/wp-json\/wp\/v2\/product_brand?post=24039"},{"taxonomy":"product_cat","embeddable":true,"href":"https:\/\/online.kekesreka.com\/en\/wp-json\/wp\/v2\/product_cat?post=24039"},{"taxonomy":"product_tag","embeddable":true,"href":"https:\/\/online.kekesreka.com\/en\/wp-json\/wp\/v2\/product_tag?post=24039"}],"curies":[{"name":"wp","href":"https:\/\/api.w.org\/{rel}","templated":true}]}}