{"id":24314,"date":"2024-01-23T10:45:56","date_gmt":"2024-01-23T09:45:56","guid":{"rendered":"https:\/\/online.kekesreka.com\/?post_type=product&#038;p=24314"},"modified":"2025-08-07T18:44:29","modified_gmt":"2025-08-07T16:44:29","slug":"szexualis-blokkok-oldasa-es-felszabaditasa-hanganyag","status":"publish","type":"product","link":"https:\/\/online.kekesreka.com\/en\/termek\/szexualis-blokkok-oldasa-es-felszabaditasa-hanganyag\/","title":{"rendered":"Szexu\u00e1lis Blokkok Old\u00e1sa \u00e9s Felszabad\u00edt\u00e1sa"},"content":{"rendered":"","protected":false},"excerpt":{"rendered":"<p class=\"ai-optimize-18\">\u00c9let\u00fcnk sor\u00e1n sokszor \u00e9szrev\u00e9tlen\u00fcl szenved\u00fcnk el traum\u00e1kat a szexualit\u00e1sunk ter\u00e9n. A k\u00f6zvetlen k\u00f6rnyezet\u00fcnk negat\u00edv hat\u00e1sai, az \u00f6ntudatlanul m\u0171k\u00f6dtetett dinamik\u00e1ink: a minket \u00e9r\u0151 elv\u00e1r\u00e1sok, \u00edt\u00e9letek, \u00e9rzelmi-fizikai b\u00e1nt\u00e1sok, b\u00e1ntalmaz\u00e1sok k\u00f6vetkezm\u00e9nyei elrakt\u00e1roz\u00f3dnak a rendszer\u00fcnkben, \u00e9s a f\u00e9lelem, neheztel\u00e9s, valamint a sz\u00e9gyen \u00e9s b\u0171ntudat blokkokk\u00e9nt t\u00e1rol\u00f3dnak test\u00fcnk eml\u00e9kezet\u00e9ben.<\/p>\n<p class=\"ai-optimize-19\">Ezek a traum\u00e1k, \u00e9s a k\u00f6rnyezeti nyom\u00e1s \u00e1ltal kialakult stressz g\u00e1tolja a szexu\u00e1lis energi\u00e1k kiterjed\u00e9s\u00e9t, szabad \u00e1raml\u00e1s\u00e1t \u2013 kezdetben f\u00e1jdalmat, t\u00fal\u00e9rz\u00e9kenys\u00e9get vagy \u00e9rz\u00e9ketlens\u00e9get, v\u00e9g\u00fcl potenciazavart, orgazmusk\u00e9ptelens\u00e9get, mereved\u00e9si zavart okozva a rendszer\u00fcnkben. S\u00falyosabb esetben a hossz\u00fa t\u00e1von fenntartott negat\u00edv k\u00f6r\u00fclm\u00e9nyek hat\u00e1s\u00e1ra ezek komolyabb fizikai t\u00fcnetekhez, betegs\u00e9gekhez is vezethetnek.<\/p>\n<p class=\"ai-optimize-20\">Ez az el\u0151ad\u00e1sr\u00f3l k\u00e9sz\u00fclt hanganyag betekint\u00e9st ny\u00fajt abba, hogy hogyan tudjuk felismerni a m\u00faltunkban elszenvedett szexualit\u00e1sunkhoz f\u0171z\u0151d\u0151 traum\u00e1inkat, \u00e9rzelmi-energetikai blokkjainkat. Azokat az elakad\u00e1sokat, amelyek g\u00e1tolj\u00e1k az erotikus potenci\u00e1lunk megjelen\u00e9s\u00e9t a gy\u00f6ny\u00f6rszervekben \u00e9s a teljes testben.<\/p>\n<p class=\"ai-optimize-21\">R\u00e1vil\u00e1g\u00edt arra is, hogy hogyan tudjuk ezeket a sebeket begy\u00f3gy\u00edtani, \u00e9s felszabad\u00edtva szexualit\u00e1sunk \u00e9s orgazmikus kapacit\u00e1sunk \u2013 megv\u00e9deni magunkat a tov\u00e1bbi \u00e9rzelmi, lelki vagy fizikai ab\u00fazust\u00f3l.<\/p>\n<p class=\"ai-optimize-22\">Id\u0151tartam: 112 perc<\/p>","protected":false},"featured_media":19113,"template":"","meta":{"_acf_changed":false},"product_brand":[],"product_cat":[115],"product_tag":[],"class_list":{"0":"post-24314","1":"product","2":"type-product","3":"status-publish","4":"has-post-thumbnail","6":"product_cat-hanganyag","8":"first","9":"instock","10":"downloadable","11":"virtual","12":"taxable","13":"purchasable","14":"product-type-simple"},"acf":[],"_links":{"self":[{"href":"https:\/\/online.kekesreka.com\/en\/wp-json\/wp\/v2\/product\/24314","targetHints":{"allow":["GET"]}}],"collection":[{"href":"https:\/\/online.kekesreka.com\/en\/wp-json\/wp\/v2\/product"}],"about":[{"href":"https:\/\/online.kekesreka.com\/en\/wp-json\/wp\/v2\/types\/product"}],"version-history":[{"count":4,"href":"https:\/\/online.kekesreka.com\/en\/wp-json\/wp\/v2\/product\/24314\/revisions"}],"predecessor-version":[{"id":27351,"href":"https:\/\/online.kekesreka.com\/en\/wp-json\/wp\/v2\/product\/24314\/revisions\/27351"}],"wp:featuredmedia":[{"embeddable":true,"href":"https:\/\/online.kekesreka.com\/en\/wp-json\/wp\/v2\/media\/19113"}],"wp:attachment":[{"href":"https:\/\/online.kekesreka.com\/en\/wp-json\/wp\/v2\/media?parent=24314"}],"wp:term":[{"taxonomy":"product_brand","embeddable":true,"href":"https:\/\/online.kekesreka.com\/en\/wp-json\/wp\/v2\/product_brand?post=24314"},{"taxonomy":"product_cat","embeddable":true,"href":"https:\/\/online.kekesreka.com\/en\/wp-json\/wp\/v2\/product_cat?post=24314"},{"taxonomy":"product_tag","embeddable":true,"href":"https:\/\/online.kekesreka.com\/en\/wp-json\/wp\/v2\/product_tag?post=24314"}],"curies":[{"name":"wp","href":"https:\/\/api.w.org\/{rel}","templated":true}]}}