{"id":24527,"date":"2024-03-21T17:42:29","date_gmt":"2024-03-21T16:42:29","guid":{"rendered":"https:\/\/online.kekesreka.com\/?post_type=product&#038;p=24527"},"modified":"2025-08-07T18:41:47","modified_gmt":"2025-08-07T16:41:47","slug":"orgazmuszavartol-az-orgazmikus-jelenletig-hanganyag","status":"publish","type":"product","link":"https:\/\/online.kekesreka.com\/en\/termek\/orgazmuszavartol-az-orgazmikus-jelenletig-hanganyag\/","title":{"rendered":"Orgazmuszavart\u00f3l az Orgazmikus Jelenl\u00e9tig"},"content":{"rendered":"","protected":false},"excerpt":{"rendered":"<div>\n<p class=\"ai-optimize-17\">Az orgazmus jelens\u00e9g\u00e9t a szexu\u00e1lis tabuk \u00e9s titkok vil\u00e1g\u00e1ban f\u00e9lre\u00e9rt\u00e9sek \u00e9s t\u00e9vhitek \u00f6vezik. A szex az el\u00e9lvez\u00e9s, kiel\u00e9g\u00fcl\u00e9s, elmen\u00e9s, els\u00fcl\u00e9s, teh\u00e1t a cs\u00facs el\u00e9r\u00e9s\u00e9nek eszk\u00f6ze lett, melyben elfelejtett\u00fck az egy\u00fcttl\u00e9t val\u00f3di sz\u00e1nd\u00e9k\u00e1t. Az orgazmus c\u00e9ll\u00e1 v\u00e1lt, annak el\u00e9r\u00e9se teljes\u00edtend\u0151 feladatt\u00e1, gy\u00f6ny\u00f6r\u00fcnk \u00fcres bizony\u00edt\u00e9k\u00e1v\u00e1. Ha nincs orgazmus, akkor nincs a szexnek \u00e9rt\u00e9ke, \u00edgy a kapcsolatnak sem. Bajban vagyunk.<\/p>\n<p class=\"ai-optimize-18\">A szexu\u00e1lter\u00e1pi\u00e1k sorra k\u00edn\u00e1lj\u00e1k a lehet\u0151s\u00e9get az orgazmuszavarok megsz\u00fcntet\u00e9s\u00e9re, \u00e9s sugallj\u00e1k azt is, hogy ezt a probl\u00e9m\u00e1t kezeln\u00fcnk kell, meg kell oldanunk, fel kell dolgoznunk, hisz az elv\u00e1rt \u201ebeteljes\u00fcl\u00e9s\u201d egy szexu\u00e1lisan \u00e9rett l\u00e9ny alapvet\u0151 term\u00e9szete. \u201e\u00c9lvezni\u201d k\u00f6telez\u0151, hisz ez az alapvet\u0151 m\u0171k\u00f6d\u00e9s\u00fcnk, an\u00e9lk\u00fcl seg\u00edts\u00e9gre \u00e9s gy\u00f3gy\u00edt\u00e1sra szorul\u00f3 emberek vagyunk.<\/p>\n<p class=\"ai-optimize-19\">Vajon mi t\u00f6rt\u00e9nne, ha meg\u00e1lln\u00e1nk egy pillanatra, \u00e9s kiszak\u00edtva magunkat a szexnegat\u00edv megk\u00f6zel\u00edt\u00e9sekb\u0151l, amit sokszor pont a megold\u00e1st k\u00edn\u00e1l\u00f3 rendel\u0151k sugallnak fel\u00e9nk, egy radik\u00e1lis n\u00e9z\u0151pontv\u00e1lt\u00e1st tenn\u00e9nk, \u00e9s arra keresn\u00e9nk a v\u00e1laszt a cs\u00facsorgazmus hajszol\u00e1sa helyett, hogy hol nem fordultunk a gy\u00f6ny\u00f6r\u00fcnk szabads\u00e1ga fel\u00e9 nagyobb figyelemmel, megenged\u00e9ssel, kell\u0151 t\u00fcrelemmel, az elv\u00e1r\u00e1saink elhagy\u00e1s\u00e1val, hat\u00e1raink betart\u00e1s\u00e1val? Hol vesztett\u00fck el az arra val\u00f3 k\u00e9pess\u00e9g\u00fcnket, hogy a fesz\u00fclts\u00e9glevezet\u00e9s eredm\u00e9nyek\u00e9nt \u00e9s bizony\u00edt\u00e9k\u00e1ul szolg\u00e1l\u00f3 cs\u00facsok t\u00f6rv\u00e9nyszer\u0171 kier\u0151ltet\u00e9s\u00e9nek fejb\u0151l meghozott v\u00e1gya helyett teret engedn\u00e9nk az orgazmikuss\u00e1g soksz\u00edn\u0171s\u00e9g\u00e9nek?<\/p>\n<p class=\"ai-optimize-20\">Ez az el\u0151ad\u00e1sr\u00f3l k\u00e9sz\u00fclt hanganyag abban ad ir\u00e1nymutat\u00e1st, hogy r\u00e1vil\u00e1g\u00edtson az orgazmushoz kapcsol\u00f3d\u00f3 zavarok \u00e9s probl\u00e9m\u00e1k azon okaira, melyek a szexu\u00e1lis gy\u00f6ny\u00f6rh\u00f6z kapcsol\u00f3d\u00f3 f\u00e9lre\u00e9rt\u00e9sekb\u0151l fakadnak &#8211; limit\u00e1lva az ahhoz kapcsol\u00f3d\u00f3 befogad\u00e1si \u00e9s \u00e9rz\u00e9kel\u00e9si k\u00e9pess\u00e9g\u00fcnket -, valamint arra is keress\u00fck a v\u00e1laszt, hogy az orgazmusra ir\u00e1nyul\u00f3 elv\u00e1r\u00e1sok helyett hogyan \u00e9s milyen eszk\u00f6z\u00f6kkel tudjuk &#8211; a v\u00e1gy ment\u00e9n felfedezve a test\u00fcnket &#8211; n\u00f6velni az orgazmusk\u00e9szs\u00e9g\u00fcnket j\u00e1t\u00e9kosan, \u00f6nfeledten, szabadon.<\/p>\n<p class=\"ai-optimize-21\">Id\u0151tartam: 120 perc<\/p>\n<\/div>","protected":false},"featured_media":24534,"template":"","meta":{"_acf_changed":false},"product_brand":[],"product_cat":[115],"product_tag":[],"class_list":{"0":"post-24527","1":"product","2":"type-product","3":"status-publish","4":"has-post-thumbnail","6":"product_cat-hanganyag","8":"first","9":"instock","10":"downloadable","11":"virtual","12":"taxable","13":"purchasable","14":"product-type-simple"},"acf":[],"_links":{"self":[{"href":"https:\/\/online.kekesreka.com\/en\/wp-json\/wp\/v2\/product\/24527","targetHints":{"allow":["GET"]}}],"collection":[{"href":"https:\/\/online.kekesreka.com\/en\/wp-json\/wp\/v2\/product"}],"about":[{"href":"https:\/\/online.kekesreka.com\/en\/wp-json\/wp\/v2\/types\/product"}],"version-history":[{"count":5,"href":"https:\/\/online.kekesreka.com\/en\/wp-json\/wp\/v2\/product\/24527\/revisions"}],"predecessor-version":[{"id":27350,"href":"https:\/\/online.kekesreka.com\/en\/wp-json\/wp\/v2\/product\/24527\/revisions\/27350"}],"wp:featuredmedia":[{"embeddable":true,"href":"https:\/\/online.kekesreka.com\/en\/wp-json\/wp\/v2\/media\/24534"}],"wp:attachment":[{"href":"https:\/\/online.kekesreka.com\/en\/wp-json\/wp\/v2\/media?parent=24527"}],"wp:term":[{"taxonomy":"product_brand","embeddable":true,"href":"https:\/\/online.kekesreka.com\/en\/wp-json\/wp\/v2\/product_brand?post=24527"},{"taxonomy":"product_cat","embeddable":true,"href":"https:\/\/online.kekesreka.com\/en\/wp-json\/wp\/v2\/product_cat?post=24527"},{"taxonomy":"product_tag","embeddable":true,"href":"https:\/\/online.kekesreka.com\/en\/wp-json\/wp\/v2\/product_tag?post=24527"}],"curies":[{"name":"wp","href":"https:\/\/api.w.org\/{rel}","templated":true}]}}