{"id":24559,"date":"2024-03-28T14:36:07","date_gmt":"2024-03-28T13:36:07","guid":{"rendered":"https:\/\/online.kekesreka.com\/?post_type=product&#038;p=24559"},"modified":"2025-08-07T18:41:40","modified_gmt":"2025-08-07T16:41:40","slug":"szexualis-tevhitektol-a-vagyazonossagig-hanganyag","status":"publish","type":"product","link":"https:\/\/online.kekesreka.com\/en\/termek\/szexualis-tevhitektol-a-vagyazonossagig-hanganyag\/","title":{"rendered":"Szexu\u00e1lis T\u00e9vhitekt\u0151l a V\u00e1gyazonoss\u00e1gig"},"content":{"rendered":"","protected":false},"excerpt":{"rendered":"<p class=\"ai-optimize-18\">A szexualit\u00e1s olyan \u00e9letter\u00fclet\u00fcnk, mely korl\u00e1tlan lehet\u0151s\u00e9get tartalmaz arra vonatkoz\u00f3an, hogyan szeretn\u00e9nk jelen lenni a l\u00e9tben, \u00e9s milyen m\u00f3dokon szeretn\u00e9nk kapcsol\u00f3dni a gy\u00f6ny\u00f6r\u00fcnkh\u00f6z. Sz\u00e9les spektrumot k\u00edn\u00e1l arra n\u00e9zve, hogy kib\u00fajva a biztons\u00e1g\u00e9rzet\u00fcnk hat\u00e1rai m\u00f6g\u00fcl, felfedezhess\u00fck a m\u00e1sokkal val\u00f3 intimit\u00e1sunk nyitott, ellazult \u00e9s megenged\u0151 t\u00e1gass\u00e1g\u00e1t, az izgalom bizserg\u0151 j\u00e1t\u00e9koss\u00e1g\u00e1t, az \u00e9rz\u00e9kel\u00e9s\u00fcnk \u00e9ber k\u00edv\u00e1ncsis\u00e1g\u00e1t, vagy a v\u00e1gy \u2013 hat\u00e1rainkat \u00e9rint\u0151 \u2013 l\u00e1t\u00f3ter\u00e9t.<\/p>\n<p class=\"ai-optimize-19\">A szexualit\u00e1s v\u00e9gtelen m\u00f3don megk\u00f6zel\u00edthet\u0151, \u00e9s mindenki sz\u00e1m\u00e1ra m\u00e1s jelent\u00e9st hordoz, m\u00e1s jelent\u0151s\u00e9ggel b\u00edr. Sz\u00e1nd\u00e9kaink m\u00faltunk hi\u00e1nyaib\u00f3l vagy annak \u00f6r\u00f6mteli \u00e9s meg\u00e9lt pillanataib\u00f3l ad\u00f3dnak \u00f6ssze, mely egyedi m\u00f3don form\u00e1lja szexu\u00e1lis ig\u00e9nyeinket. A szex egy szabad j\u00e1tsz\u00f3t\u00e9r, melyet a szabad elk\u00f6telez\u0151d\u00e9s \u00e9s felel\u0151ss\u00e9gv\u00e1llal\u00e1s mozgat.<\/p>\n<p class=\"ai-optimize-20\">M\u00e9gis szexu\u00e1lis d\u00f6nt\u00e9seink gyakran \u00f6ntudatlan v\u00e1laszt\u00e1sokhoz vezetnek \u2013 olyan mint\u00e1k, s\u00e9m\u00e1k \u00e9s form\u00e1k k\u00f6vet\u00e9s\u00e9hez, melyek nem szolg\u00e1lj\u00e1k gy\u00f6ny\u00f6r\u00fcnk kibontakoz\u00e1s\u00e1t. Olyan szok\u00e1sok ment\u00e9n haladva fejtik ki negat\u00edv hat\u00e1saikat, melyek m\u00f6g\u00f6tt tudatoss\u00e1got nem tartalmaz\u00f3 hitek, t\u00e9veszm\u00e9k, hiedelmek \u00e9s elk\u00e9pzel\u00e9sek dolgoznak \u00e9szrev\u00e9tlen\u00fcl, l\u00e1thatatlan m\u00f3don.<\/p>\n<p class=\"ai-optimize-21\">Ennek az el\u0151ad\u00e1sr\u00f3l k\u00e9sz\u00fclt hanganyagnak a c\u00e9lja r\u00e1vil\u00e1g\u00edtani azokra a szexu\u00e1lis k\u00f6vetkeztet\u00e9sekre, korl\u00e1toz\u00f3 t\u00e9vhitekre, melyek l\u00e1thatatlanul sz\u0171k\u00edtik kapcsol\u00f3d\u00e1si \u00e9s izgalmi lehet\u0151s\u00e9geinket, v\u00e1gyk\u00e9pess\u00e9g\u00fcnk spektrum\u00e1t. Felt\u00e9rk\u00e9pezve a szexhez k\u00f6t\u0151d\u0151, kollekt\u00edven elfogadott \u00e9s t\u00e1rsadalmilag legaliz\u00e1lt t\u00e9vhiteket, \u00e1ltal\u00e1nos\u00edt\u00f3 \u00e9s determin\u00e1l\u00f3 n\u00e9z\u0151pontokat, k\u00eds\u00e9rletet tesz\u00fcnk egy olyan gondolati paradigmav\u00e1lt\u00e1sra, mely teljesen \u00faj szemsz\u00f6gb\u0151l teremti \u00fajra az intim kapcsol\u00f3d\u00e1sokat alapjaiban.<\/p>\n<p class=\"ai-optimize-22\">Id\u0151tartam: 120 perc<\/p>","protected":false},"featured_media":24565,"template":"","meta":{"_acf_changed":false},"product_brand":[],"product_cat":[115],"product_tag":[],"class_list":{"0":"post-24559","1":"product","2":"type-product","3":"status-publish","4":"has-post-thumbnail","6":"product_cat-hanganyag","8":"first","9":"instock","10":"downloadable","11":"virtual","12":"taxable","13":"purchasable","14":"product-type-simple"},"acf":[],"_links":{"self":[{"href":"https:\/\/online.kekesreka.com\/en\/wp-json\/wp\/v2\/product\/24559","targetHints":{"allow":["GET"]}}],"collection":[{"href":"https:\/\/online.kekesreka.com\/en\/wp-json\/wp\/v2\/product"}],"about":[{"href":"https:\/\/online.kekesreka.com\/en\/wp-json\/wp\/v2\/types\/product"}],"version-history":[{"count":2,"href":"https:\/\/online.kekesreka.com\/en\/wp-json\/wp\/v2\/product\/24559\/revisions"}],"predecessor-version":[{"id":27349,"href":"https:\/\/online.kekesreka.com\/en\/wp-json\/wp\/v2\/product\/24559\/revisions\/27349"}],"wp:featuredmedia":[{"embeddable":true,"href":"https:\/\/online.kekesreka.com\/en\/wp-json\/wp\/v2\/media\/24565"}],"wp:attachment":[{"href":"https:\/\/online.kekesreka.com\/en\/wp-json\/wp\/v2\/media?parent=24559"}],"wp:term":[{"taxonomy":"product_brand","embeddable":true,"href":"https:\/\/online.kekesreka.com\/en\/wp-json\/wp\/v2\/product_brand?post=24559"},{"taxonomy":"product_cat","embeddable":true,"href":"https:\/\/online.kekesreka.com\/en\/wp-json\/wp\/v2\/product_cat?post=24559"},{"taxonomy":"product_tag","embeddable":true,"href":"https:\/\/online.kekesreka.com\/en\/wp-json\/wp\/v2\/product_tag?post=24559"}],"curies":[{"name":"wp","href":"https:\/\/api.w.org\/{rel}","templated":true}]}}