{"id":24699,"date":"2024-04-21T10:03:34","date_gmt":"2024-04-21T08:03:34","guid":{"rendered":"https:\/\/online.kekesreka.com\/?post_type=product&#038;p=24699"},"modified":"2025-08-07T18:41:28","modified_gmt":"2025-08-07T16:41:28","slug":"erett-szexualitas-felnott-szex-hanganyag","status":"publish","type":"product","link":"https:\/\/online.kekesreka.com\/en\/termek\/erett-szexualitas-felnott-szex-hanganyag\/","title":{"rendered":"\u00c9rett Szexualit\u00e1s, Feln\u0151tt Szex"},"content":{"rendered":"","protected":false},"excerpt":{"rendered":"<div>\n<p class=\"ai-optimize-18\">A test term\u00e9szete \u00e9s evol\u00faci\u00f3s rendeltet\u00e9se, hogy a fizikai n\u00f6veked\u00e9sen t\u00fal szexu\u00e1lisan is \u00e9rett\u00e9 v\u00e1ljon, \u00e9s bet\u00f6ltse szerep\u00e9t. Az emberi fajfenntart\u00e1s \u00f6szt\u00f6ne egy l\u00e9nyegi, de \u00f6ntudatlan szerepv\u00e1llal\u00e1s, melyben az egy\u00e9n egy \u00f6nmag\u00e1n t\u00falmutat\u00f3 c\u00e9lt szolg\u00e1l. De vajon az \u00f6szt\u00f6nmint\u00e1zatainkra \u00e9p\u00fcl\u0151 szexu\u00e1lis attit\u0171d\u00f6k \u00e9s n\u00e9z\u0151pontok el\u00e9gs\u00e9gesek-e egy min\u0151s\u00e9gi egy\u00fcttl\u00e9thez, egy folyamatos \u00e9s dinamikus szexu\u00e1lis kapcsolat kialak\u00edt\u00e1s\u00e1hoz?<\/p>\n<p class=\"ai-optimize-19\">Elegend\u0151-e fizikailag \u00e9rett\u00e9 v\u00e1lni ahhoz, hogy feln\u0151tt m\u00f3don szeretkezz\u00fcnk? Mi az \u00e9rett szexualit\u00e1s, feln\u0151tt szex, mely t\u00falmutat a fiziol\u00f3giai serd\u00fcl\u00e9sen \u00e9s hormon\u00e1lis v\u00e1ltoz\u00e1sokon? Milyen eszk\u00f6z\u00f6k \u00e9s hozz\u00e1\u00e1ll\u00e1s sz\u00fcks\u00e9ges az egy\u00e9n r\u00e9sz\u00e9r\u0151l ahhoz, hogy az intim egy\u00fcttl\u00e9t egy biztons\u00e1gos \u00e9s konszenzusra \u00e9p\u00fcl\u0151, kreat\u00edv \u201cj\u00e1t\u00e9kt\u00e9rr\u00e9\u201d v\u00e1ljon? Mit jelent tudatosan feln\u0151ni a szexhez, \u00e9s megteremteni annak az alapjait, hogy a term\u00e9szet \u00e9s fajfennmarad\u00e1s korl\u00e1tait t\u00fall\u00e9pve meghaladjuk azt? Hogyan tudjuk a tudatoss\u00e1g \u00e1ltal form\u00e1lni \u00e9s fejleszteni a szexu\u00e1lis szerepeinket, melyek a l\u00e9tez\u00e9s fenntart\u00e1s\u00e1n t\u00fal szem\u00e9lyes \u00e9s kapcsolati \u00e9letter\u00fcnkh\u00f6z is hozz\u00e1j\u00e1rulnak?<\/p>\n<p class=\"ai-optimize-20\">Ez az el\u0151ad\u00e1s hanganyag abban ny\u00fajt ir\u00e1nymutat\u00e1st, hogyan ismered fel az \u00e9retlen attit\u0171d\u00f6ket magadban \u00e9s a szexu\u00e1lis t\u00e1rsszab\u00e1lyoz\u00e1s szintj\u00e9n, valamint azt is, hogyan tudod megk\u00fcl\u00f6nb\u00f6ztetni azokat az \u00e9retts\u00e9gre \u00e9p\u00fcl\u0151 \u00e1llapotaidt\u00f3l. Hogyan \u00e9s milyen szempontok figyelembev\u00e9tel\u00e9vel tudod feln\u00f6veszteni magad a kiel\u00e9g\u00fclts\u00e9gb\u0151l a gy\u00f6ny\u00f6rbe, \u00e9s nemcsak testi, hanem \u00e9rzelmi-energetikai \u00e9rtelemben is bel\u00e9pni a feln\u0151tt szexualit\u00e1s szabad v\u00e1laszt\u00e1sokon alapul\u00f3 konszenzu\u00e1lis ter\u00e9be.<\/p>\n<\/div>\n<p class=\"ai-optimize-21\">Id\u0151tartam: 120 perc<\/p>","protected":false},"featured_media":24700,"template":"","meta":{"_acf_changed":false},"product_brand":[],"product_cat":[115],"product_tag":[],"class_list":{"0":"post-24699","1":"product","2":"type-product","3":"status-publish","4":"has-post-thumbnail","6":"product_cat-hanganyag","8":"first","9":"instock","10":"downloadable","11":"virtual","12":"taxable","13":"purchasable","14":"product-type-simple"},"acf":[],"_links":{"self":[{"href":"https:\/\/online.kekesreka.com\/en\/wp-json\/wp\/v2\/product\/24699","targetHints":{"allow":["GET"]}}],"collection":[{"href":"https:\/\/online.kekesreka.com\/en\/wp-json\/wp\/v2\/product"}],"about":[{"href":"https:\/\/online.kekesreka.com\/en\/wp-json\/wp\/v2\/types\/product"}],"version-history":[{"count":6,"href":"https:\/\/online.kekesreka.com\/en\/wp-json\/wp\/v2\/product\/24699\/revisions"}],"predecessor-version":[{"id":27348,"href":"https:\/\/online.kekesreka.com\/en\/wp-json\/wp\/v2\/product\/24699\/revisions\/27348"}],"wp:featuredmedia":[{"embeddable":true,"href":"https:\/\/online.kekesreka.com\/en\/wp-json\/wp\/v2\/media\/24700"}],"wp:attachment":[{"href":"https:\/\/online.kekesreka.com\/en\/wp-json\/wp\/v2\/media?parent=24699"}],"wp:term":[{"taxonomy":"product_brand","embeddable":true,"href":"https:\/\/online.kekesreka.com\/en\/wp-json\/wp\/v2\/product_brand?post=24699"},{"taxonomy":"product_cat","embeddable":true,"href":"https:\/\/online.kekesreka.com\/en\/wp-json\/wp\/v2\/product_cat?post=24699"},{"taxonomy":"product_tag","embeddable":true,"href":"https:\/\/online.kekesreka.com\/en\/wp-json\/wp\/v2\/product_tag?post=24699"}],"curies":[{"name":"wp","href":"https:\/\/api.w.org\/{rel}","templated":true}]}}