{"id":24733,"date":"2024-04-29T11:41:35","date_gmt":"2024-04-29T09:41:35","guid":{"rendered":"https:\/\/online.kekesreka.com\/?post_type=product&#038;p=24733"},"modified":"2025-08-07T18:41:22","modified_gmt":"2025-08-07T16:41:22","slug":"szexualis-arnyekaink-tukreben-hanganyag","status":"publish","type":"product","link":"https:\/\/online.kekesreka.com\/en\/termek\/szexualis-arnyekaink-tukreben-hanganyag\/","title":{"rendered":"Szexu\u00e1lis \u00c1rny\u00e9kaink T\u00fckr\u00e9ben"},"content":{"rendered":"","protected":false},"excerpt":{"rendered":"<div>\n<p class=\"ai-optimize-25\">Szexnegat\u00edv t\u00e1rsadalmunkban a szex elfedett, titkolt \u00e9s sz\u00e9gyennel \u00f6vezett jelens\u00e9g, m\u00e9g akkor is, ha ezt az orgazmus hajszol\u00e1s\u00e1val leplezz\u00fck vagy a porn\u00f3 extr\u00e9m vil\u00e1g\u00e1val kompenz\u00e1ljuk. A test \u0151szinte felszabadul\u00e1sa \u00e9s \u00f6nfeledt \u00f6nkifejez\u00e9se tabu, a gy\u00f6ny\u00f6r min\u0151s\u00e9gi \u00e9rt\u00e9kei helyett az eredm\u00e9nyek vil\u00e1g\u00e1ban a mennyis\u00e9get, a l\u00e1tv\u00e1nyos \u00e9s mindent els\u00f6pr\u0151 intenzit\u00e1st keress\u00fck.<\/p>\n<p class=\"ai-optimize-26\">Az intimit\u00e1s m\u00e9lys\u00e9g\u00e9nek val\u00f3 meghitt \u00f6n\u00e1tad\u00e1s a h\u00e1tt\u00e9rbe szorult, \u00e9s a szexu\u00e1lis \u00f6nazonoss\u00e1g, mely a test val\u00f3di term\u00e9szet\u00e9t k\u00f6veti s\u00e9m\u00e1k \u00e9s megszok\u00e1sok, a partner fel\u00e9 kifejezett megfelel\u00e9si attit\u0171d\u00f6k n\u00e9lk\u00fcl, szinte el\u00e9rhetetlenn\u00e9 v\u00e1lt. A konszenzusra \u00e9p\u00fcl\u0151 \u0151szinte \u00f6nfelv\u00e1llal\u00e1s, \u00f6nmeghat\u00e1roz\u00e1s, \u00f6nfelhatalmaz\u00e1s \u00e9s enged\u00e9lyad\u00e1s ig\u00e9ny\u00e9t \u2013 a gy\u00f6ny\u00f6r szolg\u00e1lat\u00e1t annak sejtszint\u0171 \u00e9s a teljes testre kiterjed\u0151 megtestes\u00edt\u00e9se \u00e1ltal \u2013 gyakran l\u00e1thatatlan sz\u00e9gyen \u00f6vezi.<\/p>\n<p class=\"ai-optimize-27\">Ennek az el\u0151ad\u00e1sr\u00f3l k\u00e9sz\u00fclt hanganyagnak a c\u00e9lja a tudatoss\u00e1gba emelni azokat a szexu\u00e1lis m\u0171k\u00f6d\u00e9seinket, melyek le\u00e1rny\u00e9kolj\u00e1k az \u00e9letenergi\u00e1nkat, \u00e9s elv\u00e1gj\u00e1k a szabad utat a gy\u00f6ny\u00f6rforr\u00e1sunkhoz. R\u00e1n\u00e9zve a negat\u00edv \u00e1rny\u00e9kdinamik\u00e1inkra, felt\u00e9rk\u00e9pezz\u00fck, milyen m\u00f3dokon form\u00e1ljuk \u00e9s alak\u00edtjuk ki negat\u00edv, nem \u00f6nazonos, sz\u00e9gyennel, b\u0171ntudattal, f\u00e9lelemmel vagy a megfelel\u00e9s k\u00e9nyszer\u00e9vel teli attit\u0171djeinket, \u00e9s hogyan v\u00e1lunk a szexnegat\u00edv egy\u00fcttl\u00e9teink \u00e1ldozat\u00e1v\u00e1 \u2013 magunkkal r\u00e1ntva partner\u00fcnket is.<\/p>\n<p class=\"ai-optimize-28\">Valamint keress\u00fck azokat az \u00fatvonalakat is, hogyan \u00e9s milyen testorient\u00e1lt eszk\u00f6z\u00f6kkel, m\u00f3dszerekkel tudjuk szexu\u00e1lis \u00e1rny\u00e9kainkat tudatos\u00edtani, \u00e1tdolgozni, megfelel\u0151 m\u00f3don megk\u00f6zel\u00edteni. Hogyan tudjuk a szexu\u00e1lis kapcsol\u00f3d\u00e1sainkban biztons\u00e1gosan kifejezni a v\u00e1gyainkat, \u00f6sszehangolva \u00e9s val\u00f3di megegyez\u00e9sre t\u00f6rekedve a partner\u00fcnkkel, valamint sz\u00e1munkra m\u00e9lys\u00e9g\u00e9ben is kiel\u00e9g\u00edt\u0151 szexdinamik\u00e1t l\u00e9trehozni.<\/p>\n<\/div>\n<p class=\"ai-optimize-29\">Id\u0151tartam: 120 perc<\/p>","protected":false},"featured_media":24734,"template":"","meta":{"_acf_changed":false},"product_brand":[],"product_cat":[115],"product_tag":[],"class_list":{"0":"post-24733","1":"product","2":"type-product","3":"status-publish","4":"has-post-thumbnail","6":"product_cat-hanganyag","8":"first","9":"instock","10":"downloadable","11":"virtual","12":"taxable","13":"purchasable","14":"product-type-simple"},"acf":[],"_links":{"self":[{"href":"https:\/\/online.kekesreka.com\/en\/wp-json\/wp\/v2\/product\/24733","targetHints":{"allow":["GET"]}}],"collection":[{"href":"https:\/\/online.kekesreka.com\/en\/wp-json\/wp\/v2\/product"}],"about":[{"href":"https:\/\/online.kekesreka.com\/en\/wp-json\/wp\/v2\/types\/product"}],"version-history":[{"count":2,"href":"https:\/\/online.kekesreka.com\/en\/wp-json\/wp\/v2\/product\/24733\/revisions"}],"predecessor-version":[{"id":27344,"href":"https:\/\/online.kekesreka.com\/en\/wp-json\/wp\/v2\/product\/24733\/revisions\/27344"}],"wp:featuredmedia":[{"embeddable":true,"href":"https:\/\/online.kekesreka.com\/en\/wp-json\/wp\/v2\/media\/24734"}],"wp:attachment":[{"href":"https:\/\/online.kekesreka.com\/en\/wp-json\/wp\/v2\/media?parent=24733"}],"wp:term":[{"taxonomy":"product_brand","embeddable":true,"href":"https:\/\/online.kekesreka.com\/en\/wp-json\/wp\/v2\/product_brand?post=24733"},{"taxonomy":"product_cat","embeddable":true,"href":"https:\/\/online.kekesreka.com\/en\/wp-json\/wp\/v2\/product_cat?post=24733"},{"taxonomy":"product_tag","embeddable":true,"href":"https:\/\/online.kekesreka.com\/en\/wp-json\/wp\/v2\/product_tag?post=24733"}],"curies":[{"name":"wp","href":"https:\/\/api.w.org\/{rel}","templated":true}]}}