{"id":26073,"date":"2024-08-04T17:49:53","date_gmt":"2024-08-04T15:49:53","guid":{"rendered":"https:\/\/online.kekesreka.com\/?post_type=product&#038;p=26073"},"modified":"2025-08-07T18:38:08","modified_gmt":"2025-08-07T16:38:08","slug":"gyonyortipusok-energetikai-ekonyv","status":"publish","type":"product","link":"https:\/\/online.kekesreka.com\/en\/termek\/gyonyortipusok-energetikai-ekonyv\/","title":{"rendered":"Gy\u00f6ny\u00f6rt\u00edpusok &#8211; Energetikai"},"content":{"rendered":"","protected":false},"excerpt":{"rendered":"<div class=\"current markeddown hide-on-edit js-desc js-show-with-desc\" dir=\"auto\" data-testid=\"description-content-area\">\n<p dir=\"auto\">M\u00e1sokhoz hasonl\u00f3an, a m\u00faltad pozit\u00edv, vagy \u00e9ppen negat\u00edv tapasztalatainak megfelel\u0151en egy\u00e9ni m\u00f3don \u00e9s ar\u00e1nyban fejlesztetted ki gy\u00f6ny\u00f6rk\u00e9pess\u00e9geidet, melyek az erotikus-szexu\u00e1lis alkatod l\u00e9nyegi k\u00f6z\u00e9ppontj\u00e1t k\u00e9pezik. Az \u00e1ltala kialakult gy\u00f6ny\u00f6rt\u00edpusod esszenci\u00e1lis hajt\u00f3er\u0151k\u00e9nt mozgatja \u00e9s ir\u00e1ny\u00edtja a v\u00e1gyaidat, szabja meg a hat\u00e1raidat, \u00e9s mutatja meg egy\u00e9rtelm\u0171en, ki is vagy te szexu\u00e1lis \u00e9rtelemben. Azt is felfedi sz\u00e1modra, mit jelent sz\u00e1modra a szex, az intimit\u00e1s, az \u00e9lvezet, az izgalom \u00e9s orgazmus, \u00e9s milyen utakon \u00e9red azokat el a legk\u00f6nnyebben.<\/p>\n<p dir=\"auto\">Az els\u0151dleges gy\u00f6ny\u00f6rt\u00edpusod az, ami a legk\u00f6zelebb \u00e1ll hozz\u00e1d, ami a te szeretetnyelved. Abban \u00e9rzed magad a legnagyobb biztons\u00e1gban, abban mozogsz otthonosan, \u00e9s annak ismered a legt\u00e1gabb hat\u00e1rait. Sz\u00e9les spektrumon \u00e9led, mert ez az, amit a tested term\u00e9szetszer\u0171leg \u00e9rt. Ha szexualit\u00e1sr\u00f3l van sz\u00f3, a legk\u00f6nnyebben erre reag\u00e1l, mely a legk\u00f6zvetlenebb hozz\u00e1f\u00e9r\u00e9st adja az izgalmadhoz, \u00e9s ahhoz, hogy \u00fagy igaz\u00e1n beindulj.<\/p>\n<p dir=\"auto\">A gy\u00f6ny\u00f6rt\u00e9rk\u00e9ped olvas\u00e1sa egy rendhagy\u00f3 lehet\u0151s\u00e9g lehet sz\u00e1modra, mely seg\u00edt tiszt\u00e1zni \u00e9s megismertetni, hogy ki vagy te val\u00f3j\u00e1ban a gy\u00f6ny\u00f6r\u00f6d szintj\u00e9n, \u00e9s v\u00e1laszt tud adni azzal kapcsolatban is, hogyan tudod t\u00e1mogatni az erotikus-szexu\u00e1lis er\u0151forr\u00e1saidat.<\/p>\n<p dir=\"auto\">Ez a PDF form\u00e1tumban el\u00e9rhet\u0151 20 oldalas kisk\u00f6nyv, mely a nyomtatott kiadv\u00e1ny digit\u00e1lis v\u00e1ltozata, azzal kapcsolatban ad felvil\u00e1gos\u00edt\u00e1st, hogy az energetikai gy\u00f6ny\u00f6rt\u00edpus hogyan tudja kibontakoztatni szexu\u00e1lis k\u00e9pess\u00e9geit a leghat\u00e9konyabban &#8211; szolg\u00e1lva erotikus-szexu\u00e1lis v\u00e1gyazonoss\u00e1g\u00e1t.<\/p>\n<h3 dir=\"auto\" style=\"text-align: center;\">MILYEN K\u00c9RD\u00c9SEKRE KAPSZ V\u00c1LASZT BENNE?<\/h3>\n<ul>\n<li>mi mozgatja a gy\u00f6ny\u00f6r\u00f6d<\/li>\n<li>melyek a gy\u00f6ny\u00f6rt\u00edpusod k\u00e9pess\u00e9gei, legf\u0151bb \u00e9rt\u00e9kei<\/li>\n<li>melyek a gy\u00f6ny\u00f6rt\u00edpusod \u00e1rny\u00e9kai, kih\u00edv\u00e1sai<\/li>\n<li>hogyan tudod \u00e9p\u00edteni a gy\u00f6ny\u00f6r\u00f6d<\/li>\n<li>melyek e t\u00edpus legk\u00e9zenfekv\u0151bb testjelei<\/li>\n<li>milyen gy\u00f6ny\u00f6rdinamik\u00e1kat hozol l\u00e9tre m\u00e1sokkal<\/li>\n<li>mi\u00e9rt \u00e9rdemes fejleszteni magadat \u00e9s szexu\u00e1lis \u00f6nismeretre szert tenni<\/li>\n<\/ul>\n<\/div>\n<p>&nbsp;<\/p>","protected":false},"featured_media":26333,"template":"","meta":{"_acf_changed":false},"product_brand":[],"product_cat":[161],"product_tag":[],"class_list":{"0":"post-26073","1":"product","2":"type-product","3":"status-publish","4":"has-post-thumbnail","6":"product_cat-e-konyv","8":"first","9":"instock","10":"downloadable","11":"virtual","12":"taxable","13":"purchasable","14":"product-type-simple"},"acf":[],"_links":{"self":[{"href":"https:\/\/online.kekesreka.com\/en\/wp-json\/wp\/v2\/product\/26073","targetHints":{"allow":["GET"]}}],"collection":[{"href":"https:\/\/online.kekesreka.com\/en\/wp-json\/wp\/v2\/product"}],"about":[{"href":"https:\/\/online.kekesreka.com\/en\/wp-json\/wp\/v2\/types\/product"}],"version-history":[{"count":2,"href":"https:\/\/online.kekesreka.com\/en\/wp-json\/wp\/v2\/product\/26073\/revisions"}],"predecessor-version":[{"id":26419,"href":"https:\/\/online.kekesreka.com\/en\/wp-json\/wp\/v2\/product\/26073\/revisions\/26419"}],"wp:featuredmedia":[{"embeddable":true,"href":"https:\/\/online.kekesreka.com\/en\/wp-json\/wp\/v2\/media\/26333"}],"wp:attachment":[{"href":"https:\/\/online.kekesreka.com\/en\/wp-json\/wp\/v2\/media?parent=26073"}],"wp:term":[{"taxonomy":"product_brand","embeddable":true,"href":"https:\/\/online.kekesreka.com\/en\/wp-json\/wp\/v2\/product_brand?post=26073"},{"taxonomy":"product_cat","embeddable":true,"href":"https:\/\/online.kekesreka.com\/en\/wp-json\/wp\/v2\/product_cat?post=26073"},{"taxonomy":"product_tag","embeddable":true,"href":"https:\/\/online.kekesreka.com\/en\/wp-json\/wp\/v2\/product_tag?post=26073"}],"curies":[{"name":"wp","href":"https:\/\/api.w.org\/{rel}","templated":true}]}}