{"id":26324,"date":"2024-08-11T19:20:03","date_gmt":"2024-08-11T17:20:03","guid":{"rendered":"https:\/\/online.kekesreka.com\/?post_type=product&#038;p=26324"},"modified":"2025-08-07T18:36:16","modified_gmt":"2025-08-07T16:36:16","slug":"gyonyortipusok-teljes-csomag-e-konyv","status":"publish","type":"product","link":"https:\/\/online.kekesreka.com\/en\/termek\/gyonyortipusok-teljes-csomag-e-konyv\/","title":{"rendered":"Gy\u00f6ny\u00f6rt\u00edpusok &#8211; E-K\u00f6nyvCsomag"},"content":{"rendered":"","protected":false},"excerpt":{"rendered":"<div class=\"current markeddown hide-on-edit js-desc js-show-with-desc\" dir=\"auto\" data-testid=\"description-content-area\">\n<p dir=\"auto\">M\u00e1sokhoz hasonl\u00f3an, a m\u00faltad pozit\u00edv, vagy \u00e9ppen negat\u00edv tapasztalatainak megfelel\u0151en egy\u00e9ni m\u00f3don \u00e9s ar\u00e1nyban fejlesztetted ki gy\u00f6ny\u00f6rk\u00e9pess\u00e9geidet, melyek az erotikus-szexu\u00e1lis alkatod l\u00e9nyegi k\u00f6z\u00e9ppontj\u00e1t k\u00e9pezik. Az \u00e1ltala kialakult gy\u00f6ny\u00f6rt\u00edpusod esszenci\u00e1lis hajt\u00f3er\u0151k\u00e9nt mozgatja \u00e9s ir\u00e1ny\u00edtja a v\u00e1gyaidat, szabja meg a hat\u00e1raidat, \u00e9s mutatja meg egy\u00e9rtelm\u0171en, ki is vagy te szexu\u00e1lis \u00e9rtelemben. Azt is felfedi sz\u00e1modra, mit jelent sz\u00e1modra a szex, az intimit\u00e1s, az \u00e9lvezet, az izgalom \u00e9s orgazmus, \u00e9s milyen utakon \u00e9red azokat el a legk\u00f6nnyebben.<\/p>\n<p dir=\"auto\">Az els\u0151dleges gy\u00f6ny\u00f6rt\u00edpusod az, ami a legk\u00f6zelebb \u00e1ll hozz\u00e1d, ami a te szeretetnyelved. Abban \u00e9rzed magad a legnagyobb biztons\u00e1gban, abban mozogsz otthonosan, \u00e9s annak ismered a legt\u00e1gabb hat\u00e1rait. Sz\u00e9les spektrumon \u00e9led, mert ez az, amit a tested term\u00e9szetszer\u0171leg \u00e9rt. Ha szexualit\u00e1sr\u00f3l van sz\u00f3, a legk\u00f6nnyebben erre reag\u00e1l, mely a legk\u00f6zvetlenebb hozz\u00e1f\u00e9r\u00e9st adja az izgalmadhoz, \u00e9s ahhoz, hogy \u00fagy igaz\u00e1n beindulj.<\/p>\n<p dir=\"auto\">A gy\u00f6ny\u00f6rt\u00e9rk\u00e9ped olvas\u00e1sa egy rendhagy\u00f3 lehet\u0151s\u00e9g lehet sz\u00e1modra, mely seg\u00edt tiszt\u00e1zni \u00e9s megismertetni, hogy ki vagy te val\u00f3j\u00e1ban a gy\u00f6ny\u00f6r\u00f6d szintj\u00e9n, \u00e9s v\u00e1laszt tud adni azzal kapcsolatban is, hogyan tudod t\u00e1mogatni az erotikus-szexu\u00e1lis er\u0151forr\u00e1saidat.<\/p>\n<p dir=\"auto\">Ez a PDF form\u00e1tumban el\u00e9rhet\u0151, az \u00f6sszes gy\u00f6ny\u00f6rt\u00edpus le\u00edr\u00e1s\u00e1t mag\u00e1ba foglal\u00f3 e-k\u00f6nyv csomag, mely a nyomtatott kiadv\u00e1nyok digit\u00e1lis v\u00e1ltozata, azzal kapcsolatban ad felvil\u00e1gos\u00edt\u00e1st, hogy a k\u00fcl\u00f6nf\u00e9le gy\u00f6ny\u00f6rt\u00edpusok hogyan tudj\u00e1k kibontakoztatni szexu\u00e1lis k\u00e9pess\u00e9geiket a leghat\u00e9konyabban &#8211; szolg\u00e1lva erotikus-szexu\u00e1lis v\u00e1gyazonoss\u00e1gukat.<\/p>\n<h3 dir=\"auto\" style=\"text-align: center;\">MILYEN K\u00c9RD\u00c9SEKRE KAPSZ V\u00c1LASZT BENNE?<\/h3>\n<ul>\n<li>mi mozgatja a k\u00fcl\u00f6nb\u00f6z\u0151 t\u00edpusok gy\u00f6ny\u00f6r\u00e9t<\/li>\n<li>melyek a gy\u00f6ny\u00f6rt\u00edpusok k\u00e9pess\u00e9gei, legf\u0151bb \u00e9rt\u00e9kei<\/li>\n<li>melyek a gy\u00f6ny\u00f6rt\u00edpusok \u00e1rny\u00e9kai, kih\u00edv\u00e1sai<\/li>\n<li>hogyan tudj\u00e1k \u00e9p\u00edteni a gy\u00f6ny\u00f6r\u00fcket<\/li>\n<li>melyek e t\u00edpusok legk\u00e9zenfekv\u0151bb testjelei<\/li>\n<li>milyen gy\u00f6ny\u00f6rdinamik\u00e1kat hoznak l\u00e9tre m\u00e1sokkal<\/li>\n<li>hogyan tudsz a szexu\u00e1lis \u00f6nismeret \u00e1ltal az alkatodnak megfelel\u0151en m\u0171k\u00f6dni<\/li>\n<\/ul>\n<\/div>\n<p>&nbsp;<\/p>","protected":false},"featured_media":26428,"template":"","meta":{"_acf_changed":false},"product_brand":[],"product_cat":[152,161],"product_tag":[],"class_list":{"0":"post-26324","1":"product","2":"type-product","3":"status-publish","4":"has-post-thumbnail","6":"product_cat-akcios-termekek","7":"product_cat-e-konyv","9":"first","10":"instock","11":"sale","12":"downloadable","13":"virtual","14":"taxable","15":"purchasable","16":"product-type-simple"},"acf":[],"_links":{"self":[{"href":"https:\/\/online.kekesreka.com\/en\/wp-json\/wp\/v2\/product\/26324","targetHints":{"allow":["GET"]}}],"collection":[{"href":"https:\/\/online.kekesreka.com\/en\/wp-json\/wp\/v2\/product"}],"about":[{"href":"https:\/\/online.kekesreka.com\/en\/wp-json\/wp\/v2\/types\/product"}],"version-history":[{"count":3,"href":"https:\/\/online.kekesreka.com\/en\/wp-json\/wp\/v2\/product\/26324\/revisions"}],"predecessor-version":[{"id":26742,"href":"https:\/\/online.kekesreka.com\/en\/wp-json\/wp\/v2\/product\/26324\/revisions\/26742"}],"wp:featuredmedia":[{"embeddable":true,"href":"https:\/\/online.kekesreka.com\/en\/wp-json\/wp\/v2\/media\/26428"}],"wp:attachment":[{"href":"https:\/\/online.kekesreka.com\/en\/wp-json\/wp\/v2\/media?parent=26324"}],"wp:term":[{"taxonomy":"product_brand","embeddable":true,"href":"https:\/\/online.kekesreka.com\/en\/wp-json\/wp\/v2\/product_brand?post=26324"},{"taxonomy":"product_cat","embeddable":true,"href":"https:\/\/online.kekesreka.com\/en\/wp-json\/wp\/v2\/product_cat?post=26324"},{"taxonomy":"product_tag","embeddable":true,"href":"https:\/\/online.kekesreka.com\/en\/wp-json\/wp\/v2\/product_tag?post=26324"}],"curies":[{"name":"wp","href":"https:\/\/api.w.org\/{rel}","templated":true}]}}