{"id":27690,"date":"2026-01-28T16:03:58","date_gmt":"2026-01-28T15:03:58","guid":{"rendered":"https:\/\/online.kekesreka.com\/?post_type=product&#038;p=27690"},"modified":"2026-01-28T16:06:01","modified_gmt":"2026-01-28T15:06:01","slug":"ferfi-gyonyor-hetvege","status":"publish","type":"product","link":"https:\/\/online.kekesreka.com\/en\/termek\/ferfi-gyonyor-hetvege\/","title":{"rendered":"F\u00c9RFI GY\u00d6NY\u00d6R H\u00c9TV\u00c9GE"},"content":{"rendered":"","protected":false},"excerpt":{"rendered":"<div class=\"elementor-element elementor-element-7b0de98d elementor-widget elementor-widget-heading\" data-id=\"7b0de98d\" data-element_type=\"widget\" data-widget_type=\"heading.default\">\n<div class=\"elementor-widget-container\">\n<h2 class=\"elementor-heading-title elementor-size-default\" style=\"text-align: center;\">\u201eA GY\u00d6NY\u00d6R INTENZ\u00cdV \u00daT \u00d6NMAGADHOZ\u201d<\/h2>\n<\/div>\n<\/div>\n<div class=\"elementor-element elementor-element-a65f413 elementor-widget elementor-widget-text-editor\" style=\"text-align: center;\" data-id=\"a65f413\" data-element_type=\"widget\" data-widget_type=\"text-editor.default\">\n<div class=\"elementor-widget-container\">\n<p>Tapasztald meg a vadul vonz\u00f3 \u00e9s vibr\u00e1l\u00f3 n\u0151is\u00e9gedet \u00f6nmaga kiteljesedett val\u00f3s\u00e1g\u00e1ban \u2013 sz\u00e9gyentelen\u00fcl, felszabadultan \u00e9s korl\u00e1tok n\u00e9lk\u00fcl.<\/p>\n<p>Ez az egyed\u00fcl\u00e1ll\u00f3 program azoknak a n\u0151knek lett kifejlesztve, akik egy val\u00f3ban transzformat\u00edv lehet\u0151s\u00e9get keresnek szexualit\u00e1suk \u00e1talak\u00edt\u00e1s\u00e1ra \u00e9s fejleszt\u00e9s\u00e9re. Olyan nyitott \u00e9s fejl\u0151dni v\u00e1gy\u00f3 egy\u00e9neknek sz\u00f3l, akik val\u00f3di \u00f6nismeretre \u00e9s megalapozott tapasztalatokra szeretn\u00e9k fel\u00e9p\u00edteni \u00e9s kiterjeszteni gy\u00f6ny\u00f6rval\u00f3s\u00e1gukat. Megtestes\u00edteni \u00e9s az \u00e1t\u00e9l\u00e9s szintj\u00e9n maguk\u00e9v\u00e1 tenni a teljes szexu\u00e1lis potenci\u00e1ljukat \u00e9s annak k\u00fcl\u00f6nb\u00f6z\u0151 min\u0151s\u00e9geit. Azoknak, akik szeretn\u00e9nek tan\u00fai lenni test\u00fck \u00e9s idegrendszer\u00fck \u00e1tprogramoz\u00e1s\u00e1nak, \u00e9s akik k\u00e9szek arra, hogy bel\u00e9pjenek gy\u00f6ny\u00f6rk\u00e9szs\u00e9g\u00fck felfedez\u00e9s\u00e9nek ter\u00e9be \u2013 elsaj\u00e1t\u00edtva azokat a nemzetk\u00f6zi szinten elfogadott, kort\u00e1rs szeml\u00e9let\u0171 test- \u00e9s \u00e9lm\u00e9nyf\u00f3kusz\u00fa \u00f6nismereti eszk\u00f6z\u00f6ket, melyek szexualit\u00e1suk kibontakoztat\u00e1s\u00e1hoz ad alapvet\u0151 kereteket \u00e9s ir\u00e1nyvonalakat.<\/p>\n<p>Lehet\u0151s\u00e9get k\u00edn\u00e1l arra vonatkoz\u00f3lag is, hogy szabadon, meghitts\u00e9gben, term\u00e9szetes jelenl\u00e9tben m\u00e9ly\u00fclj \u00f6nmagad felfedez\u00e9s\u00e9ben, \u00e9s a leghat\u00e1sosabb szexu\u00e1lis integr\u00e1ci\u00f3s gyakorlatokon kereszt\u00fcl tapasztald meg szexu\u00e1lis \u00f6nval\u00f3d, izgalmi identit\u00e1sod.<\/p>\n<p>Ez a \u2013 kifejezetten n\u0151knek fenntartott \u2013 v\u00e9dett, intim t\u00e9r hozz\u00e1f\u00e9r\u00e9st ad azokhoz a m\u00f3dszerekhez \u00e9s technik\u00e1khoz, melyek a szexu\u00e1lis gy\u00f6ny\u00f6rk\u00f6zpontod elm\u00e9ly\u00fclt megismer\u00e9s\u00e9hez \u00e9s orgazmusk\u00e9szs\u00e9ged tov\u00e1bbi fejleszt\u00e9s\u00e9hez ny\u00fajt \u00f6nismereti eszk\u00f6zt\u00e1rat \u2013 illetve azt is megmutatja, mit jelent sz\u00e9gyen \u00e9s g\u00e1tl\u00e1s n\u00e9lk\u00fcl felhatalmazni magad a szexu\u00e1lis er\u0151dre, \u00e9s azt hogyan tudod haszn\u00e1lni tudatosan, tiszt\u00e1n, \u00e9beren \u2013 manipul\u00e1ci\u00f3, megfelel\u00e9s, valamint \u00f6nmagad el\u00e9rv\u00e9nytelen\u00edt\u00e9se, eler\u0151tlen\u00edt\u00e9se \u00e9s \u00e9rz\u00e9ketlenn\u00e9 t\u00e9tele n\u00e9lk\u00fcl.<\/p>\n<p>A N\u0151i Gy\u00f6ny\u00f6r Program egy n\u00e9gy h\u00e9tv\u00e9g\u00e9t mag\u00e1ba foglal\u00f3 programsorozat kifejezetten n\u0151knek, mely a szexu\u00e1lis tabukon, t\u00e9vhiteken \u00e9s hiedelmeken t\u00fal szeretn\u00e9 megismertetni azokat az \u00fatvonalakat, melyek a feln\u0151tt szexeduk\u00e1ci\u00f3 leg\u00fajabb m\u00f3dszertan\u00e1hoz ad teljes hozz\u00e1j\u00e1rul\u00e1st, melynek h\u00e9tv\u00e9g\u00e9i nyitottak, k\u00fcl\u00f6n is l\u00e1togathat\u00f3ak.<\/p>\n<\/div>\n<\/div>\n<div class=\"elementor-element elementor-element-6d7dfef elementor-widget elementor-widget-heading\" style=\"text-align: center;\" data-id=\"6d7dfef\" data-element_type=\"widget\" data-widget_type=\"heading.default\">\n<div class=\"elementor-widget-container\">\n<h2 class=\"elementor-heading-title elementor-size-default\">A PROGRAMSOROZAT NEKED SZ\u00d3L, HA SZERETN\u00c9D&#8230;<\/h2>\n<\/div>\n<\/div>\n<div class=\"elementor-element elementor-element-5daface1 elementor-widget elementor-widget-text-editor\" style=\"text-align: center;\" data-id=\"5daface1\" data-element_type=\"widget\" data-widget_type=\"text-editor.default\">\n<div class=\"elementor-widget-container\">\n<p>\u2013 kibontakoztatni \u00e9s kiterjeszteni a gy\u00f6ny\u00f6rk\u00f6zpontodra ir\u00e1nyul\u00f3 ismereted, szexu\u00e1lis tudatoss\u00e1god<\/p>\n<p>\u2013 fejleszteni \u00e9s magasabb szintre emelni a szexu\u00e1lis kult\u00far\u00e1d<\/p>\n<p>\u2013 elm\u00e9ly\u00edteni a kapcsolatodat a szexu\u00e1lis \u00e9rz\u00e9kel\u0151k\u00e9pess\u00e9geddel \u00e9s jelenl\u00e9teddel<\/p>\n<p>\u2013 felfedezni magad egy elk\u00f6telezett, tabukat maga m\u00f6g\u00f6tt hagy\u00f3, v\u00e9dett \u00e9s meghitt t\u00e9rben<\/p>\n<p>\u2013 b\u0151v\u00edteni a szexualit\u00e1sodhoz kapcsol\u00f3d\u00f3 ismereteidet \u00e9s tapasztalataidat<\/p>\n<\/div>\n<\/div>\n<div class=\"elementor-element elementor-element-1d597de9 elementor-widget elementor-widget-heading\" style=\"text-align: center;\" data-id=\"1d597de9\" data-element_type=\"widget\" data-widget_type=\"heading.default\">\n<div class=\"elementor-widget-container\">\n<h2 class=\"elementor-heading-title elementor-size-default\">MIBEN EGYED\u00dcL\u00c1LL\u00d3?<\/h2>\n<\/div>\n<\/div>\n<div class=\"elementor-element elementor-element-1043126 elementor-widget elementor-widget-text-editor\" style=\"text-align: center;\" data-id=\"1043126\" data-element_type=\"widget\" data-widget_type=\"text-editor.default\">\n<div class=\"elementor-widget-container\">\n<p>\u2013 nem ad sz\u00e1modra fikt\u00edv tippeket, szexu\u00e1lis tan\u00e1csokat, n\u0151i szem\u00e9lyis\u00e9gfejleszt\u0151 \u00f6tleteket<\/p>\n<p>\u2013 nem tan\u00edt normat\u00edv szexu\u00e1lis n\u0151i szerepekre, viselked\u00e9sform\u00e1kra<\/p>\n<p>\u2013 t\u00e1mogatja az egy\u00e9n saj\u00e1tos gy\u00f6ny\u00f6rt\u00edpus\u00e1nak \u00e9s csak r\u00e1 jellemz\u0151 szexu\u00e1lis identit\u00e1s\u00e1nak kibontakoz\u00e1s\u00e1t<\/p>\n<p>\u2013 gyakorlati val\u00f3s\u00e1gon \u00e9s tapasztalati fejleszt\u00e9sen alapszik<\/p>\n<p>\u2013 a szexualit\u00e1st testtudat- gy\u00f6ny\u00f6r- \u00e9s l\u00e9t\u00e1llapotk\u00e9nt k\u00f6zel\u00edti meg<\/p>\n<p>\u2013 kort\u00e1rs testorient\u00e1lt m\u00f3dszerekhez \u00e9s technik\u00e1khoz ad hozz\u00e1f\u00e9r\u00e9st<\/p>\n<p>\u2013 nem leszel szexistenn\u0151, sem wonder woman, csak szimpl\u00e1n egy szexu\u00e1lisan felszabadult n\u0151<\/p>\n<p>\u2013 mindenf\u00e9le naiv kivet\u00edt\u00e9s, kinagy\u00edt\u00e1s, t\u00falmisztifik\u00e1l\u00e1s \u00e9s kisl\u00e1nyos \u00e1lmodoz\u00e1s n\u00e9lk\u00fcl \u2013 a val\u00f3s\u00e1g talaj\u00e1n \u00e1llva<\/p>\n<p>\u2013 olyan szabad \u00f6nfelfedez\u00e9st k\u00edn\u00e1l sz\u00e1modra, melyben a saj\u00e1t temp\u00f3dban haladhatsz \u00e9s m\u00e9ly\u00fclhetsz a n\u0151i szexualit\u00e1sodat kibontakoztat\u00f3 t\u00e9m\u00e1kban<\/p>\n<\/div>\n<\/div>\n<div class=\"elementor-element elementor-element-5ddeb61 elementor-widget elementor-widget-heading\" style=\"text-align: center;\" data-id=\"5ddeb61\" data-element_type=\"widget\" data-widget_type=\"heading.default\">\n<div class=\"elementor-widget-container\">\n<h2 class=\"elementor-heading-title elementor-size-default\">HA R\u00c9SZT VESZEL, AKKOR&#8230;<\/h2>\n<\/div>\n<\/div>\n<div class=\"elementor-element elementor-element-5ab37c6f elementor-widget elementor-widget-text-editor\" style=\"text-align: center;\" data-id=\"5ab37c6f\" data-element_type=\"widget\" data-widget_type=\"text-editor.default\">\n<div class=\"elementor-widget-container\">\n<p>\u2013 a szem\u00e9lyes hat\u00e1raidat tiszteletben tartjuk a tanfolyam ideje alatt, \u00e9s azon t\u00fal is<\/p>\n<p>\u2013 nem k\u00f6telez\u00fcnk semmire, amit nem tudsz a saj\u00e1t temp\u00f3dban, a saj\u00e1t fejl\u0151d\u00e9sed ritmus\u00e1ban megtenni.<\/p>\n<\/div>\n<\/div>\n<div class=\"elementor-element elementor-element-c1ad754 elementor-widget elementor-widget-heading\" style=\"text-align: center;\" data-id=\"c1ad754\" data-element_type=\"widget\" data-widget_type=\"heading.default\">\n<div class=\"elementor-widget-container\">\n<h2 class=\"elementor-heading-title elementor-size-default\">TEMATIKA<\/h2>\n<\/div>\n<\/div>\n<div class=\"elementor-element elementor-element-2d7892d4 elementor-widget elementor-widget-text-editor\" style=\"text-align: center;\" data-id=\"2d7892d4\" data-element_type=\"widget\" data-widget_type=\"text-editor.default\">\n<div class=\"elementor-widget-container\">\n<p>\u2013 n\u0151i gy\u00f6ny\u00f6rszervi anat\u00f3mia<\/p>\n<p>\u2013 vizu\u00e1lis anat\u00f3miai t\u00e9rk\u00e9pez\u00e9s<\/p>\n<p>\u2013 medencei tudatt\u00e9rk\u00e9p-k\u00e9sz\u00edt\u00e9s<\/p>\n<p>\u2013 gy\u00f6ny\u00f6rszervi jelenl\u00e9tmedit\u00e1ci\u00f3<\/p>\n<p>\u2013 medencep\u00e1szt\u00e1z\u00e1s<\/p>\n<p>\u2013 gy\u00f6ny\u00f6rk\u00f6zpont f\u00f3kuszol\u00e1s<\/p>\n<p>\u2013 gy\u00f6ny\u00f6rversel\u00e9s<\/p>\n<p>\u2013 gy\u00f6ny\u00f6rmedit\u00e1ci\u00f3<\/p>\n<p>\u2013 k\u00fcls\u0151 \u00e9s bels\u0151 anat\u00f3miai t\u00e9rk\u00e9pez\u00e9s<\/p>\n<p>\u2013 medencei gy\u00f6ny\u00f6rsk\u00e1l\u00e1z\u00e1s<\/p>\n<p>\u2013 felhatalmaz\u00f3 kommunik\u00e1ci\u00f3fejleszt\u00e9s<\/p>\n<p>\u2013 gy\u00f6ny\u00f6rk\u00f6zpont ki\u00e9rz\u00e9keny\u00edt\u00e9s<\/p>\n<p>\u2013 medencei testt\u00e9rk\u00e9p k\u00e9sz\u00edt\u00e9s<\/p>\n<p>\u2013 gy\u00f6ny\u00f6rszervi blokkold\u00e1s<\/p>\n<p>\u2013 v\u00e1gyt\u00e9rk\u00e9pez\u00e9s<\/p>\n<p>\u2013 medence ellaz\u00edt\u00e1sa<\/p>\n<p>\u2013 medence \u00e9breszt\u00e9se<\/p>\n<p>\u2013 medence aktiv\u00e1l\u00e1sa<\/p>\n<p>\u2013 szexu\u00e1lis eml\u00e9kfolyam<\/p>\n<p>\u2013 szexu\u00e1lis t\u00f6rt\u00e9net\u00edr\u00e1s<\/p>\n<p>\u2013 gy\u00f6ny\u00f6rkiterjeszt\u00e9s<\/p>\n<p>\u2013 szexu\u00e1lis fejleszt\u0151eszk\u00f6z\u00f6k<\/p>\n<p>\u2013 szexu\u00e1lis \u00f6nmassz\u00e1zs<\/p>\n<p>\u2013 tudatos szexu\u00e1lis \u00f6nkapcsol\u00f3d\u00e1s<\/p>\n<\/div>\n<\/div>\n<div class=\"elementor-element elementor-element-4155d412 elementor-widget elementor-widget-heading\" style=\"text-align: center;\" data-id=\"4155d412\" data-element_type=\"widget\" data-widget_type=\"heading.default\">\n<div class=\"elementor-widget-container\">\n<h2 class=\"elementor-heading-title elementor-size-default\">\u00c9RKEZ\u00c9S<\/h2>\n<\/div>\n<\/div>\n<div class=\"elementor-element elementor-element-590c600d elementor-widget elementor-widget-text-editor\" style=\"text-align: center;\" data-id=\"590c600d\" data-element_type=\"widget\" data-widget_type=\"text-editor.default\">\n<div class=\"elementor-widget-container\">\n<p>K\u00e9rlek, \u00e9rkezz hamarabb, hogy id\u0151ben \u00e9s jelenl\u00e9tb\u0151l tudj kapcsol\u00f3dni a csoporthoz, a teret 9.30-kor megnyitjuk.<\/p>\n<\/div>\n<\/div>\n<div class=\"elementor-element elementor-element-10558c54 elementor-widget elementor-widget-heading\" style=\"text-align: center;\" data-id=\"10558c54\" data-element_type=\"widget\" data-widget_type=\"heading.default\">\n<div class=\"elementor-widget-container\">\n<h2 class=\"elementor-heading-title elementor-size-default\">\u00d6LT\u00d6ZET<\/h2>\n<\/div>\n<\/div>\n<div class=\"elementor-element elementor-element-6cf99a65 elementor-widget elementor-widget-text-editor\" style=\"text-align: center;\" data-id=\"6cf99a65\" data-element_type=\"widget\" data-widget_type=\"text-editor.default\">\n<div class=\"elementor-widget-container\">\n<p>B\u00e1rmilyen k\u00e9nyelmes, rugalmas \u00e9s r\u00e9tegesen haszn\u00e1lhat\u00f3 \u00f6lt\u00f6zet, ami hozz\u00e1ad az ellazults\u00e1godhoz. Valamint ez egy cip\u0151mentes t\u00e9r, ahol mez\u00edtl\u00e1b \u00e9s felszabadultan vagyunk.<\/p>\n<\/div>\n<\/div>\n<div class=\"elementor-element elementor-element-141406a8 elementor-widget elementor-widget-heading\" style=\"text-align: center;\" data-id=\"141406a8\" data-element_type=\"widget\" data-widget_type=\"heading.default\">\n<div class=\"elementor-widget-container\">\n<h2 class=\"elementor-heading-title elementor-size-default\">ESZK\u00d6Z\u00d6K<\/h2>\n<\/div>\n<\/div>\n<div class=\"elementor-element elementor-element-540f4128 elementor-widget elementor-widget-text-editor\" style=\"text-align: center;\" data-id=\"540f4128\" data-element_type=\"widget\" data-widget_type=\"text-editor.default\">\n<div class=\"elementor-widget-container\">\n<p>Nagyobb m\u00e9ret\u0171 kend\u0151 (szarong, lungi), valamint t\u00f6r\u00f6lk\u00f6z\u0151, egyszer\u0171 leped\u0151, zsebkend\u0151, z\u00e1rhat\u00f3 vizesflakon, gy\u00f6ny\u00f6rnapl\u00f3, k\u00e9zit\u00fck\u00f6r<\/p>\n<\/div>\n<\/div>\n<div class=\"elementor-element elementor-element-50d8debe elementor-widget elementor-widget-heading\" style=\"text-align: center;\" data-id=\"50d8debe\" data-element_type=\"widget\" data-widget_type=\"heading.default\">\n<div class=\"elementor-widget-container\">\n<h2 class=\"elementor-heading-title elementor-size-default\">ILLATMENTES K\u00d6RNYEZET<\/h2>\n<\/div>\n<\/div>\n<div class=\"elementor-element elementor-element-343d29fa elementor-widget elementor-widget-text-editor\" style=\"text-align: center;\" data-id=\"343d29fa\" data-element_type=\"widget\" data-widget_type=\"text-editor.default\">\n<div class=\"elementor-widget-container\">\n<p>Ez egy nagyon \u00e9rz\u00e9keny t\u00e9r, k\u00e9rlek, hanyagold az er\u0151sebb parf\u00fcm, kr\u00e9m, dezodor haszn\u00e1lat\u00e1t, ink\u00e1bb haszn\u00e1lj t\u00f6r\u00f6lk\u00f6z\u0151t helyette.<\/p>\n<\/div>\n<\/div>\n<div class=\"elementor-element elementor-element-6fc8b364 elementor-widget elementor-widget-heading\" style=\"text-align: center;\" data-id=\"6fc8b364\" data-element_type=\"widget\" data-widget_type=\"heading.default\">\n<div class=\"elementor-widget-container\">\n<h2 class=\"elementor-heading-title elementor-size-default\">ATTIT\u0170D<\/h2>\n<\/div>\n<\/div>\n<div class=\"elementor-element elementor-element-6cc1544 elementor-widget elementor-widget-text-editor\" style=\"text-align: center;\" data-id=\"6cc1544\" data-element_type=\"widget\" data-widget_type=\"text-editor.default\">\n<div class=\"elementor-widget-container\">\n<p>Ez egy szabad, nyitott \u00e9s v\u00e9dett t\u00e9r, amelyet te is alak\u00edtasz, \u00e9s amelyhez te is hozz\u00e1teszel, tiszteld azt. Nincs helye az \u00edt\u00e9lkez\u00e9snek, sz\u00e9gyennek, viszont van l\u00e9tjogosults\u00e1ga a csoporton bel\u00fcli titoktart\u00e1snak.<\/p>\n<\/div>\n<\/div>\n<div class=\"elementor-element elementor-element-f4a9048 elementor-widget elementor-widget-heading\" style=\"text-align: center;\" data-id=\"f4a9048\" data-element_type=\"widget\" data-widget_type=\"heading.default\">\n<div class=\"elementor-widget-container\">\n<h2 class=\"elementor-heading-title elementor-size-default\">PROGRAM<\/h2>\n<\/div>\n<\/div>\n<div class=\"elementor-element elementor-element-7416a917 elementor-widget elementor-widget-text-editor\" style=\"text-align: center;\" data-id=\"7416a917\" data-element_type=\"widget\" data-widget_type=\"text-editor.default\">\n<div class=\"elementor-widget-container\">\n<p>9.30-10.00 \u00e9rkez\u00e9s, hangol\u00f3d\u00e1s<br \/>\n10.00-18.00 workshopt\u00e9r egy\u00f3r\u00e1s eb\u00e9dsz\u00fcnettel<\/p>\n<\/div>\n<\/div>\n<div class=\"elementor-element elementor-element-16063e3 elementor-widget elementor-widget-heading\" style=\"text-align: center;\" data-id=\"16063e3\" data-element_type=\"widget\" data-widget_type=\"heading.default\">\n<div class=\"elementor-widget-container\">\n<h2 class=\"elementor-heading-title elementor-size-default\">EGY\u00c9B TUDNIVAL\u00d3K<\/h2>\n<\/div>\n<\/div>\n<div class=\"elementor-element elementor-element-929afab elementor-widget elementor-widget-text-editor\" style=\"text-align: center;\" data-id=\"929afab\" data-element_type=\"widget\" data-widget_type=\"text-editor.default\">\n<div class=\"elementor-widget-container\">\n<p>A program 18 \u00e9ves korhat\u00e1rhoz k\u00f6t\u00f6tt. A Szexpozit\u00edv Egyes\u00fclet tagjainak kedvezm\u00e9nyesen el\u00e9rhet\u0151.<\/p>\n<p>A jelentkez\u00e9sed az online jegyv\u00e1s\u00e1rl\u00e1sod \u00e1ltal lesz \u00e9rv\u00e9nyes, melyr\u0151l a megadott email c\u00edmeden \u00e9rtes\u00edt\u00fcnk. A programon val\u00f3 r\u00e9szv\u00e9teli jogosults\u00e1godat a visszaigazol\u00f3 \u00fczeneted vagy a digit\u00e1lis sz\u00e1ml\u00e1d felmutat\u00e1s\u00e1val tudod igazolni. A kifizetett \u00f6sszeget az \u00c1SZF-ben \u00f6sszefoglaltak szerint nem \u00e1ll m\u00f3dunkban visszafizetni, \u00e9s sajnos nincs lehet\u0151s\u00e9g egy m\u00e1sik alkalommal val\u00f3 felhaszn\u00e1l\u00e1sra sem.<\/p>\n<p>A program id\u0151ben kezd\u0151dik, ez\u00e9rt \u00e9rkezz hamarabb, \u00e9s adj teret a felk\u00e9sz\u00fcl\u00e9shez. A termet a program kezdetekor z\u00e1rjuk.<\/p>\n<p>Sz\u00e1ll\u00e1sra van lehet\u0151s\u00e9g a vid\u00e9kieknek. Ezzel kapcsolatban \u00e9rdekl\u0151d\u00e9s emailben.<\/p>\n<p>A t\u00e9r t\u00e1mogatja a szexualit\u00e1shoz \u00e9s meztelens\u00e9ghez kapcsol\u00f3d\u00f3 term\u00e9szetes, sz\u00e9gyen- \u00e9s tabumentes kommunik\u00e1ci\u00f3t, \u00f6nkifejez\u00e9st \u00e9s nyelvezetet, de nem c\u00e9lja a provok\u00e1ci\u00f3.<\/p>\n<p>Az \u00e1r tartalmazza a teljes program alatt sz\u00fcks\u00e9ges eszk\u00f6z\u00f6k haszn\u00e1lat\u00e1t (gumikeszty\u0171, massz\u00e1zsolaj, pap\u00edrt\u00f6rl\u0151, massz\u00e1zs\u00e1gyak, szivacsok, pl\u00e9dek stb.).<\/p>\n<\/div>\n<\/div>\n<div class=\"elementor-element elementor-element-75bbe88 elementor-widget elementor-widget-heading\" style=\"text-align: center;\" data-id=\"75bbe88\" data-element_type=\"widget\" data-widget_type=\"heading.default\">\n<div class=\"elementor-widget-container\">\n<h2 class=\"elementor-heading-title elementor-size-default\">K\u00d6NYVV\u00c1S\u00c1RL\u00c1SI LEHET\u0150S\u00c9G<\/h2>\n<\/div>\n<\/div>\n<div class=\"elementor-element elementor-element-714d6e3f elementor-widget elementor-widget-text-editor\" style=\"text-align: center;\" data-id=\"714d6e3f\" data-element_type=\"widget\" data-widget_type=\"text-editor.default\">\n<div class=\"elementor-widget-container\">\n<p data-pm-slice=\"1 1 []\">A workshop alatt lehet\u0151s\u00e9g van\u00a0<a href=\"https:\/\/online.kekesreka.com\/en\/product-2\/az-orgazmus-muveszete-szex-konyv\/\" target=\"_blank\" rel=\"noopener\">Az Orgazmus M\u0171v\u00e9szete<\/a>\u00a0k\u00f6nyv \u00e9s a\u00a0<a href=\"https:\/\/online.kekesreka.com\/en\/product-2\/gyonyortipusok-kiskonyv-teljes-csomag\/\" target=\"_blank\" rel=\"noopener\">Gy\u00f6ny\u00f6rt\u00edpusok<\/a>\u00a0kisk\u00f6nyvek , valamint a\u00a0<a href=\"http:\/\/rituii.com\/\">Rituii term\u00e9kek<\/a>\u00a0\u00e9s szexu\u00e1lis fejleszt\u0151eszk\u00f6z\u00f6k megv\u00e1s\u00e1rl\u00e1s\u00e1ra kedvezm\u00e9nyes \u00e1ron, melyr\u0151l r\u00e9szletesebb inform\u00e1ci\u00f3t a c\u00edmekre kattintva tal\u00e1lsz.<\/p>\n<\/div>\n<\/div>\n<div class=\"elementor-element elementor-element-472e2144 elementor-widget elementor-widget-heading\" style=\"text-align: center;\" data-id=\"472e2144\" data-element_type=\"widget\" data-widget_type=\"heading.default\">\n<div class=\"elementor-widget-container\">\n<div class=\"elementor-element elementor-element-472e2144 elementor-widget elementor-widget-heading\" data-id=\"472e2144\" data-element_type=\"widget\" data-widget_type=\"heading.default\">\n<div class=\"elementor-widget-container\">\n<p class=\"elementor-heading-title elementor-size-default\">Helysz\u00edn: Op\u00e1l Centrum, Bart\u00f3k B\u00e9la \u00fat 55.<\/p>\n<\/div>\n<\/div>\n<div class=\"elementor-element elementor-element-3d0c1328 elementor-widget elementor-widget-heading\" data-id=\"3d0c1328\" data-element_type=\"widget\" data-widget_type=\"heading.default\">\n<div class=\"elementor-widget-container\">\n<p class=\"elementor-heading-title elementor-size-default\">Id\u0151pontok: 2026.02.28-03.01.<\/p>\n<\/div>\n<\/div>\n<div class=\"elementor-element elementor-element-68315751 elementor-widget elementor-widget-heading\" data-id=\"68315751\" data-element_type=\"widget\" data-widget_type=\"heading.default\">\n<div class=\"elementor-widget-container\">\n<p class=\"elementor-heading-title elementor-size-default\">Program \u00e1ra: 85.000 Ft<\/p>\n<\/div>\n<\/div>\n<div class=\"elementor-element elementor-element-7e9aea93 elementor-widget elementor-widget-heading\" data-id=\"7e9aea93\" data-element_type=\"widget\" data-widget_type=\"heading.default\">\n<div class=\"elementor-widget-container\">\n<p class=\"elementor-heading-title elementor-size-default\">Id\u0151tartam: 14 \u00f3ra<\/p>\n<\/div>\n<\/div>\n<div class=\"elementor-element elementor-element-7270d64 elementor-widget elementor-widget-heading\" data-id=\"7270d64\" data-element_type=\"widget\" data-widget_type=\"heading.default\">\n<div class=\"elementor-widget-container\">\n<p class=\"elementor-heading-title elementor-size-default\">Jelentkez\u00e9si Hat\u00e1rid\u0151: 2026.02.14.<\/p>\n<\/div>\n<\/div>\n<\/div>\n<\/div>\n<div class=\"elementor-element elementor-element-4024c03a elementor-widget elementor-widget-spacer\" data-id=\"4024c03a\" data-element_type=\"widget\" data-widget_type=\"spacer.default\">\n<div class=\"elementor-widget-container\">\n<div class=\"elementor-spacer\" style=\"text-align: center;\"><\/div>\n<\/div>\n<\/div>","protected":false},"featured_media":19117,"template":"","meta":{"_acf_changed":false},"product_brand":[],"product_cat":[141],"product_tag":[],"class_list":{"0":"post-27690","1":"product","2":"type-product","3":"status-publish","4":"has-post-thumbnail","6":"product_cat-workshop-hetvege","8":"first","9":"instock","10":"virtual","11":"sold-individually","12":"taxable","13":"purchasable","14":"product-type-simple"},"acf":[],"_links":{"self":[{"href":"https:\/\/online.kekesreka.com\/en\/wp-json\/wp\/v2\/product\/27690","targetHints":{"allow":["GET"]}}],"collection":[{"href":"https:\/\/online.kekesreka.com\/en\/wp-json\/wp\/v2\/product"}],"about":[{"href":"https:\/\/online.kekesreka.com\/en\/wp-json\/wp\/v2\/types\/product"}],"version-history":[{"count":1,"href":"https:\/\/online.kekesreka.com\/en\/wp-json\/wp\/v2\/product\/27690\/revisions"}],"predecessor-version":[{"id":27691,"href":"https:\/\/online.kekesreka.com\/en\/wp-json\/wp\/v2\/product\/27690\/revisions\/27691"}],"wp:featuredmedia":[{"embeddable":true,"href":"https:\/\/online.kekesreka.com\/en\/wp-json\/wp\/v2\/media\/19117"}],"wp:attachment":[{"href":"https:\/\/online.kekesreka.com\/en\/wp-json\/wp\/v2\/media?parent=27690"}],"wp:term":[{"taxonomy":"product_brand","embeddable":true,"href":"https:\/\/online.kekesreka.com\/en\/wp-json\/wp\/v2\/product_brand?post=27690"},{"taxonomy":"product_cat","embeddable":true,"href":"https:\/\/online.kekesreka.com\/en\/wp-json\/wp\/v2\/product_cat?post=27690"},{"taxonomy":"product_tag","embeddable":true,"href":"https:\/\/online.kekesreka.com\/en\/wp-json\/wp\/v2\/product_tag?post=27690"}],"curies":[{"name":"wp","href":"https:\/\/api.w.org\/{rel}","templated":true}]}}