{"id":6276,"date":"2022-09-05T17:28:32","date_gmt":"2022-09-05T15:28:32","guid":{"rendered":"https:\/\/online.kekesreka.com\/termek\/szexualis-ongyonyoradas\/"},"modified":"2025-07-05T22:36:05","modified_gmt":"2025-07-05T20:36:05","slug":"szexualis-ongyonyoradas","status":"publish","type":"product","link":"https:\/\/online.kekesreka.com\/en\/termek\/szexualis-ongyonyoradas\/","title":{"rendered":"Szexu\u00e1lis \u00d6ngy\u00f6ny\u00f6rad\u00e1s"},"content":{"rendered":"","protected":false},"excerpt":{"rendered":"<p class=\"ai-optimize-18\">A medencei \u00f6ngy\u00f6ny\u00f6rszerz\u00e9s sokak sz\u00e1m\u00e1ra tabu \u00f6nmaguk \u00e9s partner\u00fck fel\u00e9 is, hiszen rengeteg t\u00e1rsadalmi t\u00e9vhit, f\u00e9lre\u00e9rt\u00e9s \u00e9s hiedelem kapcsol\u00f3dik hozz\u00e1. Vannak, akik el\u00edt\u00e9lik ezt a t\u00edpus\u00fa \u00f6r\u00f6maj\u00e1nd\u00e9koz\u00e1si lehet\u0151s\u00e9get, hiszen \u0151ket is megal\u00e1zt\u00e1k gyerekkorukban intim \u00f6nfelfedez\u00e9s k\u00f6zben. Nem besz\u00e9lve a k\u00f6rnyezet korl\u00e1toz\u00f3 \u00e9s megsz\u00e9gyen\u00edt\u0151 hozz\u00e1\u00e1ll\u00e1s\u00e1r\u00f3l, ami szint\u00e9n nem igaz\u00e1n kedvez annak, hogy term\u00e9szetes m\u00f3don kapcsol\u00f3djunk \u00f6nmagunkhoz, test\u00fcnkh\u00f6z, v\u00e1gyainkhoz.<\/p>\n<p class=\"ai-optimize-19\">Ennek az \u00e9l\u0151 el\u0151ad\u00e1st r\u00f6gz\u00edtett hanganyagnak a c\u00e9lja az, hogy fel\u00e9bredj\u00fcnk \u00e9rz\u00e9ki tudatoss\u00e1gunkban, \u00e9s az \u00f6ngy\u00f6ny\u00f6rad\u00e1s hatalmas lehet\u0151s\u00e9g\u00e9t \u00fajra felismerj\u00fck abban a form\u00e1ban, amire hivatott. Ler\u00e1ntsuk a leplet azokr\u00f3l a hamis elk\u00e9pzel\u00e9sekr\u0151l, amelyek az \u00f6nk\u00e9nyeztet\u00e9st perverznek, mocskosnak vagy feleslegesnek \u00e1ll\u00edtj\u00e1k be, \u00e9s elinduljunk azon az \u00faton, ahol felfedezhetj\u00fck az \u00f6r\u00f6m\u00f6t megg\u00e1tol\u00f3 \u00f6nszabot\u00e1zs \u00e9s hitek m\u00f6g\u00f6tt saj\u00e1t v\u00e1gyteli l\u00e9ny\u00fcnk sz\u00fcks\u00e9gleteit \u00e9s hat\u00e1rait.<\/p>\n<p class=\"ai-optimize-20\">K\u00e9pesekk\u00e9 v\u00e1ljunk a medenc\u00e9nkben rejl\u0151 er\u0151forr\u00e1st saj\u00e1t szolg\u00e1latunkba \u00e1ll\u00edtani, \u00e9s ez\u00e1ltal tudatosan fel\u00e9p\u00edteni egy j\u00f3l m\u0171k\u00f6d\u0151 \u00e9s szab\u00e1lyozhat\u00f3 v\u00e1gyidentit\u00e1st, mely nemcsak saj\u00e1t vitalit\u00e1sunk \u00e9s v\u00e1gyk\u00e9szs\u00e9g\u00fcnk alapj\u00e1v\u00e1 v\u00e1lhat, hanem a partner\u00fcnk \u00f6r\u00f6m\u00e9re is.<\/p>\n<p class=\"ai-optimize-21\">L\u00e9gy te is a tudatos intimit\u00e1s \u00e9s \u00e9rz\u00e9kis\u00e9g \u00fajszer\u0171 n\u00e9z\u0151pontjainak k\u00e9pvisel\u0151je \u00e9s megteremt\u0151je!<\/p>\n<p class=\"ai-optimize-22\">A hanganyag hossza: 120 p<\/p>","protected":false},"featured_media":11596,"template":"","meta":{"_acf_changed":false},"product_brand":[],"product_cat":[115],"product_tag":[],"class_list":{"0":"post-6276","1":"product","2":"type-product","3":"status-publish","4":"has-post-thumbnail","6":"product_cat-hanganyag","8":"first","9":"instock","10":"downloadable","11":"virtual","12":"sold-individually","13":"taxable","14":"purchasable","15":"product-type-simple"},"acf":[],"_links":{"self":[{"href":"https:\/\/online.kekesreka.com\/en\/wp-json\/wp\/v2\/product\/6276","targetHints":{"allow":["GET"]}}],"collection":[{"href":"https:\/\/online.kekesreka.com\/en\/wp-json\/wp\/v2\/product"}],"about":[{"href":"https:\/\/online.kekesreka.com\/en\/wp-json\/wp\/v2\/types\/product"}],"version-history":[{"count":2,"href":"https:\/\/online.kekesreka.com\/en\/wp-json\/wp\/v2\/product\/6276\/revisions"}],"predecessor-version":[{"id":27364,"href":"https:\/\/online.kekesreka.com\/en\/wp-json\/wp\/v2\/product\/6276\/revisions\/27364"}],"wp:featuredmedia":[{"embeddable":true,"href":"https:\/\/online.kekesreka.com\/en\/wp-json\/wp\/v2\/media\/11596"}],"wp:attachment":[{"href":"https:\/\/online.kekesreka.com\/en\/wp-json\/wp\/v2\/media?parent=6276"}],"wp:term":[{"taxonomy":"product_brand","embeddable":true,"href":"https:\/\/online.kekesreka.com\/en\/wp-json\/wp\/v2\/product_brand?post=6276"},{"taxonomy":"product_cat","embeddable":true,"href":"https:\/\/online.kekesreka.com\/en\/wp-json\/wp\/v2\/product_cat?post=6276"},{"taxonomy":"product_tag","embeddable":true,"href":"https:\/\/online.kekesreka.com\/en\/wp-json\/wp\/v2\/product_tag?post=6276"}],"curies":[{"name":"wp","href":"https:\/\/api.w.org\/{rel}","templated":true}]}}