{"id":6278,"date":"2022-09-05T20:55:04","date_gmt":"2022-09-05T18:55:04","guid":{"rendered":"https:\/\/online.kekesreka.com\/termek\/a-szexualis-onfelszabaditas-utjan\/"},"modified":"2025-07-05T22:35:06","modified_gmt":"2025-07-05T20:35:06","slug":"a-szexualis-onfelszabaditas-utjan","status":"publish","type":"product","link":"https:\/\/online.kekesreka.com\/en\/termek\/a-szexualis-onfelszabaditas-utjan\/","title":{"rendered":"A szexu\u00e1lis \u00f6nfelszabad\u00edt\u00e1s \u00fatj\u00e1n"},"content":{"rendered":"","protected":false},"excerpt":{"rendered":"<p class=\"ai-optimize-17\">Hissz\u00fck, hogy szexu\u00e1lis v\u00e1gyainkat \u00e9s term\u00e9szet\u00fcnket mi hat\u00e1rozzuk meg, \u00e9s azt is, hogy szexu\u00e1lisan szuver\u00e9nek \u00e9s szabadok vagyunk. A vil\u00e1g a korl\u00e1tok n\u00e9lk\u00fcli szexualit\u00e1st hirdeti, de valahogy m\u00e9gis mintha teljes s\u00f6t\u00e9ts\u00e9gben bolyongan\u00e1nk ezen a ter\u00fcleten. A szexu\u00e1lis \u00f6nfejleszt\u00e9shez sz\u00fcks\u00e9ges inform\u00e1ci\u00f3k el\u00e9rhetetlenek, megt\u00e9veszt\u0151ek, ellentmond\u00e1sosak \u00e9s elbizonytalan\u00edt\u00f3ak.<\/p>\n<p class=\"ai-optimize-18\">Lehets\u00e9ges, hogy egy szexu\u00e1lis anarchia fogs\u00e1g\u00e1ban \u00e9l\u00fcnk? Hiszen rengeteg elfogadott tabu, hiedelem vagy elv\u00e1r\u00e1s \u00f6vezi orgazmusainkat, amit evidenciak\u00e9nt kezel\u00fcnk a p\u00e1rkapcsolatainkban, szexu\u00e1lis kapcsol\u00f3d\u00e1sainkban. Nem besz\u00e9lve azokr\u00f3l az intimit\u00e1sunkban kialak\u00edtott szerepekr\u0151l, amiket \u00e9vek vagy \u00e9vtizedek alatt \u00e9p\u00edtett\u00fcnk fel.\u00a0Tal\u00e1n itt az id\u0151 feltenni a k\u00e9rd\u00e9st, hogy mit is jelent val\u00f3j\u00e1ban szexu\u00e1lisan szabadnak lenni!<\/p>\n<p class=\"ai-optimize-19\">Hogyan tudjuk megtal\u00e1lni saj\u00e1t v\u00e1laszainkat, \u00e9s hogyan tudjuk tudatos\u00edtani szexualit\u00e1sunkat befoly\u00e1sol\u00f3 szok\u00e1sainkat, korl\u00e1toz\u00e1sainkat? Hogyan tudjuk felismerni az \u00f6nmagunkat g\u00e1tl\u00f3 vagy meger\u0151szakol\u00f3 hiedelmeinket? Mik azok az \u00f6nmagunk \u00e1ltal vagy t\u00e1rsadalmilag elfogadott hazugs\u00e1gok \u00e9s t\u00e9vhitek, amelyeket \u00f6ntudatlanul is mozgatnak minket an\u00e9lk\u00fcl, hogy megvizsg\u00e1ln\u00e1nk \u0151ket? Hogyan \u00e1llunk saj\u00e1t gy\u00f6ny\u00f6r\u00fcnk \u00fatj\u00e1ba an\u00e9lk\u00fcl, hogy azt felismern\u00e9nk \u00e9s \u00e9rz\u00e9keln\u00e9nk? Hogyan v\u00e1lunk a t\u00e1rsadalom, a partner\u00fcnk \u00e9s \u00f6nmagunk szexu\u00e1lis rabszolg\u00e1j\u00e1v\u00e1, \u00e9s prostitu\u00e1ljuk magunkat szexu\u00e1lis hiedelmeink olt\u00e1r\u00e1n?<\/p>\n<div>Ez az \u00e9l\u0151 el\u0151ad\u00e1st meg\u00f6r\u00f6k\u00edt\u0151 hanganyag ezekre a k\u00e9rd\u00e9sekre keresi az \u0151szinte, szabad \u00e9s f\u00e9lelmekt\u0151l mentes n\u00e9z\u0151pontokat.<\/div>\n<div><\/div>\n<div>L\u00e9gy te is az intimit\u00e1s \u00e9s szexualit\u00e1s \u00faj paradigm\u00e1inak r\u00e9szese \u00e9s megalkot\u00f3ja!<\/div>\n<div><\/div>\n<div>\n<div class=\"\" data-block=\"true\" data-editor=\"d97vk\" data-offset-key=\"58p5o-0-0\">\n<div class=\"_1mf _1mj\" data-offset-key=\"58p5o-0-0\"><span data-offset-key=\"58p5o-0-0\">El\u0151ad\u00f3: K\u00e9kes R\u00e9ka szomatikus \u00e9s szexu\u00e1l coach<\/span><\/div>\n<\/div>\n<\/div>","protected":false},"featured_media":19123,"template":"","meta":{"_acf_changed":false},"product_brand":[],"product_cat":[115],"product_tag":[],"class_list":{"0":"post-6278","1":"product","2":"type-product","3":"status-publish","4":"has-post-thumbnail","6":"product_cat-hanganyag","8":"first","9":"instock","10":"downloadable","11":"virtual","12":"sold-individually","13":"taxable","14":"purchasable","15":"product-type-simple"},"acf":[],"_links":{"self":[{"href":"https:\/\/online.kekesreka.com\/en\/wp-json\/wp\/v2\/product\/6278","targetHints":{"allow":["GET"]}}],"collection":[{"href":"https:\/\/online.kekesreka.com\/en\/wp-json\/wp\/v2\/product"}],"about":[{"href":"https:\/\/online.kekesreka.com\/en\/wp-json\/wp\/v2\/types\/product"}],"version-history":[{"count":2,"href":"https:\/\/online.kekesreka.com\/en\/wp-json\/wp\/v2\/product\/6278\/revisions"}],"predecessor-version":[{"id":27363,"href":"https:\/\/online.kekesreka.com\/en\/wp-json\/wp\/v2\/product\/6278\/revisions\/27363"}],"wp:featuredmedia":[{"embeddable":true,"href":"https:\/\/online.kekesreka.com\/en\/wp-json\/wp\/v2\/media\/19123"}],"wp:attachment":[{"href":"https:\/\/online.kekesreka.com\/en\/wp-json\/wp\/v2\/media?parent=6278"}],"wp:term":[{"taxonomy":"product_brand","embeddable":true,"href":"https:\/\/online.kekesreka.com\/en\/wp-json\/wp\/v2\/product_brand?post=6278"},{"taxonomy":"product_cat","embeddable":true,"href":"https:\/\/online.kekesreka.com\/en\/wp-json\/wp\/v2\/product_cat?post=6278"},{"taxonomy":"product_tag","embeddable":true,"href":"https:\/\/online.kekesreka.com\/en\/wp-json\/wp\/v2\/product_tag?post=6278"}],"curies":[{"name":"wp","href":"https:\/\/api.w.org\/{rel}","templated":true}]}}