{"id":6280,"date":"2022-08-23T12:26:12","date_gmt":"2022-08-23T10:26:12","guid":{"rendered":"https:\/\/online.kekesreka.com\/termek\/az-erotikus-masszazs-titkai\/"},"modified":"2025-07-05T22:37:25","modified_gmt":"2025-07-05T20:37:25","slug":"az-erotikus-masszazs-titkai","status":"publish","type":"product","link":"https:\/\/online.kekesreka.com\/en\/termek\/az-erotikus-masszazs-titkai\/","title":{"rendered":"Az Erotikus Massz\u00e1zs Titkai"},"content":{"rendered":"","protected":false},"excerpt":{"rendered":"<div class=\"kvgmc6g5 cxmmr5t8 oygrvhab hcukyx3x c1et5uql\">Szexu\u00e1lis \u00e9s intim kapcsolatainkban kulcsfontoss\u00e1g\u00fa szerepet t\u00f6lt be az \u00e9rint\u00e9s, \u00f6lel\u00e9s. \u00c1ltala \u00e9rz\u00e9seket, \u00e9rzelmeket, bels\u0151 \u00e1llapotokat kommunik\u00e1lunk \u2013 egyszerre adunk \u00e9s fogadunk. A val\u00f3ban m\u00e9ly \u00e9rint\u00e9s, valamint az intim \u00e9rint\u00e9sek \u00e1ltal tudatosan fel\u00e9p\u00edtett erotikus massz\u00e1zs elsaj\u00e1t\u00edt\u00e1sa elvezet azokhoz a tapasztalatokhoz, melyek seg\u00edtenek minket abban, hogy a test\u00fcnk \u00e9s lelk\u00fcnk tiszt\u00e1bban fejezze ki \u00f6nmag\u00e1t intim kapcsol\u00f3d\u00e1sainkban. A tudatos \u00e9rint\u00e9s \u00e1ltal fejl\u0151dik testtudatoss\u00e1gunk, \u00e9rz\u00e9keink kifinomodnak, intu\u00edci\u00f3nk az egy\u00fcttl\u00e9t jelenl\u00e9t\u00e1llapotainak kiteljesed\u00e9s\u00e9hez \u2013 teljes erotikus potenci\u00e1lunk kiterjeszt\u00e9s\u00e9hez vezet.<\/div>\n<div><\/div>\n<div class=\"o9v6fnle cxmmr5t8 oygrvhab hcukyx3x c1et5uql\">Ez az el\u0151ad\u00e1son r\u00f6gz\u00edtett hanganyag bevezet minket az erotikus massz\u00e1zs vil\u00e1g\u00e1ba, \u00e9s felveti azokat a k\u00e9rd\u00e9seket, hogy mi a val\u00f3di c\u00e9lja egy erotikus massz\u00e1zsnak, mi a k\u00fcl\u00f6nbs\u00e9g az erotikus, szexu\u00e1lis vagy intim massz\u00e1zs k\u00f6z\u00f6tt. Hogyan tudunk megfelel\u0151 m\u00f3don fel\u00e9p\u00edteni egy erotikus teret, \u00e9s mire \u00e9rdemes odafigyelni, ha belev\u00e1gunk egy ilyen folyamatba a partner\u00fcnkkel. Milyen \u00e9rint\u00e9sfajt\u00e1k vannak, illetve mi a kulcsa annak, hogy izgalmi teret tudjunk \u00e9p\u00edteni \u00e9s kiterjeszteni a partner\u00fcnk fel\u00e9. \u00c9s azt is, hogy hogyan tudunk benne val\u00f3ban \u00e9rz\u00e9kiek \u00e9s felszabadultak lenni f\u00e9rfik\u00e9nt \u00e9s n\u0151k\u00e9nt egyar\u00e1nt. Mit jelentenek az akt\u00edv-passz\u00edv szerepek, az ad\u00e1s \u00e9s befogad\u00e1s milyen konszenzusra \u00e9p\u00edtve j\u00f6het l\u00e9tre, valamint milyen intenzit\u00e1s \u00e9s dinamika hat\u00e1rozhatja meg az erotikus kapcsol\u00f3d\u00e1st.<\/div>\n<div><\/div>\n<div class=\"o9v6fnle cxmmr5t8 oygrvhab hcukyx3x c1et5uql\">Az el\u0151ad\u00e1st tartja: K\u00e9kes R\u00e9ka szomatikus \u00e9s szexu\u00e1lis fejleszt\u0151<\/div>\n<div>Id\u0151tartam: 113 perc<\/div>","protected":false},"featured_media":19115,"template":"","meta":{"_acf_changed":false},"product_brand":[],"product_cat":[115],"product_tag":[],"class_list":{"0":"post-6280","1":"product","2":"type-product","3":"status-publish","4":"has-post-thumbnail","6":"product_cat-hanganyag","8":"first","9":"instock","10":"downloadable","11":"virtual","12":"sold-individually","13":"taxable","14":"purchasable","15":"product-type-simple"},"acf":[],"_links":{"self":[{"href":"https:\/\/online.kekesreka.com\/en\/wp-json\/wp\/v2\/product\/6280","targetHints":{"allow":["GET"]}}],"collection":[{"href":"https:\/\/online.kekesreka.com\/en\/wp-json\/wp\/v2\/product"}],"about":[{"href":"https:\/\/online.kekesreka.com\/en\/wp-json\/wp\/v2\/types\/product"}],"version-history":[{"count":1,"href":"https:\/\/online.kekesreka.com\/en\/wp-json\/wp\/v2\/product\/6280\/revisions"}],"predecessor-version":[{"id":21069,"href":"https:\/\/online.kekesreka.com\/en\/wp-json\/wp\/v2\/product\/6280\/revisions\/21069"}],"wp:featuredmedia":[{"embeddable":true,"href":"https:\/\/online.kekesreka.com\/en\/wp-json\/wp\/v2\/media\/19115"}],"wp:attachment":[{"href":"https:\/\/online.kekesreka.com\/en\/wp-json\/wp\/v2\/media?parent=6280"}],"wp:term":[{"taxonomy":"product_brand","embeddable":true,"href":"https:\/\/online.kekesreka.com\/en\/wp-json\/wp\/v2\/product_brand?post=6280"},{"taxonomy":"product_cat","embeddable":true,"href":"https:\/\/online.kekesreka.com\/en\/wp-json\/wp\/v2\/product_cat?post=6280"},{"taxonomy":"product_tag","embeddable":true,"href":"https:\/\/online.kekesreka.com\/en\/wp-json\/wp\/v2\/product_tag?post=6280"}],"curies":[{"name":"wp","href":"https:\/\/api.w.org\/{rel}","templated":true}]}}