{"id":6284,"date":"2022-09-05T22:04:00","date_gmt":"2022-09-05T20:04:00","guid":{"rendered":"https:\/\/online.kekesreka.com\/termek\/erotika-az-erintesben\/"},"modified":"2025-07-05T22:20:30","modified_gmt":"2025-07-05T20:20:30","slug":"erotika-az-erintesben","status":"publish","type":"product","link":"https:\/\/online.kekesreka.com\/en\/termek\/erotika-az-erintesben\/","title":{"rendered":"Erotika az \u00c9rint\u00e9sben"},"content":{"rendered":"","protected":false},"excerpt":{"rendered":"<p class=\"ai-optimize-18\">Az \u00e9rint\u00e9s l\u00e9legzet, melyen kereszt\u00fcl magunkba sz\u00edvjuk a vil\u00e1got, kapcsolatba l\u00e9p\u00fcnk vele, \u00e9s kialak\u00edtjuk a hat\u00e1rainkat is \u00e1ltala. Az \u00e9rint\u00e9s megteremti azt a biztons\u00e1got \u00e9s bizalmat a k\u00f6rnyezet\u00fcnkkel, amiben \u00fagy \u00e9rezhetj\u00fck, sebezhet\u0151v\u00e9 \u00e9s befogad\u00f3v\u00e1 v\u00e1lhatunk. Az intim \u00e9rint\u00e9s a kapcsolatokban megteremti azt az ellazults\u00e1got, hogy levehetj\u00fck v\u00e9delmi p\u00e1nc\u00e9lunk, \u00e9s felt\u00e1rulkozhatunk. Ha ez hi\u00e1nyzik, akkor test\u00fcnk alkalmatlan lesz a val\u00f3di izgalmi \u00e1llapotok \u00e1t\u00e9l\u00e9s\u00e9re, \u00e9s a szexualit\u00e1st fesz\u00fclts\u00e9glevezet\u00e9sk\u00e9nt vagy stresszold\u00e1sk\u00e9nt fogjuk haszn\u00e1lni.<\/p>\n<p class=\"ai-optimize-19\">Ez az el\u0151ad\u00e1sr\u00f3l k\u00e9sz\u00edtett hanganyag abban ny\u00fajt seg\u00edts\u00e9get, hogy tudatoss\u00e1 tegy\u00fck az \u00e9rint\u00e9s fontoss\u00e1g\u00e1t, \u00e9s azt, hogy ez a biol\u00f3giai \u00f6szt\u00f6n\u00fcnk hogyan is hat\u00e1rozza meg a szexualit\u00e1s min\u0151s\u00e9g\u00e9t. Milyen attit\u0171d\u00f6k \u00e9s \u00e9rint\u00e9smin\u0151s\u00e9gek azok, amelyek er\u0151s\u00edtik a p\u00e1rkapcsolatot? Milyen konszenzusos \u00e9rint\u00e9sek vannak? Mi a k\u00fcl\u00f6nbs\u00e9g az \u00e9rz\u00e9ki, erotikus \u00e9s szexu\u00e1lis \u00e9rint\u00e9s k\u00f6z\u00f6tt? Hogyan tudjuk az \u00e9rint\u00e9s vagy \u00e9rint\u00e9s n\u00e9lk\u00fcli \u00e9rint\u00e9sek \u00e1ltal fel\u00e9p\u00edteni az erotikus gy\u00f6ny\u00f6rt? Milyen technik\u00e1k l\u00e9teznek ezeknek a kapcsol\u00f3d\u00e1si min\u0151s\u00e9geknek a fel\u00e9p\u00edt\u00e9s\u00e9re?<\/p>\n<p class=\"ai-optimize-20\">Id\u0151tartam: 97p<\/p>","protected":false},"featured_media":19117,"template":"","meta":{"_acf_changed":false},"product_brand":[],"product_cat":[115],"product_tag":[],"class_list":{"0":"post-6284","1":"product","2":"type-product","3":"status-publish","4":"has-post-thumbnail","6":"product_cat-hanganyag","8":"first","9":"instock","10":"downloadable","11":"virtual","12":"sold-individually","13":"taxable","14":"purchasable","15":"product-type-simple"},"acf":[],"_links":{"self":[{"href":"https:\/\/online.kekesreka.com\/en\/wp-json\/wp\/v2\/product\/6284","targetHints":{"allow":["GET"]}}],"collection":[{"href":"https:\/\/online.kekesreka.com\/en\/wp-json\/wp\/v2\/product"}],"about":[{"href":"https:\/\/online.kekesreka.com\/en\/wp-json\/wp\/v2\/types\/product"}],"version-history":[{"count":2,"href":"https:\/\/online.kekesreka.com\/en\/wp-json\/wp\/v2\/product\/6284\/revisions"}],"predecessor-version":[{"id":27346,"href":"https:\/\/online.kekesreka.com\/en\/wp-json\/wp\/v2\/product\/6284\/revisions\/27346"}],"wp:featuredmedia":[{"embeddable":true,"href":"https:\/\/online.kekesreka.com\/en\/wp-json\/wp\/v2\/media\/19117"}],"wp:attachment":[{"href":"https:\/\/online.kekesreka.com\/en\/wp-json\/wp\/v2\/media?parent=6284"}],"wp:term":[{"taxonomy":"product_brand","embeddable":true,"href":"https:\/\/online.kekesreka.com\/en\/wp-json\/wp\/v2\/product_brand?post=6284"},{"taxonomy":"product_cat","embeddable":true,"href":"https:\/\/online.kekesreka.com\/en\/wp-json\/wp\/v2\/product_cat?post=6284"},{"taxonomy":"product_tag","embeddable":true,"href":"https:\/\/online.kekesreka.com\/en\/wp-json\/wp\/v2\/product_tag?post=6284"}],"curies":[{"name":"wp","href":"https:\/\/api.w.org\/{rel}","templated":true}]}}