{"id":6286,"date":"2022-09-05T21:04:26","date_gmt":"2022-09-05T19:04:26","guid":{"rendered":"https:\/\/online.kekesreka.com\/termek\/ferfi-minosegek-az-erett-ferfiva-valas-utja\/"},"modified":"2025-07-05T22:34:23","modified_gmt":"2025-07-05T20:34:23","slug":"ferfi-minosegek-az-erett-ferfiva-valas-utja","status":"publish","type":"product","link":"https:\/\/online.kekesreka.com\/en\/termek\/ferfi-minosegek-az-erett-ferfiva-valas-utja\/","title":{"rendered":"F\u00e9rfi Min\u0151s\u00e9gek \u2013 Az \u00c9rett F\u00e9rfiv\u00e1 V\u00e1l\u00e1s \u00datja"},"content":{"rendered":"","protected":false},"excerpt":{"rendered":"<p class=\"ai-optimize-17\">Azt tartj\u00e1k, f\u00e9rfinak senki sem sz\u00fcletik, azz\u00e1 v\u00e1lni kell.<\/p>\n<p class=\"ai-optimize-18\">F\u00e9rfiass\u00e1g, f\u00e9rfi szerepek, f\u00e9rfi identit\u00e1s, f\u00e9rfier\u0151. Rengeteget halljuk \u00e9s haszn\u00e1ljuk ezeket a szavakat, de val\u00f3j\u00e1ban tiszt\u00e1ban vagyunk- e azzal, hogy ezek mit is jelentenek? Hiszen egy farokt\u00f3l m\u00e9g nem v\u00e1lunk f\u00e9rfiv\u00e1. A megszokott \u00e9s elfogadott normat\u00edv pasis viselked\u00e9s\u00fcnk\u00f6n t\u00fal meg\u00e9rtj\u00fck-e, mi a k\u00fcl\u00f6nbs\u00e9g az \u00e9retlen \u00e9s sebzett, valamint az \u00e9rett \u00e9s tudatos f\u00e9rfienergia k\u00f6z\u00f6tt? Hogyan teljesedik ki a maszkulin er\u0151 a tapasztalatok hat\u00e1s\u00e1ra, \u00e9s hogyan v\u00e1laszthatjuk sz\u00e9t a val\u00f3di er\u0151t \u00e9s er\u0151nek v\u00e9lt gyenges\u00e9get egym\u00e1st\u00f3l?<\/p>\n<p class=\"ai-optimize-19\">Milyen lelki min\u0151s\u00e9gek, sz\u00e1nd\u00e9kok \u00e9s attit\u0171d\u00f6k h\u00faz\u00f3dnak meg a f\u00e9rfi szerepek m\u00f6g\u00f6tt? Mi maga a maszkulin er\u0151, hogyan ismerj\u00fck azt fel magunkban, \u00e9s hogyan k\u00fcl\u00f6nb\u00f6ztetj\u00fck meg azokt\u00f3l a t\u00e1rsadalmilag elfogadott \u00e9s t\u00e1mogatott attit\u0171d\u00f6kt\u0151l, amelyek a f\u00fcgg\u0151s\u00e9get \u00e9s kontrollt er\u0151s\u00edtik? Mi az a fejl\u0151d\u00e9si mot\u00edvum, amely a maszkulinit\u00e1s kibontakoztat\u00e1s\u00e1t t\u00e1mogatja?<\/p>\n<p class=\"ai-optimize-20\">Ez az \u00e9l\u0151 el\u0151ad\u00e1sr\u00f3l k\u00e9sz\u00edtett hanganyag seg\u00edt tiszt\u00e1zni azokat az alapvet\u0151 t\u00e1mpontokat, melyek \u00e1ltal felismerhetj\u00fck, hogy mi hol tartunk maszkulin integr\u00e1ci\u00f3nkban f\u00e9rfik\u00e9nt vagy n\u0151k\u00e9nt, \u00e9s seg\u00edt eligazodni bels\u0151 t\u00e9rk\u00e9p\u00fcnk\u00f6n, hogy hogyan tudjuk bels\u0151 er\u0151nket kibontani \u00e9s kiteljes\u00edteni tudatosan \u2013 elengedve sz\u00fcleinkt\u0151l \u00f6r\u00f6k\u00f6lt negat\u00edv \u00e9s korl\u00e1toz\u00f3 mint\u00e1inkat, a f\u00e9rfiass\u00e1gr\u00f3l elhitt t\u00e9vhiteket \u00e9s hiedelmeket, melyek megfosztanak minket val\u00f3di szabads\u00e1gunkt\u00f3l.<\/p>\n<p class=\"ai-optimize-21\">Ez egy rendhagy\u00f3 el\u0151ad\u00e1s anyag\u00e1t r\u00f6gz\u00edti, melyben az el\u0151ad\u00f3 \u00e9vekig sz\u0151tt rendszerelm\u00e9let\u00e9t t\u00e1rja fel el\u0151sz\u00f6r a hallgat\u00f3k el\u0151tt. Ez egy olyan hanganyag, melynek elm\u00e9leti r\u00e9sz\u00e9t sehol nem tal\u00e1lod meg semmilyen m\u00e1s k\u00f6nyvben \u00edgy rendszerezve.<\/p>\n<p class=\"ai-optimize-22\">Az el\u0151ad\u00e1st tartja: K\u00e9kes R\u00e9ka szomatikus \u00e9s szexu\u00e1lis fejleszt\u0151<\/p>","protected":false},"featured_media":19113,"template":"","meta":{"_acf_changed":false},"product_brand":[],"product_cat":[115],"product_tag":[],"class_list":{"0":"post-6286","1":"product","2":"type-product","3":"status-publish","4":"has-post-thumbnail","6":"product_cat-hanganyag","8":"first","9":"instock","10":"downloadable","11":"virtual","12":"sold-individually","13":"taxable","14":"purchasable","15":"product-type-simple"},"acf":[],"_links":{"self":[{"href":"https:\/\/online.kekesreka.com\/en\/wp-json\/wp\/v2\/product\/6286","targetHints":{"allow":["GET"]}}],"collection":[{"href":"https:\/\/online.kekesreka.com\/en\/wp-json\/wp\/v2\/product"}],"about":[{"href":"https:\/\/online.kekesreka.com\/en\/wp-json\/wp\/v2\/types\/product"}],"version-history":[{"count":2,"href":"https:\/\/online.kekesreka.com\/en\/wp-json\/wp\/v2\/product\/6286\/revisions"}],"predecessor-version":[{"id":27362,"href":"https:\/\/online.kekesreka.com\/en\/wp-json\/wp\/v2\/product\/6286\/revisions\/27362"}],"wp:featuredmedia":[{"embeddable":true,"href":"https:\/\/online.kekesreka.com\/en\/wp-json\/wp\/v2\/media\/19113"}],"wp:attachment":[{"href":"https:\/\/online.kekesreka.com\/en\/wp-json\/wp\/v2\/media?parent=6286"}],"wp:term":[{"taxonomy":"product_brand","embeddable":true,"href":"https:\/\/online.kekesreka.com\/en\/wp-json\/wp\/v2\/product_brand?post=6286"},{"taxonomy":"product_cat","embeddable":true,"href":"https:\/\/online.kekesreka.com\/en\/wp-json\/wp\/v2\/product_cat?post=6286"},{"taxonomy":"product_tag","embeddable":true,"href":"https:\/\/online.kekesreka.com\/en\/wp-json\/wp\/v2\/product_tag?post=6286"}],"curies":[{"name":"wp","href":"https:\/\/api.w.org\/{rel}","templated":true}]}}