{"id":6288,"date":"2022-09-05T21:14:04","date_gmt":"2022-09-05T19:14:04","guid":{"rendered":"https:\/\/online.kekesreka.com\/termek\/ferfi-orgazmus-noi-szemmel\/"},"modified":"2025-07-05T22:34:10","modified_gmt":"2025-07-05T20:34:10","slug":"ferfi-orgazmus-noi-szemmel","status":"publish","type":"product","link":"https:\/\/online.kekesreka.com\/en\/termek\/ferfi-orgazmus-noi-szemmel\/","title":{"rendered":"F\u00e9rfi Orgazmus \u2013 N\u0151i Szemmel"},"content":{"rendered":"","protected":false},"excerpt":{"rendered":"<p class=\"ai-optimize-18\">A F\u00e9rfi orgazmusa. Egyszerre egy csoda, miszt\u00e9rium, felemelked\u00e9s, m\u00e1sr\u00e9szt k\u00f6telezetts\u00e9g, megfelel\u00e9s, hatalom, f\u00fcgg\u0151s\u00e9g.<\/p>\n<p class=\"ai-optimize-19\">H\u00e1nyf\u00e9le orgazmusa lehet egy f\u00e9rfinak, \u00e9s h\u00e1nyf\u00e9le viszonyul\u00e1s sz\u00fcletik meg a n\u0151ben ennek kapcs\u00e1n? Hogyan l\u00e1tja a n\u0151 a partnere \u00e9lvezet\u00e9t, mennyire tud azonosulni vele?\u00a0 Milyen n\u00e9z\u0151pontv\u00e1lt\u00e1s sz\u00fcks\u00e9ges ahhoz, hogy a f\u00e9rfi orgazmus\u00e1t val\u00f3ban \u00e1t\u00e9rezz\u00fck, meg\u00e9rts\u00fck \u00e9s megfelel\u0151 hozz\u00e1\u00e1ll\u00e1ssal t\u00e1mogassuk?<\/p>\n<p class=\"ai-optimize-20\">Ez az \u00e9l\u0151 el\u0151ad\u00e1sr\u00f3l k\u00e9sz\u00fclt hanganyag egy nagyon izgalmas szemsz\u00f6gb\u0151l k\u00f6zel\u00edti meg a f\u00e9rfi orgazmus t\u00e9m\u00e1j\u00e1t, hiszen a n\u0151i tapasztal\u00e1son kereszt\u00fcl pr\u00f3b\u00e1lja meg\u00e9rteni a f\u00e9rfi gy\u00f6ny\u00f6r\u00e9t.<\/p>\n<p class=\"ai-optimize-21\">M\u00e1sok vagyunk, m\u00e1s megk\u00f6zel\u00edt\u00e9sekkel, szexu\u00e1lis attit\u0171d\u00f6kkel, \u00e9s sokszor hi\u00e1ba szeretn\u00e9nk adni a partner\u00fcnknek, nehezen tal\u00e1ljuk azokat a t\u00e1mpontokat, hogy mi is megfelel\u0151 a m\u00e1sik sz\u00e1m\u00e1ra. Hogyan is tudn\u00e1nk az \u0151 b\u0151r\u00e9be b\u00fajni, \u00e9s \u00e1t\u00e9rezni a gy\u00f6ny\u00f6r\u00e9hez vezet\u0151 utat? Hogyan is tudn\u00e1nk tiszt\u00e1bban kifejezni a v\u00e1gyainkat f\u00e9rfik\u00e9nt, \u00e9s r\u00e1vezetni a n\u0151t arra, hogy val\u00f3j\u00e1ban hogyan szeretn\u00e9nk meg\u00e9lni az orgazmusainkat? Milyennek l\u00e1t minket a m\u00e1sik, hogyan gondolkodik r\u00f3lunk \u00e9s az orgazmusainkr\u00f3l?<\/p>\n<p class=\"ai-optimize-22\">L\u00e9gy te is az intimit\u00e1s \u00e9s szexualit\u00e1s \u00faj paradigm\u00e1inak r\u00e9szese \u00e9s megalkot\u00f3ja!<\/p>\n<p class=\"ai-optimize-23\">El\u0151ad\u00f3: K\u00e9kes R\u00e9ka szomatoszexu\u00e1lis fejleszt\u0151<\/p>","protected":false},"featured_media":19119,"template":"","meta":{"_acf_changed":false},"product_brand":[],"product_cat":[115],"product_tag":[],"class_list":{"0":"post-6288","1":"product","2":"type-product","3":"status-publish","4":"has-post-thumbnail","6":"product_cat-hanganyag","8":"first","9":"instock","10":"downloadable","11":"virtual","12":"sold-individually","13":"taxable","14":"purchasable","15":"product-type-simple"},"acf":[],"_links":{"self":[{"href":"https:\/\/online.kekesreka.com\/en\/wp-json\/wp\/v2\/product\/6288","targetHints":{"allow":["GET"]}}],"collection":[{"href":"https:\/\/online.kekesreka.com\/en\/wp-json\/wp\/v2\/product"}],"about":[{"href":"https:\/\/online.kekesreka.com\/en\/wp-json\/wp\/v2\/types\/product"}],"version-history":[{"count":2,"href":"https:\/\/online.kekesreka.com\/en\/wp-json\/wp\/v2\/product\/6288\/revisions"}],"predecessor-version":[{"id":27361,"href":"https:\/\/online.kekesreka.com\/en\/wp-json\/wp\/v2\/product\/6288\/revisions\/27361"}],"wp:featuredmedia":[{"embeddable":true,"href":"https:\/\/online.kekesreka.com\/en\/wp-json\/wp\/v2\/media\/19119"}],"wp:attachment":[{"href":"https:\/\/online.kekesreka.com\/en\/wp-json\/wp\/v2\/media?parent=6288"}],"wp:term":[{"taxonomy":"product_brand","embeddable":true,"href":"https:\/\/online.kekesreka.com\/en\/wp-json\/wp\/v2\/product_brand?post=6288"},{"taxonomy":"product_cat","embeddable":true,"href":"https:\/\/online.kekesreka.com\/en\/wp-json\/wp\/v2\/product_cat?post=6288"},{"taxonomy":"product_tag","embeddable":true,"href":"https:\/\/online.kekesreka.com\/en\/wp-json\/wp\/v2\/product_tag?post=6288"}],"curies":[{"name":"wp","href":"https:\/\/api.w.org\/{rel}","templated":true}]}}