{"id":6291,"date":"2022-09-05T21:29:54","date_gmt":"2022-09-05T19:29:54","guid":{"rendered":"https:\/\/online.kekesreka.com\/termek\/noi-minosegek-az-erett-nove-valas-utja\/"},"modified":"2025-07-05T22:02:26","modified_gmt":"2025-07-05T20:02:26","slug":"noi-minosegek-az-erett-nove-valas-utja","status":"publish","type":"product","link":"https:\/\/online.kekesreka.com\/en\/termek\/noi-minosegek-az-erett-nove-valas-utja\/","title":{"rendered":"N\u0151i Min\u0151s\u00e9gek \u2013 Az \u00c9rett N\u0151v\u00e9 V\u00e1l\u00e1s \u00datja"},"content":{"rendered":"","protected":false},"excerpt":{"rendered":"<p class=\"ai-optimize-18\">Azt mondj\u00e1k, a n\u0151is\u00e9g eml\u00e9kez\u00e9s \u2013 r\u00e1\u00e9bred\u00e9s arra a gy\u00f6ny\u00f6rre, amit m\u00e1r a test\u00fcnkben hordozunk.<\/p>\n<p class=\"ai-optimize-19\">N\u0151iess\u00e9g, n\u0151i szerepek, n\u0151i identit\u00e1s, n\u0151i er\u0151. Rengeteget halljuk \u00e9s haszn\u00e1ljuk ezeket a szavakat, de val\u00f3j\u00e1ban tiszt\u00e1ban vagyunk- e azzal, hogy ezek mit is jelentenek? Hiszen egy punci \u00e1ltal m\u00e9g nem v\u00e1lunk n\u0151v\u00e9. A megszokott \u00e9s elfogadott normat\u00edv csajos viselked\u00e9s\u00fcnk\u00f6n t\u00fal meg\u00e9rtj\u00fck-e, mi a k\u00fcl\u00f6nbs\u00e9g az \u00e9retlen \u00e9s sebzett, valamint az \u00e9rett \u00e9s tudatos n\u0151i energia k\u00f6z\u00f6tt? Hogyan teljesedik ki a feminin er\u0151 a tapasztalatok hat\u00e1s\u00e1ra, \u00e9s hogyan v\u00e1laszthatjuk sz\u00e9t a val\u00f3di er\u0151t \u00e9s er\u0151nek v\u00e9lt gyenges\u00e9get egym\u00e1st\u00f3l?<\/p>\n<p class=\"ai-optimize-20\">Milyen lelki min\u0151s\u00e9gek, sz\u00e1nd\u00e9kok \u00e9s attit\u0171d\u00f6k h\u00faz\u00f3dnak meg a n\u0151i szerepek m\u00f6g\u00f6tt? Mi maga a feminin er\u0151, hogyan ismerj\u00fck azt fel magunkban, \u00e9s hogyan k\u00fcl\u00f6nb\u00f6ztetj\u00fck meg azokt\u00f3l a t\u00e1rsadalmilag elfogadott \u00e9s t\u00e1mogatott attit\u0171d\u00f6kt\u0151l, amelyek a f\u00fcgg\u0151s\u00e9get \u00e9s tudattalan sz\u00e1nd\u00e9kokat er\u0151s\u00edtik? Mi az a meghat\u00e1roz\u00f3 mot\u00edvum, amely a feminin gy\u00f6ny\u00f6r vir\u00e1gba borul\u00e1s\u00e1t t\u00e1mogatja?<\/p>\n<p class=\"ai-optimize-21\">Ez az el\u0151ad\u00e1st meg\u00f6r\u00f6k\u00edt\u0151 hanganyag seg\u00edt tiszt\u00e1zni azokat az alapvet\u0151 t\u00e1mpontokat, melyek \u00e1ltal felismerhetj\u00fck, hogy mi hol tartunk feminin integr\u00e1ci\u00f3nkban n\u0151k\u00e9nt vagy f\u00e9rfik\u00e9nt, \u00e9s seg\u00edt eligazodni bels\u0151 t\u00e9rk\u00e9p\u00fcnk\u00f6n, hogy hogyan tudjuk bels\u0151 er\u0151nket kibontani \u00e9s kiteljes\u00edteni gy\u00f6ny\u00f6rtudatosan \u2013 elengedve sz\u00fcleinkt\u0151l \u00f6r\u00f6k\u00f6lt negat\u00edv \u00e9s korl\u00e1toz\u00f3 mint\u00e1inkat, a n\u0151is\u00e9gr\u0151l elhitt t\u00e9vhiteket \u00e9s hiedelmeket, melyek megfosztanak minket val\u00f3di szabads\u00e1gunkt\u00f3l.<\/p>\n<p class=\"ai-optimize-22\">L\u00e9gy te is az intimit\u00e1s \u00e9s szexualit\u00e1s \u00faj paradigm\u00e1inak r\u00e9szese \u00e9s megalkot\u00f3ja!<\/p>\n<p class=\"ai-optimize-23\">El\u0151ad\u00f3: K\u00e9kes R\u00e9ka szomatikus \u00e9s szexu\u00e1lis fejleszt\u0151<br \/>\nId\u0151tartam: 120 p<\/p>","protected":false},"featured_media":11229,"template":"","meta":{"_acf_changed":false},"product_brand":[],"product_cat":[115],"product_tag":[],"class_list":{"0":"post-6291","1":"product","2":"type-product","3":"status-publish","4":"has-post-thumbnail","6":"product_cat-hanganyag","8":"first","9":"instock","10":"downloadable","11":"virtual","12":"sold-individually","13":"taxable","14":"purchasable","15":"product-type-simple"},"acf":[],"_links":{"self":[{"href":"https:\/\/online.kekesreka.com\/en\/wp-json\/wp\/v2\/product\/6291","targetHints":{"allow":["GET"]}}],"collection":[{"href":"https:\/\/online.kekesreka.com\/en\/wp-json\/wp\/v2\/product"}],"about":[{"href":"https:\/\/online.kekesreka.com\/en\/wp-json\/wp\/v2\/types\/product"}],"version-history":[{"count":3,"href":"https:\/\/online.kekesreka.com\/en\/wp-json\/wp\/v2\/product\/6291\/revisions"}],"predecessor-version":[{"id":27342,"href":"https:\/\/online.kekesreka.com\/en\/wp-json\/wp\/v2\/product\/6291\/revisions\/27342"}],"wp:featuredmedia":[{"embeddable":true,"href":"https:\/\/online.kekesreka.com\/en\/wp-json\/wp\/v2\/media\/11229"}],"wp:attachment":[{"href":"https:\/\/online.kekesreka.com\/en\/wp-json\/wp\/v2\/media?parent=6291"}],"wp:term":[{"taxonomy":"product_brand","embeddable":true,"href":"https:\/\/online.kekesreka.com\/en\/wp-json\/wp\/v2\/product_brand?post=6291"},{"taxonomy":"product_cat","embeddable":true,"href":"https:\/\/online.kekesreka.com\/en\/wp-json\/wp\/v2\/product_cat?post=6291"},{"taxonomy":"product_tag","embeddable":true,"href":"https:\/\/online.kekesreka.com\/en\/wp-json\/wp\/v2\/product_tag?post=6291"}],"curies":[{"name":"wp","href":"https:\/\/api.w.org\/{rel}","templated":true}]}}