{"id":6293,"date":"2022-09-05T21:36:50","date_gmt":"2022-09-05T19:36:50","guid":{"rendered":"https:\/\/online.kekesreka.com\/termek\/noi-orgazmus-noi-szemmel\/"},"modified":"2025-07-05T22:33:19","modified_gmt":"2025-07-05T20:33:19","slug":"noi-orgazmus-noi-szemmel","status":"publish","type":"product","link":"https:\/\/online.kekesreka.com\/en\/termek\/noi-orgazmus-noi-szemmel\/","title":{"rendered":"N\u0151i Orgazmus \u2013 N\u0151i Szemmel"},"content":{"rendered":"","protected":false},"excerpt":{"rendered":"<p class=\"ai-optimize-18\">N\u0151i gy\u00f6ny\u00f6r. Mennyi titok, mennyi rejtelem \u00e9s miszt\u00e9rium. Mennyi tabu, f\u00e9lelem \u00e9s elv\u00e1r\u00e1s sz\u00fcletett a n\u0151i orgazmushoz kapcsol\u00f3d\u00f3an. H\u00e1nyf\u00e9le orgazmusa lehet a n\u0151nek, vagy mit is jelent kiel\u00e9g\u00edteni azt.<\/p>\n<p class=\"ai-optimize-19\">N\u0151k\u00e9nt hossz\u00fa utat j\u00e1rtam be, m\u00edg r\u00e1d\u00f6bbentem, hogy mindig is olyan orgazmusokra v\u00e1gytam, amiket meg\u00e9lek, de sokan pr\u00f3b\u00e1ltak elt\u00e9r\u00edteni, meggy\u0151zni, vagy lekicsiny\u00edteni vagy t\u00faldimenzion\u00e1lni azokat az \u00f6r\u00f6m\u00e9rzeteket, amiket szexu\u00e1lisan tapasztaltam.<\/p>\n<p class=\"ai-optimize-20\">Ez az el\u0151ad\u00e1sr\u00f3l k\u00e9sz\u00fclt hanganyag legink\u00e1bb azokr\u00f3l a n\u0151i orgazmusokr\u00f3l sz\u00f3l, melyeket a saj\u00e1t testemben meg\u00e9lve \u00e9s felfedezve figyeltem meg tudatosan, \u00e9s ebb\u0151l kiindulva sz\u0171rtem le szubjekt\u00edv n\u00e9z\u0151pontjaimat, \u00e9s terjesztettem ki a m\u00e1s n\u0151kh\u00f6z kapcsol\u00f3d\u00f3 m\u0171k\u00f6d\u00e9sekre is. Megalkottam egy olyan t\u00e9rk\u00e9pet, mely gyakorlati \u00fatmutat\u00f3ul szolg\u00e1lhat azoknak, akik n\u0151k\u00e9nt orgazmusaik felfedez\u00e9s\u00e9ben, tudatos\u00edt\u00e1s\u00e1ban \u00e9s azok kiteljes\u00edt\u00e9seikben vannak.<\/p>\n<p class=\"ai-optimize-21\">\u00c9s ez az el\u0151ad\u00e1s hanganyag azoknak a f\u00e9rfiaknak sz\u00f3l, akik szeretn\u00e9nek tabuk \u00e9s titkok n\u00e9lk\u00fcl hallani arr\u00f3l, hogy egy n\u0151 hogyan \u00e9li meg orgazmusait, milyen m\u00f3don kapcsol\u00f3dik a gy\u00f6ny\u00f6r\u00e9rzeteihez, \u00e9s ebben milyen utakat j\u00e1rhat be.<\/p>\n<p class=\"ai-optimize-22\">A saj\u00e1t t\u00f6rt\u00e9neteimen kereszt\u00fcl m\u00e9ly\u00fcl\u00fcnk bele azokba a tanuls\u00e1gokba \u00e9s meg\u00e9rt\u00e9sekbe, amelyeket a saj\u00e1t orgazmikus tapasztalataimb\u00f3l \u00e9s megl\u00e1t\u00e1saimb\u00f3l sz\u0171rtem le.<\/p>\n<p class=\"ai-optimize-23\">L\u00e9gy te is a tudatos intimit\u00e1s \u00e9s szexualit\u00e1s \u00fajszer\u0171 n\u00e9z\u0151pontjainak k\u00e9pvisel\u0151je \u00e9s megteremt\u0151je!<\/p>\n<p class=\"ai-optimize-24\">Az el\u0151ad\u00e1st tartja: K\u00e9kes R\u00e9ka szomatoszexu\u00e1lis fejleszt\u0151 \u00e9s oktat\u00f3<\/p>","protected":false},"featured_media":11596,"template":"","meta":{"_acf_changed":false},"product_brand":[],"product_cat":[115],"product_tag":[],"class_list":{"0":"post-6293","1":"product","2":"type-product","3":"status-publish","4":"has-post-thumbnail","6":"product_cat-hanganyag","8":"first","9":"instock","10":"downloadable","11":"virtual","12":"sold-individually","13":"taxable","14":"purchasable","15":"product-type-simple"},"acf":[],"_links":{"self":[{"href":"https:\/\/online.kekesreka.com\/en\/wp-json\/wp\/v2\/product\/6293","targetHints":{"allow":["GET"]}}],"collection":[{"href":"https:\/\/online.kekesreka.com\/en\/wp-json\/wp\/v2\/product"}],"about":[{"href":"https:\/\/online.kekesreka.com\/en\/wp-json\/wp\/v2\/types\/product"}],"version-history":[{"count":2,"href":"https:\/\/online.kekesreka.com\/en\/wp-json\/wp\/v2\/product\/6293\/revisions"}],"predecessor-version":[{"id":27360,"href":"https:\/\/online.kekesreka.com\/en\/wp-json\/wp\/v2\/product\/6293\/revisions\/27360"}],"wp:featuredmedia":[{"embeddable":true,"href":"https:\/\/online.kekesreka.com\/en\/wp-json\/wp\/v2\/media\/11596"}],"wp:attachment":[{"href":"https:\/\/online.kekesreka.com\/en\/wp-json\/wp\/v2\/media?parent=6293"}],"wp:term":[{"taxonomy":"product_brand","embeddable":true,"href":"https:\/\/online.kekesreka.com\/en\/wp-json\/wp\/v2\/product_brand?post=6293"},{"taxonomy":"product_cat","embeddable":true,"href":"https:\/\/online.kekesreka.com\/en\/wp-json\/wp\/v2\/product_cat?post=6293"},{"taxonomy":"product_tag","embeddable":true,"href":"https:\/\/online.kekesreka.com\/en\/wp-json\/wp\/v2\/product_tag?post=6293"}],"curies":[{"name":"wp","href":"https:\/\/api.w.org\/{rel}","templated":true}]}}