{"id":6295,"date":"2022-09-05T21:41:35","date_gmt":"2022-09-05T19:41:35","guid":{"rendered":"https:\/\/online.kekesreka.com\/termek\/orgazmus-a-gyakorlatban\/"},"modified":"2025-07-05T22:32:29","modified_gmt":"2025-07-05T20:32:29","slug":"orgazmus-a-gyakorlatban","status":"publish","type":"product","link":"https:\/\/online.kekesreka.com\/en\/termek\/orgazmus-a-gyakorlatban\/","title":{"rendered":"Orgazmus a Gyakorlatban"},"content":{"rendered":"","protected":false},"excerpt":{"rendered":"<div class=\"paragraph\">\n<p class=\"ai-optimize-17\">Ez az \u00e9l\u0151 el\u0151ad\u00e1sr\u00f3l k\u00e9sz\u00fclt hangfelv\u00e9tel a hagyom\u00e1nyost\u00f3l elt\u00e9r\u0151 m\u00f3don szeretn\u00e9 megk\u00f6zel\u00edteni \u00e9s felt\u00e9rk\u00e9pezni az orgazmus fajt\u00e1it, min\u0151s\u00e9geit, szintjeit. Olyan n\u00e9z\u0151pontokat adni a hallgat\u00f3k sz\u00e1m\u00e1ra, mely teljesen m\u00e1s szemsz\u00f6gb\u0151l k\u00f6zel\u00edti meg \u00e9s t\u00e1rja fel az orgazmusenergetika vil\u00e1g\u00e1t. Olyan t\u00e1mpontokat adni, mely \u00e1ltal az orgazmusra val\u00f3 k\u00e9szs\u00e9g\u00fcnk fejleszthet\u0151 \u2013 \u00e9s erotikus kapacit\u00e1sunk n\u00f6veked\u00e9s\u00e9hez vezet.<\/p>\n<\/div>\n<div class=\"paragraph\">\n<p class=\"ai-optimize-18\">\u200bAz el\u0151ad\u00e1s gyakorlati szemsz\u00f6gb\u0151l ny\u00fajt seg\u00edts\u00e9get azoknak, akik nem tudnak eligazodni orgazmikus t\u00e9rk\u00e9p\u00fck\u00f6n, vagy a test\u00fckben fel\u00e9p\u00fcl\u0151 \u00e9s lezajl\u00f3 folyamatok, gy\u00f6ny\u00f6r\u00e1llapotok k\u00f6z\u00f6tt. Valamint azoknak is, akik nemcsak tudatosan szeretn\u00e9k meg\u00e9rteni orgazmusaikat, vagy azok hi\u00e1ny\u00e1t, hanem \u00fatmutat\u00e1st is kapni a gy\u00f6ny\u00f6r kiteljesed\u00e9s\u00e9nek \u00f6sv\u00e9nyei k\u00f6z\u00f6tt.<\/p>\n<p class=\"ai-optimize-19\">Ez a hanganyag lehet\u0151s\u00e9get ad arra, hogy megismerj\u00fck a medencei, valamint a teljes testre kiterjed\u0151 orgazmusokat \u2013 \u00e9s tiszt\u00e1zzuk a k\u00f6z\u00f6tt\u00fck l\u00e9v\u0151 hasonl\u00f3s\u00e1gokat, k\u00fcl\u00f6nbs\u00e9geket, s azok hat\u00e1sait a szervezetre. Elhagyva az elm\u00e9letek vil\u00e1g\u00e1t, a tapasztal\u00e1s szintj\u00e9n lesz sz\u00f3 a n\u0151i orgazmusokr\u00f3l: a klitor\u00e1lis, h\u00fcvelyk\u00f6rny\u00e9ki, h\u00fcvelyi, g-ponti, m\u00e9hsz\u00e1ji, m\u00e9hi, torok-, mell- \u00e9s an\u00e1lis orgazmusokr\u00f3l, valamint a f\u00e9rfi orgazmusair\u00f3l is: mint p\u00e9ld\u00e1ul a p\u00e9nisz, prosztata \u00e9s an\u00e1lis ter\u00fcletek orgazmusair\u00f3l.<\/p>\n<p class=\"ai-optimize-20\">V\u00e9g\u00fcl elhagyva a medencei orgazmusokat, felfedezz\u00fck a teljes testre kiterjed\u0151 orgazmusokat is \u2013 a teljes testi sejtorgazmus, szervorgazmus, gerinci, \u00e9s egy\u00e9b nem jellemz\u0151 fizikai jelleg\u0171 szexu\u00e1lis gy\u00f6ny\u00f6rszintek vil\u00e1g\u00e1t.<\/p>\n<p class=\"ai-optimize-21\">A meg\u00f6r\u00f6k\u00edtett el\u0151ad\u00e1s f\u00f3kusz\u00e1ban az \u00e1ll, hogy hogyan tudjuk orgazmusspektrumunkat b\u0151v\u00edteni, \u00e9s a k\u00fcl\u00f6nf\u00e9le orgazmust\u00edpusokat megtapasztalni saj\u00e1t szexu\u00e1lis \u00e9let\u00fcnkben is.<\/p>\n<\/div>\n<div><\/div>\n<div>L\u00e9gy te is az intimit\u00e1s \u00e9s szexualit\u00e1s \u00faj paradigm\u00e1inak r\u00e9szese \u00e9s megalkot\u00f3ja!<\/div>\n<div><\/div>\n<div>\n<div class=\"\" data-block=\"true\" data-editor=\"d97vk\" data-offset-key=\"58p5o-0-0\">\n<div class=\"_1mf _1mj\" data-offset-key=\"58p5o-0-0\"><span data-offset-key=\"58p5o-0-0\">Az el\u0151ad\u00e1st tartja: K\u00e9kes R\u00e9ka szomatikus \u00e9s szexcoach<\/span><\/div>\n<\/div>\n<\/div>","protected":false},"featured_media":19115,"template":"","meta":{"_acf_changed":false},"product_brand":[],"product_cat":[115],"product_tag":[],"class_list":{"0":"post-6295","1":"product","2":"type-product","3":"status-publish","4":"has-post-thumbnail","6":"product_cat-hanganyag","8":"first","9":"instock","10":"downloadable","11":"virtual","12":"sold-individually","13":"taxable","14":"purchasable","15":"product-type-simple"},"acf":[],"_links":{"self":[{"href":"https:\/\/online.kekesreka.com\/en\/wp-json\/wp\/v2\/product\/6295","targetHints":{"allow":["GET"]}}],"collection":[{"href":"https:\/\/online.kekesreka.com\/en\/wp-json\/wp\/v2\/product"}],"about":[{"href":"https:\/\/online.kekesreka.com\/en\/wp-json\/wp\/v2\/types\/product"}],"version-history":[{"count":3,"href":"https:\/\/online.kekesreka.com\/en\/wp-json\/wp\/v2\/product\/6295\/revisions"}],"predecessor-version":[{"id":27359,"href":"https:\/\/online.kekesreka.com\/en\/wp-json\/wp\/v2\/product\/6295\/revisions\/27359"}],"wp:featuredmedia":[{"embeddable":true,"href":"https:\/\/online.kekesreka.com\/en\/wp-json\/wp\/v2\/media\/19115"}],"wp:attachment":[{"href":"https:\/\/online.kekesreka.com\/en\/wp-json\/wp\/v2\/media?parent=6295"}],"wp:term":[{"taxonomy":"product_brand","embeddable":true,"href":"https:\/\/online.kekesreka.com\/en\/wp-json\/wp\/v2\/product_brand?post=6295"},{"taxonomy":"product_cat","embeddable":true,"href":"https:\/\/online.kekesreka.com\/en\/wp-json\/wp\/v2\/product_cat?post=6295"},{"taxonomy":"product_tag","embeddable":true,"href":"https:\/\/online.kekesreka.com\/en\/wp-json\/wp\/v2\/product_tag?post=6295"}],"curies":[{"name":"wp","href":"https:\/\/api.w.org\/{rel}","templated":true}]}}