{"id":6297,"date":"2022-08-23T12:53:08","date_gmt":"2022-08-23T10:53:08","guid":{"rendered":"https:\/\/online.kekesreka.com\/termek\/orgazmuskeszseged-fejlesztese-joni-tojassal\/"},"modified":"2025-07-05T22:37:12","modified_gmt":"2025-07-05T20:37:12","slug":"orgazmuskeszseged-fejlesztese-joni-tojassal","status":"publish","type":"product","link":"https:\/\/online.kekesreka.com\/en\/termek\/orgazmuskeszseged-fejlesztese-joni-tojassal\/","title":{"rendered":"Orgazmusk\u00e9szs\u00e9ged Fejleszt\u00e9se J\u00f3ni Toj\u00e1ssal"},"content":{"rendered":"","protected":false},"excerpt":{"rendered":"<p class=\"ai-optimize-12\">Azok k\u00f6z\u00e9 tartozol, akik szeretn\u00e9k megtapasztalni \u00e9let\u00fck sor\u00e1n azt a felh\u00e1bor\u00edt\u00f3an \u00f6nfeledt gy\u00f6ny\u00f6rt, korl\u00e1tok n\u00e9lk\u00fcli szexet \u00e9s sz\u00e9gyentelen\u00fcl m\u00e9ly intimit\u00e1st, amir\u0151l minden erotikusan \u00e9rett feln\u0151tt \u00e1lmodik?<\/p>\n<p class=\"ai-optimize-13\">Az orgazmusod a tied. Szexu\u00e1lis \u00f6nismereted \u00e1ltal az erotikus kapacit\u00e1sod \u00e9s orgazmusk\u00e9szs\u00e9ged folyamatosan n\u00f6velhet\u0151, fejleszthet\u0151, kiterjeszthet\u0151.<\/p>\n<p class=\"ai-optimize-14\">Mered-e v\u00e1lasztani \u00e9s befogadni azokat a lehet\u0151s\u00e9geket, melyek \u00e1ltal l\u00e9nyed felszabadultt\u00e1, v\u00e9rpezsd\u00edt\u0151en vibr\u00e1l\u00f3v\u00e1 \u00e9s kiteljesedett\u00e9 v\u00e1lik?<\/p>\n<p class=\"ai-optimize-15\">Egy olyan hanganyag meghallgat\u00e1s\u00e1ra invit\u00e1llak, ahol megismerkedhetsz a szexu\u00e1lis fejleszt\u0151eszk\u00f6z\u00f6k vil\u00e1g\u00e1val, ezen bel\u00fcl is a j\u00e1de vagy j\u00f3ni toj\u00e1sok haszn\u00e1lat\u00e1val. Hogyan alkalmazhat\u00f3ak ezek az eszk\u00f6z\u00f6k? Milyen el\u0151ny\u00f6kkel j\u00e1r a haszn\u00e1latuk? Milyen hat\u00e1sokat tudunk el\u00e9rni \u00e1ltaluk? Hogyan oldhatjuk szexu\u00e1lis blokkjainkat vel\u00fck? Mire \u00e9rdemes odafigyeln\u00fcnk a haszn\u00e1latuk sor\u00e1n? Milyen gyakorlatokkal tudjuk az orgazmusk\u00e9szs\u00e9g\u00fcnket fejleszteni \u00e1ltaluk? Vannak-e vesz\u00e9lyei vagy kiz\u00e1r\u00f3 okai a haszn\u00e1latuknak?<\/p>\n<p class=\"ai-optimize-16\">Hasznos lehet a hanganyag sz\u00e1modra, ha v\u00e1gyad\u2026<br \/>\n\u2013 a szexualit\u00e1sod teljes testben val\u00f3 fel\u00e9breszt\u00e9se<br \/>\n\u2013 a teljes szexu\u00e1lis potenci\u00e1lod megnyit\u00e1sa \u00e9s kiterjeszt\u00e9se<br \/>\n\u2013 a benned elrejtett szexu\u00e1lis v\u00e1gy fel\u00e9breszt\u00e9se \u00e9s fenntart\u00e1sa<br \/>\n\u2013 a teljes testi orgazmus megtapasztal\u00e1sa<br \/>\n\u2013 a gy\u00f6ny\u00f6rh\u00f6z kapcsol\u00f3d\u00f3 sz\u00e9gyen, f\u00e9lelem \u00e9s b\u0171ntudat elenged\u00e9se<br \/>\n\u2013 a szexualit\u00e1sod k\u00f6nnyed, szabad \u00e9s tudatos \u00e1t\u00e9l\u00e9se, \u00e1ramoltat\u00e1sa<br \/>\n\u2013 az \u00f6nmagaddal val\u00f3 intimit\u00e1sod elm\u00e9ly\u00edt\u00e9se<br \/>\n\u2013 a val\u00f3s szexu\u00e1lis ig\u00e9nyeid, sz\u00fcks\u00e9gleteid \u00e9s hat\u00e1raid felt\u00e1r\u00e1sa, tudatos\u00edt\u00e1sa<br \/>\n\u2013 a szexu\u00e1lis \u00f6nismereted fejleszt\u00e9se<br \/>\n\u2013 a \u200bszexu\u00e1lis energiamegtart\u00e1s elsaj\u00e1t\u00edt\u00e1sa \u00e9s megtapasztal\u00e1sa<br \/>\n\u2013 a medenc\u00e9dben, h\u00fcvelyedben l\u00e9v\u0151 stressz old\u00e1sa<\/p>\n<p class=\"ai-optimize-17\">Az el\u0151ad\u00e1st tartja: K\u00e9kes R\u00e9ka szomatikus bodyworker, szexu\u00e1lis fejleszt\u0151<br \/>\nId\u0151tartam: 127 perc<\/p>","protected":false},"featured_media":19117,"template":"","meta":{"_acf_changed":false},"product_brand":[],"product_cat":[115],"product_tag":[],"class_list":{"0":"post-6297","1":"product","2":"type-product","3":"status-publish","4":"has-post-thumbnail","6":"product_cat-hanganyag","8":"first","9":"instock","10":"downloadable","11":"virtual","12":"sold-individually","13":"taxable","14":"purchasable","15":"product-type-simple"},"acf":[],"_links":{"self":[{"href":"https:\/\/online.kekesreka.com\/en\/wp-json\/wp\/v2\/product\/6297","targetHints":{"allow":["GET"]}}],"collection":[{"href":"https:\/\/online.kekesreka.com\/en\/wp-json\/wp\/v2\/product"}],"about":[{"href":"https:\/\/online.kekesreka.com\/en\/wp-json\/wp\/v2\/types\/product"}],"version-history":[{"count":3,"href":"https:\/\/online.kekesreka.com\/en\/wp-json\/wp\/v2\/product\/6297\/revisions"}],"predecessor-version":[{"id":27367,"href":"https:\/\/online.kekesreka.com\/en\/wp-json\/wp\/v2\/product\/6297\/revisions\/27367"}],"wp:featuredmedia":[{"embeddable":true,"href":"https:\/\/online.kekesreka.com\/en\/wp-json\/wp\/v2\/media\/19117"}],"wp:attachment":[{"href":"https:\/\/online.kekesreka.com\/en\/wp-json\/wp\/v2\/media?parent=6297"}],"wp:term":[{"taxonomy":"product_brand","embeddable":true,"href":"https:\/\/online.kekesreka.com\/en\/wp-json\/wp\/v2\/product_brand?post=6297"},{"taxonomy":"product_cat","embeddable":true,"href":"https:\/\/online.kekesreka.com\/en\/wp-json\/wp\/v2\/product_cat?post=6297"},{"taxonomy":"product_tag","embeddable":true,"href":"https:\/\/online.kekesreka.com\/en\/wp-json\/wp\/v2\/product_tag?post=6297"}],"curies":[{"name":"wp","href":"https:\/\/api.w.org\/{rel}","templated":true}]}}