{"id":6299,"date":"2022-09-05T21:45:09","date_gmt":"2022-09-05T19:45:09","guid":{"rendered":"https:\/\/online.kekesreka.com\/termek\/szexualis-gyokereink-az-osztonoktol-a-tudatossagig\/"},"modified":"2025-07-05T22:32:16","modified_gmt":"2025-07-05T20:32:16","slug":"szexualis-gyokereink-az-osztonoktol-a-tudatossagig","status":"publish","type":"product","link":"https:\/\/online.kekesreka.com\/en\/termek\/szexualis-gyokereink-az-osztonoktol-a-tudatossagig\/","title":{"rendered":"Szexu\u00e1lis Gy\u00f6kereink \u2013 Az \u00d6szt\u00f6n\u00f6kt\u0151l a Tudatoss\u00e1gig"},"content":{"rendered":"","protected":false},"excerpt":{"rendered":"<p class=\"ai-optimize-18\">Vajon mennyire vagyunk urai a szexualit\u00e1sunknak? Motiv\u00e1ci\u00f3ink honnan erednek \u00e9s k\u00e9sztetnek minket arra, hogy intim kapcsolatba ker\u00fclj\u00fcnk m\u00e1sokkal? Szexu\u00e1lis term\u00e9szet\u00fcnk \u00e9s az \u00e1llatvil\u00e1ghoz kapcsol\u00f3d\u00f3 m\u00faltunk hogyan befoly\u00e1solja a p\u00e1rv\u00e1laszt\u00e1sunkat?<\/p>\n<p class=\"ai-optimize-19\">A hanganyag alapj\u00e1ul szolg\u00e1l\u00f3 el\u0151ad\u00e1s azon a nyomvonalon halad, hogy tiszt\u00e1zza, hol is van a hat\u00e1r a szexu\u00e1lis \u00f6szt\u00f6n\u00f6k \u00e9s tudatos v\u00e1laszt\u00e1sok k\u00f6z\u00f6tt. Hogyan ismerhetj\u00fck fel \u00e1llati term\u00e9szet\u00fcnk arcait, \u00e9s ker\u00fclhetj\u00fck el azt a bels\u0151 konfliktust, amit a test\u00fcnk \u00e9s fej\u00fcnk dikt\u00e1l?<\/p>\n<p class=\"ai-optimize-20\">Hogyan is v\u00e1lhatunk tudatoss\u00e1 szexu\u00e1lis k\u00e9sztet\u00e9seinkben, \u00e9s v\u00e1lhatunk erotikus er\u0151nk \u00e9s potenci\u00e1lunk vezet\u0151j\u00e9v\u00e9 ahelyett, hogy az felem\u00e9sztene minket?<\/p>\n<div class=\"\" data-block=\"true\" data-editor=\"d97vk\" data-offset-key=\"58p5o-0-0\">\n<div class=\"_1mf _1mj\" data-offset-key=\"58p5o-0-0\"><span data-offset-key=\"58p5o-0-0\">Az el\u0151ad\u00e1st tartja: K\u00e9kes R\u00e9ka intimit\u00e1soktat\u00f3<\/span><\/div>\n<\/div>","protected":false},"featured_media":19108,"template":"","meta":{"_acf_changed":false},"product_brand":[],"product_cat":[115],"product_tag":[],"class_list":{"0":"post-6299","1":"product","2":"type-product","3":"status-publish","4":"has-post-thumbnail","6":"product_cat-hanganyag","8":"first","9":"instock","10":"downloadable","11":"virtual","12":"sold-individually","13":"taxable","14":"purchasable","15":"product-type-simple"},"acf":[],"_links":{"self":[{"href":"https:\/\/online.kekesreka.com\/en\/wp-json\/wp\/v2\/product\/6299","targetHints":{"allow":["GET"]}}],"collection":[{"href":"https:\/\/online.kekesreka.com\/en\/wp-json\/wp\/v2\/product"}],"about":[{"href":"https:\/\/online.kekesreka.com\/en\/wp-json\/wp\/v2\/types\/product"}],"version-history":[{"count":3,"href":"https:\/\/online.kekesreka.com\/en\/wp-json\/wp\/v2\/product\/6299\/revisions"}],"predecessor-version":[{"id":27357,"href":"https:\/\/online.kekesreka.com\/en\/wp-json\/wp\/v2\/product\/6299\/revisions\/27357"}],"wp:featuredmedia":[{"embeddable":true,"href":"https:\/\/online.kekesreka.com\/en\/wp-json\/wp\/v2\/media\/19108"}],"wp:attachment":[{"href":"https:\/\/online.kekesreka.com\/en\/wp-json\/wp\/v2\/media?parent=6299"}],"wp:term":[{"taxonomy":"product_brand","embeddable":true,"href":"https:\/\/online.kekesreka.com\/en\/wp-json\/wp\/v2\/product_brand?post=6299"},{"taxonomy":"product_cat","embeddable":true,"href":"https:\/\/online.kekesreka.com\/en\/wp-json\/wp\/v2\/product_cat?post=6299"},{"taxonomy":"product_tag","embeddable":true,"href":"https:\/\/online.kekesreka.com\/en\/wp-json\/wp\/v2\/product_tag?post=6299"}],"curies":[{"name":"wp","href":"https:\/\/api.w.org\/{rel}","templated":true}]}}