{"id":6301,"date":"2022-08-23T12:58:29","date_gmt":"2022-08-23T10:58:29","guid":{"rendered":"https:\/\/online.kekesreka.com\/termek\/szexualis-vagydinamikak\/"},"modified":"2025-07-05T22:36:19","modified_gmt":"2025-07-05T20:36:19","slug":"szexualis-vagydinamikak","status":"publish","type":"product","link":"https:\/\/online.kekesreka.com\/en\/termek\/szexualis-vagydinamikak\/","title":{"rendered":"Szexu\u00e1lis V\u00e1gydinamik\u00e1k"},"content":{"rendered":"","protected":false},"excerpt":{"rendered":"<p class=\"ai-optimize-17\">Szexualit\u00e1sunk, valamint az abb\u00f3l fakad\u00f3 v\u00e1gymotiv\u00e1ci\u00f3ink sokkal m\u00e9lyebben gy\u00f6kereznek, mint azt hinn\u00e9nk. Az \u00e1llati \u00e9s emberi fejl\u0151d\u00e9s \u00e1ltal kialakult szaporod\u00e1si \u00e9s k\u00f6t\u0151d\u00e9si \u00f6szt\u00f6n\u00f6k hat\u00e1rozz\u00e1k meg, hogy kivel \u00e9s milyen sz\u00e1nd\u00e9kkal teremt\u00fcnk szexu\u00e1lis kapcsolatot, \u00e9s milyen szok\u00e1sokat alak\u00edtunk ki \u00e1ltaluk.<\/p>\n<p class=\"ai-optimize-18\">Ez az \u00e9l\u0151 el\u0151ad\u00e1st r\u00f6gz\u00edtett hanganyag abban seg\u00edthet neked, hogy eligazodj a benned fel\u00e9bred\u0151 szexu\u00e1lis \u00f6szt\u00f6n\u00f6k \u00e9s vonzalmak m\u00f6g\u00f6tt megh\u00faz\u00f3d\u00f3 sz\u00e1nd\u00e9kok \u00e9s motiv\u00e1ci\u00f3k felismer\u00e9s\u00e9ben \u00e9s tudatos\u00edt\u00e1s\u00e1ban, valamint abban is, hogy megismerve szexu\u00e1lis k\u00e9sztet\u00e9seid \u00e9s hajt\u00f3er\u0151id, k\u00e9pess\u00e9 v\u00e1lj azok kifejez\u00e9s\u00e9re, szexu\u00e1lis sz\u00fcks\u00e9gleteid val\u00f3di felv\u00e1llal\u00e1s\u00e1ra.<\/p>\n<p class=\"ai-optimize-19\">Ahhoz ad megb\u00edzhat\u00f3 t\u00e1mpontokat, hogy bels\u0151 szexu\u00e1lis \u00e9s \u00f6szt\u00f6n\u00f6s k\u00e9sztet\u00e9seid r\u00e9tegeinek \u00e1ttekint\u00e9se \u00e1ltal alkalmass\u00e1 v\u00e1lj v\u00e1gyaid k\u00e9pviselet\u00e9re, szexu\u00e1lis tudatszintjeid emel\u00e9s\u00e9re \u00e9s gondoz\u00e1s\u00e1ra, \u00e9s term\u00e9szetesen a sz\u00e1modra megfelel\u0151 intim kapcsolati hozz\u00e1\u00e1ll\u00e1sra.<\/p>\n<p class=\"ai-optimize-20\">A hanganyag seg\u00edt letiszt\u00e1zni, hogy milyen szexu\u00e1lis szok\u00e1sokat \u00e9s attit\u0171d\u00f6ket \u00e9rdemes kifejleszteni \u00e9s megtartani, melyek hossz\u00fa t\u00e1von t\u00e1mogatnak minket, illetve melyek azok a f\u00fcgg\u0151s\u00e9gek, rutinok \u00e9s s\u00e9r\u00fcl\u00e9sek, amik olyan hi\u00e1ny alap\u00fa vonzalmak, melyek \u00e1ltal nem tudunk biztons\u00e1gos, \u00e9l\u0151, stabil \u00e9s f\u00fcggetlen kapcsolati dinamik\u00e1kat fenntartani.<\/p>\n<p class=\"ai-optimize-21\">L\u00e9gy te is a tudatos intimit\u00e1s \u00e9s szexualit\u00e1s \u00fajszer\u0171 n\u00e9z\u0151pontjainak k\u00e9pvisel\u0151je \u00e9s megteremt\u0151je!<\/p>\n<p class=\"ai-optimize-22\">El\u0151ad\u00f3: K\u00e9kes R\u00e9ka szomato \u00e9s szexu\u00e1l coach<\/p>","protected":false},"featured_media":19119,"template":"","meta":{"_acf_changed":false},"product_brand":[],"product_cat":[115],"product_tag":[],"class_list":{"0":"post-6301","1":"product","2":"type-product","3":"status-publish","4":"has-post-thumbnail","6":"product_cat-hanganyag","8":"first","9":"instock","10":"downloadable","11":"virtual","12":"sold-individually","13":"taxable","14":"purchasable","15":"product-type-simple"},"acf":[],"_links":{"self":[{"href":"https:\/\/online.kekesreka.com\/en\/wp-json\/wp\/v2\/product\/6301","targetHints":{"allow":["GET"]}}],"collection":[{"href":"https:\/\/online.kekesreka.com\/en\/wp-json\/wp\/v2\/product"}],"about":[{"href":"https:\/\/online.kekesreka.com\/en\/wp-json\/wp\/v2\/types\/product"}],"version-history":[{"count":3,"href":"https:\/\/online.kekesreka.com\/en\/wp-json\/wp\/v2\/product\/6301\/revisions"}],"predecessor-version":[{"id":27366,"href":"https:\/\/online.kekesreka.com\/en\/wp-json\/wp\/v2\/product\/6301\/revisions\/27366"}],"wp:featuredmedia":[{"embeddable":true,"href":"https:\/\/online.kekesreka.com\/en\/wp-json\/wp\/v2\/media\/19119"}],"wp:attachment":[{"href":"https:\/\/online.kekesreka.com\/en\/wp-json\/wp\/v2\/media?parent=6301"}],"wp:term":[{"taxonomy":"product_brand","embeddable":true,"href":"https:\/\/online.kekesreka.com\/en\/wp-json\/wp\/v2\/product_brand?post=6301"},{"taxonomy":"product_cat","embeddable":true,"href":"https:\/\/online.kekesreka.com\/en\/wp-json\/wp\/v2\/product_cat?post=6301"},{"taxonomy":"product_tag","embeddable":true,"href":"https:\/\/online.kekesreka.com\/en\/wp-json\/wp\/v2\/product_tag?post=6301"}],"curies":[{"name":"wp","href":"https:\/\/api.w.org\/{rel}","templated":true}]}}