{"id":6303,"date":"2022-09-05T21:53:28","date_gmt":"2022-09-05T19:53:28","guid":{"rendered":"https:\/\/online.kekesreka.com\/termek\/iranyok-a-szexorultsegeken-tul\/"},"modified":"2025-07-05T22:31:24","modified_gmt":"2025-07-05T20:31:24","slug":"iranyok-a-szexorultsegeken-tul","status":"publish","type":"product","link":"https:\/\/online.kekesreka.com\/en\/termek\/iranyok-a-szexorultsegeken-tul\/","title":{"rendered":"Ir\u00e1nyok a Szex\u0151r\u00fclts\u00e9geken T\u00fal"},"content":{"rendered":"","protected":false},"excerpt":{"rendered":"<p class=\"ai-optimize-17\">A szex hatalom\u2026 A szex intimit\u00e1s\u2026 A szex p\u00e9nz\u2026 A szex szerelem\u2026 A szex biztons\u00e1g\u2026 A szex kapcsolat\u2026 A szex spiritu\u00e1lis felemelked\u00e9s\u2026 A szex gy\u00f3gy\u00edt\u00e1s\u2026 A szex lelki \u00f6sszeolvad\u00e1s\u2026 A szex gyereknemz\u00e9s\u2026 A szex csoda\u2026 A szex\u2026. Hmmm\u2026 \u00c1lljunk meg egy picit!<\/p>\n<p class=\"ai-optimize-18\">Lehetne a szex csak \u00f6nmag\u00e1ban az, ami? Egy j\u00f3les\u0151 \u00e9s \u00e9lvezetes t\u00f6ltekez\u00e9s \u00e9s jelenl\u00e9t a pillanat t\u00f6k\u00e9letes \u00e9s nemes egyszer\u0171s\u00e9g\u00e9ben? \u00c9rint\u00e9s\u2026 \u00f6lel\u00e9s\u2026 cs\u00f3k\u2026 befogad\u00e1s\u2026 orgazmus\u2026 gy\u00f6ny\u00f6rteli s\u00f3haj\u2026 hint\u00e1z\u00e1s\u2026 paskol\u00e1s\u2026 energiahull\u00e1mok\u2026 kiterjed\u00e9s\u2026 l\u00fcktet\u0151\u00a0pupill\u00e1k\u2026 kifinomult \u00e9s fel\u00e9bredt \u00e9rz\u00e9kel\u00e9s?<\/p>\n<p class=\"ai-optimize-19\">Hajland\u00f3 vagy elengedni az ellen\u00e1ll\u00e1sod, ragaszkod\u00e1sod, hiedelmeid, kapaszkod\u00f3id, elk\u00fcl\u00f6n\u00fcl\u00e9sed, negativit\u00e1sod \u00e9s minden \u0151r\u00fclt korl\u00e1toz\u00e1sod, \u00e9s tiszt\u00e1n r\u00e1n\u00e9zni a szexre an\u00e9lk\u00fcl, hogy valamit hozz\u00e1tenn\u00e9l, kinagy\u00edtan\u00e1l, megm\u00e1s\u00edtan\u00e1l, \u00f6sszemosn\u00e1l, elfojtan\u00e1l, t\u00falp\u00f6r\u00f6gn\u00e9l, semmiss\u00e9 tenn\u00e9l, ledegrad\u00e1ln\u00e1l, vagy ki tudja, m\u00e9g mit? Hajland\u00f3v\u00e1 tenn\u00e9d magad arra, hogy szemben\u00e9zz a szex m\u00e9rhetetlen\u00fcl t\u00e1g spektrum\u00fa, egyszer\u0171 \u00e9s szabad vil\u00e1g\u00e1val? K\u00e9pes lenn\u00e9l fejben lemeztelenedni, \u00e9s a szex t\u00e9m\u00e1j\u00e1t a val\u00f3s\u00e1g \u00e9rz\u00e9kel\u00e9s\u00e9nek tisztas\u00e1g\u00e1ban k\u00f6nnyed\u00e9n befogadni?<\/p>\n<p class=\"ai-optimize-20\">Ahhoz, hogy r\u00e1n\u00e9zz\u00fcnk a szex val\u00f3s\u00e1g\u00e1ra, el\u0151sz\u00f6r r\u00e1tekint\u00fcnk a szex nem val\u00f3dis\u00e1g\u00e1ra. Az el\u0151ad\u00e1son, melyr\u0151l ez a hanganyag k\u00e9sz\u00fclt, keress\u00fck azokat az utakat, mely k\u00f6zelebb visz minket ahhoz, hogy mi az, ami nem szex, mi az, ami t\u00e1vol tart minket \u00e9s elk\u00fcl\u00f6n\u00edt a val\u00f3s szexualit\u00e1sunkt\u00f3l. Milyen szem\u00e9lyes \u00e9s kollekt\u00edv t\u00e9vhiteink, elk\u00e9pzel\u00e9seink, k\u00f6vetkeztet\u00e9seink \u00e9s hiteink vannak, amit mi sem hinn\u00e9nk el magunknak, ha \u00e9berek \u00e9s tudatosak lenn\u00e9nk.<\/p>\n<p class=\"ai-optimize-21\">L\u00e9gy te is az intimit\u00e1s \u00e9s szexualit\u00e1s \u00faj n\u00e9z\u0151pontjainak felfedez\u0151je \u00e9s teremt\u0151je!<\/p>\n<p class=\"ai-optimize-22\">Id\u0151tartam: 120p<\/p>","protected":false},"featured_media":11229,"template":"","meta":{"_acf_changed":false},"product_brand":[],"product_cat":[115],"product_tag":[],"class_list":{"0":"post-6303","1":"product","2":"type-product","3":"status-publish","4":"has-post-thumbnail","6":"product_cat-hanganyag","8":"first","9":"instock","10":"downloadable","11":"virtual","12":"sold-individually","13":"taxable","14":"purchasable","15":"product-type-simple"},"acf":[],"_links":{"self":[{"href":"https:\/\/online.kekesreka.com\/en\/wp-json\/wp\/v2\/product\/6303","targetHints":{"allow":["GET"]}}],"collection":[{"href":"https:\/\/online.kekesreka.com\/en\/wp-json\/wp\/v2\/product"}],"about":[{"href":"https:\/\/online.kekesreka.com\/en\/wp-json\/wp\/v2\/types\/product"}],"version-history":[{"count":2,"href":"https:\/\/online.kekesreka.com\/en\/wp-json\/wp\/v2\/product\/6303\/revisions"}],"predecessor-version":[{"id":27356,"href":"https:\/\/online.kekesreka.com\/en\/wp-json\/wp\/v2\/product\/6303\/revisions\/27356"}],"wp:featuredmedia":[{"embeddable":true,"href":"https:\/\/online.kekesreka.com\/en\/wp-json\/wp\/v2\/media\/11229"}],"wp:attachment":[{"href":"https:\/\/online.kekesreka.com\/en\/wp-json\/wp\/v2\/media?parent=6303"}],"wp:term":[{"taxonomy":"product_brand","embeddable":true,"href":"https:\/\/online.kekesreka.com\/en\/wp-json\/wp\/v2\/product_brand?post=6303"},{"taxonomy":"product_cat","embeddable":true,"href":"https:\/\/online.kekesreka.com\/en\/wp-json\/wp\/v2\/product_cat?post=6303"},{"taxonomy":"product_tag","embeddable":true,"href":"https:\/\/online.kekesreka.com\/en\/wp-json\/wp\/v2\/product_tag?post=6303"}],"curies":[{"name":"wp","href":"https:\/\/api.w.org\/{rel}","templated":true}]}}