{"id":6305,"date":"2022-09-05T22:01:31","date_gmt":"2022-09-05T20:01:31","guid":{"rendered":"https:\/\/online.kekesreka.com\/termek\/tobbszerelmuseg-az-onismeret-utja\/"},"modified":"2025-07-05T22:31:12","modified_gmt":"2025-07-05T20:31:12","slug":"tobbszerelmuseg-az-onismeret-utja","status":"publish","type":"product","link":"https:\/\/online.kekesreka.com\/en\/termek\/tobbszerelmuseg-az-onismeret-utja\/","title":{"rendered":"T\u00f6bbszerelm\u0171s\u00e9g \u00e9s \u00d6nismeret"},"content":{"rendered":"","protected":false},"excerpt":{"rendered":"<p class=\"ai-optimize-17\">A kapcsolat t\u00fck\u00f6r \u2013 potenci\u00e1ljaink \u00e9s hi\u00e1nyoss\u00e1gaink visszat\u00fckr\u00f6z\u0151d\u00e9se. A kapcsolati dinamik\u00e1ink tudatos\u00edt\u00e1s\u00e1n, negat\u00edv \u00e9s pozit\u00edv mint\u00e1ink felt\u00e9rk\u00e9pez\u00e9s\u00e9n kereszt\u00fcl meg\u00e9rthetj\u00fck cselekedeteink m\u00f6g\u00f6tt megh\u00faz\u00f3d\u00f3 szok\u00e1sainkat, sz\u00fcks\u00e9gleteinket, hat\u00e1rainkat \u2013 \u00e9s \u00f6nmagunk tudatos felfedez\u0151iv\u00e9, l\u00e9ny\u00fcnk \u0151szinte megismer\u0151iv\u00e9 v\u00e1lhatunk.<\/p>\n<p class=\"ai-optimize-18\">Ez az el\u0151ad\u00e1s szeretn\u00e9 megismertetni azokat a szabad kapcsolati strukt\u00far\u00e1kat \u00e9s modelleket, melyek meghaladva a t\u00e1rsadalmi konvencion\u00e1lis \u00e9s normat\u00edv kapcsolati korl\u00e1tokat \u2013 az \u0151szintes\u00e9g, \u00f6nszeretet \u00e9s \u00f6nelfogad\u00e1s \u00fatj\u00e1n kereszt\u00fcl eljuttathatnak minket intim, erotikus \u00e9s szexu\u00e1lis egy\u00e9nis\u00e9g\u00fcnk term\u00e9szetes \u00e1llapotaihoz, valamint azok teljes felv\u00e1llal\u00e1s\u00e1hoz.<\/p>\n<p class=\"ai-optimize-19\">A let\u00f6lthet\u0151 hanganyag a Poliamoria Fesztiv\u00e1l keret\u00e9n bel\u00fcl k\u00e9sz\u00fclt, melyen K\u00e9kes R\u00e9ka m\u00e1sf\u00e9l \u00e9vtizednyi szem\u00e9lyes t\u00f6rt\u00e9net\u00e9t \u00e9s szakmai tapasztalat\u00e1t megosztva mes\u00e9lt a kapcsolati l\u00e9lekfejl\u0151d\u00e9s szintjeir\u0151l, a benne rejl\u0151 lehet\u0151s\u00e9gekr\u0151l \u00e9s kih\u00edv\u00e1sokr\u00f3l \u2013 a szabad szerelem meg\u00e9l\u00e9s\u00e9hez elengedhetetlen \u00f6nismeret, b\u00e1tors\u00e1g, sebezhet\u0151s\u00e9g \u00e9s tudatoss\u00e1g fontoss\u00e1g\u00e1r\u00f3l.<\/p>","protected":false},"featured_media":19123,"template":"","meta":{"_acf_changed":false},"product_brand":[],"product_cat":[115],"product_tag":[],"class_list":{"0":"post-6305","1":"product","2":"type-product","3":"status-publish","4":"has-post-thumbnail","6":"product_cat-hanganyag","8":"first","9":"instock","10":"downloadable","11":"virtual","12":"sold-individually","13":"taxable","14":"purchasable","15":"product-type-simple"},"acf":[],"_links":{"self":[{"href":"https:\/\/online.kekesreka.com\/en\/wp-json\/wp\/v2\/product\/6305","targetHints":{"allow":["GET"]}}],"collection":[{"href":"https:\/\/online.kekesreka.com\/en\/wp-json\/wp\/v2\/product"}],"about":[{"href":"https:\/\/online.kekesreka.com\/en\/wp-json\/wp\/v2\/types\/product"}],"version-history":[{"count":2,"href":"https:\/\/online.kekesreka.com\/en\/wp-json\/wp\/v2\/product\/6305\/revisions"}],"predecessor-version":[{"id":27355,"href":"https:\/\/online.kekesreka.com\/en\/wp-json\/wp\/v2\/product\/6305\/revisions\/27355"}],"wp:featuredmedia":[{"embeddable":true,"href":"https:\/\/online.kekesreka.com\/en\/wp-json\/wp\/v2\/media\/19123"}],"wp:attachment":[{"href":"https:\/\/online.kekesreka.com\/en\/wp-json\/wp\/v2\/media?parent=6305"}],"wp:term":[{"taxonomy":"product_brand","embeddable":true,"href":"https:\/\/online.kekesreka.com\/en\/wp-json\/wp\/v2\/product_brand?post=6305"},{"taxonomy":"product_cat","embeddable":true,"href":"https:\/\/online.kekesreka.com\/en\/wp-json\/wp\/v2\/product_cat?post=6305"},{"taxonomy":"product_tag","embeddable":true,"href":"https:\/\/online.kekesreka.com\/en\/wp-json\/wp\/v2\/product_tag?post=6305"}],"curies":[{"name":"wp","href":"https:\/\/api.w.org\/{rel}","templated":true}]}}